{"id":1687,"date":"2014-08-20T15:38:37","date_gmt":"2014-08-20T15:38:37","guid":{"rendered":"http:\/\/www.rfv-huenfeld.de\/wp\/?page_id=1687"},"modified":"2018-01-26T13:39:00","modified_gmt":"2018-01-26T13:39:00","slug":"turnier-2014","status":"publish","type":"page","link":"https:\/\/www.rfv-huenfeld.de\/wp\/?page_id=1687","title":{"rendered":"Turniere 2014"},"content":{"rendered":"<p><a href=\"https:\/\/www.rfv-huenfeld.de\/wp\/wp-content\/uploads\/2013\/10\/Banner-Turnier2014.jpg\"><img loading=\"lazy\" decoding=\"async\" class=\"alignleft wp-image-1536\" src=\"https:\/\/www.rfv-huenfeld.de\/wp\/wp-content\/uploads\/2013\/10\/Banner-Turnier2014.jpg\" alt=\"Druck\" width=\"591\" height=\"122\" srcset=\"https:\/\/www.rfv-huenfeld.de\/wp\/wp-content\/uploads\/2013\/10\/Banner-Turnier2014.jpg 960w, https:\/\/www.rfv-huenfeld.de\/wp\/wp-content\/uploads\/2013\/10\/Banner-Turnier2014-300x61.jpg 300w\" sizes=\"auto, (max-width: 591px) 100vw, 591px\" \/><\/a><\/p>\n<p>&nbsp;<\/p>\n<p>&nbsp;<\/p>\n<p><span style=\"color: #0000ff;\"><strong><span style=\"font-family: arial,helvetica,sans-serif; font-size: 12pt;\">1. Turnierwochenende vom Freitag, den 08-08 bis Sonntag, den 10-08-2014<br \/>\n<span style=\"font-size: 10pt; color: #ff0000;\">Hier k\u00f6nnt Ihr den Pressebericht Fuldaerzeitung\/ H\u00fcnfelder Zeitung vom 12-08-2014 lesen und downloaden:<\/span><br \/>\n<a href=\"https:\/\/www.rfv-huenfeld.de\/wp\/wp-content\/uploads\/2013\/10\/Pressebericht-Turnier-20140808-10.pdf\" target=\"_blank\" rel=\"noopener\">Pressebericht-Turnier-20140808-10<\/a><br \/>\n<\/span><\/strong><\/span><\/p>\n<p><span style=\"color: #0000ff;\"><strong><span style=\"font-family: arial,helvetica,sans-serif; font-size: 12pt;\">2. Turnierwochenende vom Freitag, den 15-08 bis Sonntag, den 17-08-2014<br \/>\n<span style=\"color: #0000ff;\"><strong><span style=\"font-family: arial,helvetica,sans-serif; font-size: 12pt;\"><span style=\"font-size: 10pt; color: #ff0000;\">Hier k\u00f6nnt Ihr den Pressebericht Fuldaerzeitung\/ H\u00fcnfelder Zeitung vom 19-08-2014 lesen und downloaden:<\/span><\/span><\/strong><\/span><br \/>\n<a href=\"https:\/\/www.rfv-huenfeld.de\/wp\/wp-content\/uploads\/2013\/10\/Pressebericht-Turnier-20140815-17.pdf\" target=\"_blank\" rel=\"noopener\">Pressebericht-Turnier-20140815-17<\/a><br \/>\n<span style=\"color: #0000ff;\"><strong><span style=\"font-family: arial,helvetica,sans-serif; font-size: 12pt;\"><span style=\"color: #0000ff;\"><strong><span style=\"font-family: arial,helvetica,sans-serif; font-size: 12pt;\"><span style=\"font-size: 10pt; color: #ff0000;\">Weiterhin k\u00f6nnt Ihr hier bei www.klicks-by-kiel.de die Bilder ansehen:<br \/>\n<\/span><\/span><\/strong><\/span><\/span><\/strong><\/span><span style=\"color: #0000ff;\"><strong><span style=\"font-family: arial,helvetica,sans-serif; font-size: 12pt;\"><a title=\"Bilder vom 2. Turnierwochenende \" href=\"http:\/\/klicks-by-kiel.de\/?page_id=262\" target=\"_blank\" rel=\"noopener\">www.klicks-by-kiel.de<\/a><\/span><\/strong><\/span><br \/>\n<\/span><\/strong><\/span><\/p>\n<p>&nbsp;<\/p>\n<p><span style=\"color: #ff0000; font-family: arial black,avant garde; font-size: 12pt;\">Hier folgende Helfer- Termine f\u00fcr die anfallenden Arbeiten der beiden Turniere.<\/span><\/p>\n<p><strong><span style=\"font-size: 10pt;\">Samstag, den 12-07-2014 ab 10:00 Uhr; Gel\u00e4ndehindernisse bauen<\/span> <\/strong>(handwerklich begabte Helfer sind sehr willkommen).<br \/>\n<strong><span style=\"font-size: 10pt;\">Samstag, den 26-07-2014 ab 10:00 Uhr; Gel\u00e4ndehindernisse bauen<\/span> <\/strong>(handwerklich begabte Helfer sind sehr willkommen).<br \/>\n<strong><span style=\"font-size: 10pt;\">Samstag, den 02-08-2014 ab 10:00 Uhr; Gel\u00e4ndehindernisse bauen<\/span> <\/strong>(handwerklich begabte Helfer sind sehr willkommen).<\/p>\n<p><span style=\"font-size: 10pt;\"><strong>Dienstag, den 05-08-2014 ab 17:00Uhr Hindernisse fahren<\/strong><\/span><br \/>\n<span style=\"font-size: 10pt;\"><strong>Mittwoch, den 06-08.2014 ab 17:00Uhr Zeltaufbau<\/strong><\/span><br \/>\n<span style=\"font-size: 10pt;\"><strong>Donnerstag, den 07-08.2014 ab 11:00Uhr Technikaufbau<\/strong><\/span><\/p>\n<p><span style=\"font-size: 10pt;\"><strong>Montag, den 18.08.2014 ab 10:00Uhr Zelt ausr\u00e4umen und ab ca. 16:00Uhr Zelt abbauen<\/strong><\/span><br \/>\n<span style=\"font-size: 10pt;\"><strong>Dienstag, den 19.08.2014 Restarbeiten wie Hindernisse abbauen etc.<\/strong><\/span><\/p>\n<p>&nbsp;<\/p>\n<p>Hier die genehmigte Ausschreibung vom 1. Turnierwochenende zum Download&#8230;&#8230;.<br \/>\n<a href=\"https:\/\/www.rfv-huenfeld.de\/wp\/wp-content\/uploads\/2013\/10\/scan-genehmigte-Ausschreibung-08-10-08-2014.pdf\" target=\"_blank\" rel=\"noopener\">scan-genehmigte-Ausschreibung-08-10-08-2014<\/a><br \/>\n<a href=\"https:\/\/www.rfv-huenfeld.de\/wp\/wp-content\/uploads\/2013\/10\/Zeiteinteilung-Hunfeld-08-09_08_2014.pdf\" target=\"_blank\" rel=\"noopener\">Zeiteinteilung-Hunfeld-08-09_08_2014<\/a><\/p>\n<p>Hier die genehmigte Ausschreibung vom 2. Turnierwochenende zum Download&#8230;&#8230;.<br \/>\n<a href=\"https:\/\/www.rfv-huenfeld.de\/wp\/wp-content\/uploads\/2013\/10\/scan-genehmigte-Ausschreibung-16-17-08-2014.pdf\" target=\"_blank\" rel=\"noopener\">scan-genehmigte-Ausschreibung-16-17-08-2014<\/a><br \/>\n<a href=\"https:\/\/www.rfv-huenfeld.de\/wp\/wp-content\/uploads\/2013\/10\/ZeiteinteilungH\u00fcnfeld2014-Vielseitigkeit-20140805.pdf\" target=\"_blank\" rel=\"noopener\">ZeiteinteilungH\u00fcnfeld2014-Vielseitigkeit-20140805<\/a><\/p>\n<p>F\u00fcr ausw\u00e4rtige Teilnehmer, die gerne hier einstallen m\u00f6chten, haben wir ein paar Adressen von Reitst\u00e4llen in der n\u00e4heren Umgebung angefragt&#8230;&#8230;..<br \/>\n<a href=\"https:\/\/www.rfv-huenfeld.de\/wp\/wp-content\/uploads\/2013\/10\/Unterstellm\u00f6glichkeiten-Turnier-2014.pdf\" target=\"_blank\" rel=\"noopener\">Unterstellm\u00f6glichkeiten-Turnier-2014<\/a><\/p>\n<p>Ab Samstag, den 05-07-2014 h\u00e4ngen die Helferlisten sowie die Kuchenspendenlisten am &#8222;schwarzen Brett&#8220; im Reitstall. Damit Ihr einen \u00dcberblick der Arbeiten und entsprechenden Zeiten habt, werden wir Euch diese Listen hier mal zum downloaden bereitstellen. Ihr k\u00f6nnt dann gerne Elke unter 0152- 05607020 anrufen, damit Sie Euch dann in die Listen eintragen kann, falls Ihr nicht in die Reithalle kommen k\u00f6nnt.<\/p>\n<p><a href=\"https:\/\/www.rfv-huenfeld.de\/wp\/wp-content\/uploads\/2013\/10\/Helferlisten-Turniere-2014.pdf\" target=\"_blank\" rel=\"noopener\">Helferlisten-Turniere-2014<\/a><br \/>\n<a href=\"https:\/\/www.rfv-huenfeld.de\/wp\/wp-content\/uploads\/2013\/10\/Liste-Kuchenspenden-Turniere-2014.pdf\" target=\"_blank\" rel=\"noopener\">Liste-Kuchenspenden-Turniere-2014<\/a><\/p>\n","protected":false},"excerpt":{"rendered":"<p>&nbsp; &nbsp; 1. Turnierwochenende vom Freitag, den 08-08 bis Sonntag, den 10-08-2014 Hier k\u00f6nnt Ihr den Pressebericht Fuldaerzeitung\/ H\u00fcnfelder Zeitung vom 12-08-2014 lesen und downloaden: Pressebericht-Turnier-20140808-10 2. Turnierwochenende vom Freitag, den 15-08 bis Sonntag, den 17-08-2014 Hier k\u00f6nnt Ihr den Pressebericht Fuldaerzeitung\/ H\u00fcnfelder Zeitung vom 19-08-2014 lesen und downloaden: Pressebericht-Turnier-20140815-17 Weiterhin k\u00f6nnt Ihr hier bei &hellip; <a href=\"https:\/\/www.rfv-huenfeld.de\/wp\/?page_id=1687\" class=\"more-link\"><span class=\"screen-reader-text\">Turniere 2014<\/span> weiterlesen <span class=\"meta-nav\">&rarr;<\/span><\/a><\/p>\n","protected":false},"author":2,"featured_media":0,"parent":1186,"menu_order":0,"comment_status":"closed","ping_status":"open","template":"","meta":{"_crdt_document":"","footnotes":""},"class_list":["post-1687","page","type-page","status-publish","hentry"],"_links":{"self":[{"href":"https:\/\/www.rfv-huenfeld.de\/wp\/index.php?rest_route=\/wp\/v2\/pages\/1687","targetHints":{"allow":["GET"]}}],"collection":[{"href":"https:\/\/www.rfv-huenfeld.de\/wp\/index.php?rest_route=\/wp\/v2\/pages"}],"about":[{"href":"https:\/\/www.rfv-huenfeld.de\/wp\/index.php?rest_route=\/wp\/v2\/types\/page"}],"author":[{"embeddable":true,"href":"https:\/\/www.rfv-huenfeld.de\/wp\/index.php?rest_route=\/wp\/v2\/users\/2"}],"replies":[{"embeddable":true,"href":"https:\/\/www.rfv-huenfeld.de\/wp\/index.php?rest_route=%2Fwp%2Fv2%2Fcomments&post=1687"}],"version-history":[{"count":8,"href":"https:\/\/www.rfv-huenfeld.de\/wp\/index.php?rest_route=\/wp\/v2\/pages\/1687\/revisions"}],"predecessor-version":[{"id":2797,"href":"https:\/\/www.rfv-huenfeld.de\/wp\/index.php?rest_route=\/wp\/v2\/pages\/1687\/revisions\/2797"}],"up":[{"embeddable":true,"href":"https:\/\/www.rfv-huenfeld.de\/wp\/index.php?rest_route=\/wp\/v2\/pages\/1186"}],"wp:attachment":[{"href":"https:\/\/www.rfv-huenfeld.de\/wp\/index.php?rest_route=%2Fwp%2Fv2%2Fmedia&parent=1687"}],"curies":[{"name":"wp","href":"https:\/\/api.w.org\/{rel}","templated":true}]}}