{"id":1701,"date":"2014-09-03T13:17:15","date_gmt":"2014-09-03T13:17:15","guid":{"rendered":"http:\/\/www.rfv-huenfeld.de\/wp\/?page_id=1701"},"modified":"2018-01-26T13:38:48","modified_gmt":"2018-01-26T13:38:48","slug":"turnier-2015","status":"publish","type":"page","link":"https:\/\/www.rfv-huenfeld.de\/wp\/?page_id=1701","title":{"rendered":"Turniere 2015"},"content":{"rendered":"<p><a href=\"https:\/\/www.rfv-huenfeld.de\/wp\/wp-content\/uploads\/2014\/09\/cropped-IMG_Turnier2015.jpg\"><img loading=\"lazy\" decoding=\"async\" class=\"alignleft wp-image-1699\" src=\"https:\/\/www.rfv-huenfeld.de\/wp\/wp-content\/uploads\/2014\/09\/cropped-IMG_Turnier2015.jpg\" alt=\"Druck\" width=\"567\" height=\"117\" srcset=\"https:\/\/www.rfv-huenfeld.de\/wp\/wp-content\/uploads\/2014\/09\/cropped-IMG_Turnier2015.jpg 960w, https:\/\/www.rfv-huenfeld.de\/wp\/wp-content\/uploads\/2014\/09\/cropped-IMG_Turnier2015-300x61.jpg 300w\" sizes=\"auto, (max-width: 567px) 100vw, 567px\" \/><\/a><\/p>\n<p>&nbsp;<\/p>\n<p>&nbsp;<\/p>\n<p><span style=\"color: #0000ff;\"><strong><span style=\"font-family: arial,helvetica,sans-serif; font-size: 12pt;\">1. Turnierwochenende vom Samstag, den 01-08 bis Sonntag, den 02-08-2015<br \/>\n<span style=\"color: #ff0000;\">VIELSEITIGKEITSTURNIER<br \/>\n<\/span><\/span><\/strong><span style=\"font-family: arial,helvetica,sans-serif; font-size: 12pt;\"><span style=\"color: #ff0000;\"><span style=\"color: #000000;\">Ausschreibung- Qualifikationspr\u00fcfungen f\u00fcr den Reiterwettbewerb (Linsenhoff-F\u00f6rderpreis) in der Frankfurter Festhalle am Hessentag 17.12.2015<\/span><\/span><\/span><strong><span style=\"font-family: arial,helvetica,sans-serif; font-size: 12pt;\"><span style=\"color: #ff0000;\"><br \/>\n<\/span><\/span><\/strong><span style=\"font-family: arial,helvetica,sans-serif; font-size: 12pt;\"><span style=\"color: #ff0000;\"><a href=\"https:\/\/www.rfv-huenfeld.de\/wp\/wp-content\/uploads\/2014\/09\/2015-04-07-15-10-Qualifikationspr\u00fcfungen-f\u00fcr-den-Reiterwettbewerb_3.pdf\" target=\"_blank\" rel=\"noopener\">2015-04-07 15-10, Qualifikationspr\u00fcfungen f\u00fcr den Reiterwettbewerb_3<\/a><\/span><\/span><\/span><br \/>\n<span style=\"font-size: 12pt;\"><a href=\"https:\/\/www.rfv-huenfeld.de\/wp\/wp-content\/uploads\/2014\/09\/Ausschreibung-Huenfeld-Vielseitigkeit-01-02-08-2015.pdf\" target=\"_blank\" rel=\"noopener\">Ausschreibung-Huenfeld-Vielseitigkeit-01-02-08-2015<br \/>\n<\/a><a href=\"https:\/\/www.rfv-huenfeld.de\/wp\/wp-content\/uploads\/2014\/09\/Zeiteinteilung-Vielseitigkeit-H\u00fcnfeld2015.pdf\" target=\"_blank\" rel=\"noopener\">Zeiteinteilung-Vielseitigkeit-H\u00fcnfeld2015<br \/>\n<\/a><a href=\"https:\/\/www.rfv-huenfeld.de\/wp\/wp-content\/uploads\/2014\/09\/FZ-HZ-vom-20150804.pdf\" target=\"_blank\" rel=\"noopener\">FZ-HZ-vom-20150804<\/a><\/span><\/p>\n<p><span style=\"color: #0000ff;\"><strong><span style=\"font-family: arial,helvetica,sans-serif; font-size: 12pt;\">2. Turnierwochenende vom Freitag, den 07-08 bis Sonntag, den 09-08-2015<\/span><\/strong><\/span><br \/>\n<span style=\"font-family: arial,helvetica,sans-serif; color: #ff0000;\"><strong><span style=\"font-size: 12pt;\">TRADITIONELLES DRESSUR &#8211; UND SPRINGTURNIER<br \/>\n<\/span><\/strong><span style=\"font-size: 12pt;\"><a href=\"https:\/\/www.rfv-huenfeld.de\/wp\/wp-content\/uploads\/2014\/09\/Ausschreibung-Huenfeld-Dressur-und-Springen-07-09-08-2015.pdf\">Ausschreibung-Huenfeld-Dressur-und-Springen-07-09-08-2015<br \/>\n<\/a><a href=\"https:\/\/www.rfv-huenfeld.de\/wp\/wp-content\/uploads\/2014\/09\/ZeiteinteilungH\u00fcnfeld2015-II-Wochenende.pdf\" target=\"_blank\" rel=\"noopener\">ZeiteinteilungH\u00fcnfeld2015-II-Wochenende<\/a><\/span><strong><span style=\"font-size: 12pt;\"><br \/>\n<\/span><\/strong><\/span><\/p>\n<p>&nbsp;<\/p>\n<p><span style=\"text-decoration: underline;\"><span style=\"color: #0000ff; font-size: 12pt;\"><strong>WBO- Turnier am 1. Mai 2015 !!!!<\/strong><\/span><\/span><\/p>\n<p><span style=\"font-size: 12pt;\">Hier die aktuelle Ausschreibung:\u00a0<a href=\"https:\/\/www.rfv-huenfeld.de\/wp\/wp-content\/uploads\/2015\/03\/WBO-1.Mai2015-20150322_.pdf\">WBO-1.Mai2015-20150322<\/a><\/span><br \/>\n<span style=\"font-size: 12pt;\"> Hier auch noch das Plakat: <a href=\"https:\/\/www.rfv-huenfeld.de\/wp\/wp-content\/uploads\/2014\/09\/Plakat-1_Mai2015-WBO-RFVHuenfeld.pdf\" target=\"_blank\" rel=\"noopener\">Plakat-1_Mai2015-WBO-RFVHuenfeld<\/a><\/span><br \/>\n<span style=\"font-size: 12pt;\"> Hier die Zeiteinteilung mit Skizze Parken <a href=\"https:\/\/www.rfv-huenfeld.de\/wp\/wp-content\/uploads\/2015\/03\/Zeiteinteilung-WBO-1.Mai-2015.pdf\" target=\"_blank\" rel=\"noopener\">Zeiteinteilung-WBO-1.Mai-2015<\/a><\/span><br \/>\n<span style=\"font-size: 12pt;\">Hier k\u00f6nnt Ihr den Pressetext sowie die Ergebnisliste herunterladen.<\/span><br \/>\n<span style=\"font-size: 12pt;\"> <a href=\"https:\/\/www.rfv-huenfeld.de\/wp\/wp-content\/uploads\/2015\/01\/Pressetext-Teil1-01-05-2015.pdf\" target=\"_blank\" rel=\"noopener\">Pressetext-Teil1-01-05-2015<\/a><\/span><br \/>\n<span style=\"font-size: 12pt;\"> <a href=\"https:\/\/www.rfv-huenfeld.de\/wp\/wp-content\/uploads\/2015\/01\/Pressetext-Teil2-Ergebnisliste-01-05-2015.pdf\" target=\"_blank\" rel=\"noopener\">Pressetext-Teil2- Ergebnisliste-01-05-2015<\/a><\/span><\/p>\n<p>&nbsp;<\/p>\n","protected":false},"excerpt":{"rendered":"<p>&nbsp; &nbsp; 1. Turnierwochenende vom Samstag, den 01-08 bis Sonntag, den 02-08-2015 VIELSEITIGKEITSTURNIER Ausschreibung- Qualifikationspr\u00fcfungen f\u00fcr den Reiterwettbewerb (Linsenhoff-F\u00f6rderpreis) in der Frankfurter Festhalle am Hessentag 17.12.2015 2015-04-07 15-10, Qualifikationspr\u00fcfungen f\u00fcr den Reiterwettbewerb_3 Ausschreibung-Huenfeld-Vielseitigkeit-01-02-08-2015 Zeiteinteilung-Vielseitigkeit-H\u00fcnfeld2015 FZ-HZ-vom-20150804 2. Turnierwochenende vom Freitag, den 07-08 bis Sonntag, den 09-08-2015 TRADITIONELLES DRESSUR &#8211; UND SPRINGTURNIER Ausschreibung-Huenfeld-Dressur-und-Springen-07-09-08-2015 ZeiteinteilungH\u00fcnfeld2015-II-Wochenende &nbsp; WBO- Turnier &hellip; <a href=\"https:\/\/www.rfv-huenfeld.de\/wp\/?page_id=1701\" class=\"more-link\"><span class=\"screen-reader-text\">Turniere 2015<\/span> weiterlesen <span class=\"meta-nav\">&rarr;<\/span><\/a><\/p>\n","protected":false},"author":2,"featured_media":0,"parent":1186,"menu_order":1,"comment_status":"closed","ping_status":"closed","template":"","meta":{"_crdt_document":"","footnotes":""},"class_list":["post-1701","page","type-page","status-publish","hentry"],"_links":{"self":[{"href":"https:\/\/www.rfv-huenfeld.de\/wp\/index.php?rest_route=\/wp\/v2\/pages\/1701","targetHints":{"allow":["GET"]}}],"collection":[{"href":"https:\/\/www.rfv-huenfeld.de\/wp\/index.php?rest_route=\/wp\/v2\/pages"}],"about":[{"href":"https:\/\/www.rfv-huenfeld.de\/wp\/index.php?rest_route=\/wp\/v2\/types\/page"}],"author":[{"embeddable":true,"href":"https:\/\/www.rfv-huenfeld.de\/wp\/index.php?rest_route=\/wp\/v2\/users\/2"}],"replies":[{"embeddable":true,"href":"https:\/\/www.rfv-huenfeld.de\/wp\/index.php?rest_route=%2Fwp%2Fv2%2Fcomments&post=1701"}],"version-history":[{"count":31,"href":"https:\/\/www.rfv-huenfeld.de\/wp\/index.php?rest_route=\/wp\/v2\/pages\/1701\/revisions"}],"predecessor-version":[{"id":2796,"href":"https:\/\/www.rfv-huenfeld.de\/wp\/index.php?rest_route=\/wp\/v2\/pages\/1701\/revisions\/2796"}],"up":[{"embeddable":true,"href":"https:\/\/www.rfv-huenfeld.de\/wp\/index.php?rest_route=\/wp\/v2\/pages\/1186"}],"wp:attachment":[{"href":"https:\/\/www.rfv-huenfeld.de\/wp\/index.php?rest_route=%2Fwp%2Fv2%2Fmedia&parent=1701"}],"curies":[{"name":"wp","href":"https:\/\/api.w.org\/{rel}","templated":true}]}}