{"id":1771,"date":"2015-01-12T16:27:42","date_gmt":"2015-01-12T16:27:42","guid":{"rendered":"http:\/\/www.rfv-huenfeld.de\/wp\/?page_id=1771"},"modified":"2016-11-25T14:02:09","modified_gmt":"2016-11-25T14:02:09","slug":"berichte-2015","status":"publish","type":"page","link":"https:\/\/www.rfv-huenfeld.de\/wp\/?page_id=1771","title":{"rendered":"Berichte 2015"},"content":{"rendered":"<p><span style=\"text-decoration: underline;\"><strong><span style=\"font-size: 10pt;\">Erfolgsliste 2015<\/span><\/strong><\/span><br \/>\nHier k\u00f6nnt Ihr die Liste der erfolgreichsten Reiter und Fahrer einsehen und downloaden.<br \/>\n<a href=\"https:\/\/www.rfv-huenfeld.de\/wp\/wp-content\/uploads\/2015\/12\/Erfolge-RFVH-2015-20160310.pdf\" target=\"_blank\" rel=\"\">Erfolge-RFVH-2015-20160310<\/a><\/p>\n<p><span style=\"text-decoration: underline; font-size: 10pt;\"><strong>DVD- Abend am Freitag, den 11.12.2015<\/strong><\/span><br \/>\nAm Freitag, den 11.12.2015 ab 18:30 Uhr gibt es zum Jahresabschlu\u00df nochmal ein DVD- Abend f\u00fcr &#8222;jung + alt&#8220;. Unsere Jugendwartin Elke Fichtinger hat den Film &#8222;Der schwarze Hengst&#8220; (Originaltitel: The Black Stallion aus dem Jahre 1979) ausgesucht. Weiterhin wird ein kleiner Kurzfilm von dem gelungenen M\u00e4rchenfest vom 01. November 2015 (produziert von Jana Malkmus) gezeigt. Eintritt und Popcorn sind nat\u00fcrlich wieder frei.<\/p>\n<p><span style=\"text-decoration: underline; font-size: 10pt;\"><strong>M\u00e4rchenfest 01. November 2015<\/strong><\/span><br \/>\nHier ein paar Bilder sowie der Pressetext:<br \/>\n<a href=\"https:\/\/www.rfv-huenfeld.de\/wp\/wp-content\/uploads\/2015\/01\/Pressetext_Marchenfest.pdf\" target=\"_blank\">Pressetext_Marchenfest<\/a><br \/>\n[album id=11 template=extend]<\/p>\n<p>Team \u201eSchneewittchen\u201c hat gewonnen<br \/>\nWunderbares M\u00e4rchenfest beim Reitverein \/ Viele Besucher in Reithalle<\/p>\n<p>Mit einem M\u00e4rchenfest haben die Reitsch\u00fcler des RFV H\u00fcnfeld begeistert und eine gro\u00dfe Zahl Zuschauer in ihren Bann gezogen. Der Clou dabei war, dass in allen f\u00fcnf Vorf\u00fchrungen die Schulpferde des Vereins, Cindy, Kiowa, Lotte, Stolly und Dusty, im Geschehen ebenfalls eine Rolle spielten und der Veranstaltung damit ein besonderes Flair gaben.<\/p>\n<p>Reitlehrerin Verena Laufer hatte die Kinder und Jugendlichen dazu animiert, aus einem selbst ausgew\u00e4hlten M\u00e4rchen eine Woche lang eine Geschichte zu entwerfen, einzustudieren und die notwendigen Utensilien zu beschaffen. So trafen sich etwa 30 begeisterte Reitsch\u00fcler eine Woche lang jeden Tag und \u00fcbten mit viel Spa\u00df und Freude mit den Pferden. Rotk\u00e4ppchen, Schneewittchen, der Wolf und die sieben Gei\u00dflein, Dornr\u00f6schen und Rapunzel wurden beim M\u00e4rchenfest schlie\u00dflich vorgetragen. Auch ein wenig Aufregung war dabei, denn viel Publikum war in die H\u00fcnfelder Reithalle gekommen, um sich\u201e bezaubern\u201c zu lassen.<\/p>\n<p>Eine Jury, bestehend aus Petra Goischke, Christina Klink und Daniela Lenk, bewertete die Vorf\u00fchrungen und w\u00e4hlten am Ende das Team mit dem M\u00e4rchen Schneewittchen als Sieger aus. Aber auch bei den anderen Akteuren wurde nicht mit Applaus gespart. Dar\u00fcber hinaus erhielt jeder Teilnehmer ein kleines Pr\u00e4sent.<\/p>\n<p>Der Nachmittag klang rustikal am Lagerfeuer bei Stockbrot und gegrillten W\u00fcrstchen aus. \u201eDie Kinder haben sich viel M\u00fche gegeben und hatten gro\u00dfen Spa\u00df beim \u00dcben\u201c, zog Verena Laufer Bilanz, die mit dieser Aktion schon die J\u00fcngsten f\u00fcr die Pferde und das Reiten begeisterte. Ihr Dank ging an alle Helfer, die hinter den Kulissen mithalfen. Der RFV H\u00fcnfeld bietet ganzj\u00e4hrig Reit- und Voltigierunterricht f\u00fcr Kinder, Jugendliche und Erwachsene an.<\/p>\n<p><span style=\"font-size: 10pt;\"><strong><span style=\"text-decoration: underline;\">2. Turnierwochenende 7.8. bis 9.8.2015<\/span><br \/>\n<\/strong>Hier der Pressetext aus der Fuldaer\/H\u00fcnfelder Zeitung:<br \/>\n<strong><a href=\"https:\/\/www.rfv-huenfeld.de\/wp\/wp-content\/uploads\/2015\/01\/FZ-HZ-vom-20150811.pdf\" target=\"_blank\">FZ-HZ-vom-20150811<\/a><\/strong><br \/>\n<\/span><\/p>\n<p>Es ist vollbracht &#8211; unser zweites Turnier, das Dressur und Springen bis zur hohen Klasse M** im Angebot hatte, fand bei herrlichem Wetter statt und zog vor allem am Sonntag die B\u00fcrger H\u00fcnfelds auf unsere sch\u00f6ne Reitanlage.<br \/>\nDer Sonntag war der Hammer &#8211; toller Sport auf beiden Pl\u00e4tzen und dazu noch ein Zuschauerfeld, das sich sehen lassen konnte. Der Applaus und die Jubelrufe f\u00fcr die Reiter rissen alle mit. Und wieder einmal hat sich unser Turniersprecher Manfred Hohmann selbst \u00fcbertroffen und brachte es wieder fertig, die Begeisterung f\u00fcr den Reitsport auch bei Nichtfachleuten zu entfachen. Die Reiter gaben ebenfalls alles und lieferten tolle Ritte in Parcours und Viereck. Unsere vielen Helfer machten auch am zweiten Turnierwochenende wieder alles m\u00f6glich, sodass wir jetzt bei auf ein zweites sch\u00f6nes Pferdefest zur\u00fcckblicken k\u00f6nnen. Danke an alle f\u00fcr die Unterst\u00fctzung!<br \/>\n[nggallery id=24]<\/p>\n<p><span style=\"font-size: 10pt;\"><strong><span style=\"text-decoration: underline;\">1. Turnierwochenende 1.8. bis 2.8.2015<\/span><br \/>\n<\/strong>Hier der Pressetext aus der Fuldaer\/H\u00fcnfelder Zeitung:<\/span><br \/>\n<strong><span style=\"font-size: 10pt;\"><a href=\"https:\/\/www.rfv-huenfeld.de\/wp\/wp-content\/uploads\/2014\/09\/FZ-HZ-vom-20150804.pdf\">FZ-HZ-vom-20150804<\/a><\/span><\/strong><\/p>\n<p>Unser erstes Turnierwochenende haben wir erfolgreich mit Jugend- und Einsteigerpr\u00fcfungen sowie einer erstmals durchgef\u00fchrten VA im Gel\u00e4nde hinter uns gebracht. Es war ein voller Erfolg \u2013 wir bekamen viel Lob von Seiten der Offiziellen aber auch der Reiter! Das macht uns stolz \u2013 Danke an alle Mitglieder, Organisatoren, Sponsoren und Helfer, ohne deren Zutun ein solches Turnier nicht durchf\u00fchrbar w\u00e4re. Allen Reitern aus den eigenen Reihen und dar\u00fcber hinaus, den Kreismeistern des KRB Fulda und Vogelsberg gratulieren wir zum Erfolg und freuen uns, wenn Ihr alle wieder kommt. Am n\u00e4chsten Wochenende 7.-9.8. geht es weiter bei uns mit tollen Sport bis zur Klasse M**\/* in Dressur und Springen und der Ermittlung der Kreismeister in den hohen Klassen! Wir freuen uns auf Euch!<br \/>\n[nggallery id=23]<\/p>\n<p><span style=\"text-decoration: underline; font-size: 10pt;\"><strong>Hengst- u. Stutenleistungspr\u00fcfung 31.7. bis 1.8.2015<\/strong><\/span><br \/>\nHier k\u00f6nnt Ihr die Preesenachricht vom VZAP herunterladen.<br \/>\n<a href=\"https:\/\/www.rfv-huenfeld.de\/wp\/wp-content\/uploads\/2015\/01\/Pressenachricht-VZAP-20150813.pdf\" target=\"_blank\">Pressenachricht-VZAP-20150813<\/a><\/p>\n<p><span style=\"text-decoration: underline;\"><strong>Reitertag \/ WBO 1. Mai 2015<\/strong><\/span><br \/>\nHier k\u00f6nnt Ihr den Pressetext sowie die Ergebnisliste herunterladen.<br \/>\n<a href=\"https:\/\/www.rfv-huenfeld.de\/wp\/wp-content\/uploads\/2015\/01\/Pressetext-Teil1-01-05-2015.pdf\" target=\"_blank\">Pressetext-Teil1-01-05-2015<\/a><br \/>\n<a href=\"https:\/\/www.rfv-huenfeld.de\/wp\/wp-content\/uploads\/2015\/01\/Pressetext-Teil2-Ergebnisliste-01-05-2015.pdf\" target=\"_blank\">Pressetext-Teil2- Ergebnisliste-01-05-2015<\/a><br \/>\nHier zwei Links zu den Turnierbildern von Barbara Kiel (www.klicks-by-kiel.de)<br \/>\nBilder Dressur: <a href=\"http:\/\/klicks-by-kiel.de\/?page_id=330&amp;album=42&amp;gallery=79\" target=\"_blank\">http:\/\/klicks-by-kiel.de\/?page_id=330&amp;album=42&amp;gallery=79<br \/>\n<\/a>Bilder Springen: <a href=\"http:\/\/klicks-by-kiel.de\/?page_id=330&amp;album=43&amp;gallery=80\" target=\"_blank\">http:\/\/klicks-by-kiel.de\/?page_id=330&amp;album=43&amp;gallery=80<\/a><\/p>\n<p>Hier ein paar Bilder diverses<br \/>\n[album id=10 template=extend]<\/p>\n<p><span style=\"text-decoration: underline;\"><strong>Jahreshauptversammlung am 27. M\u00e4rz 2015<\/strong><\/span><br \/>\nHier k\u00f6nnt Ihr den Pressetext herunterladen&#8230;.<a href=\"https:\/\/www.rfv-huenfeld.de\/wp\/wp-content\/uploads\/2015\/01\/Pressetext-Jahreshauptversammlung-27-03-2015.pdf\" target=\"_blank\">Pressetext-Jahreshauptversammlung-27-03-2015<\/a><\/p>\n<p><strong><span style=\"text-decoration: underline;\">Springlehrgang TEIL-2 vom 21. -22. M\u00e4rz 2015 mit Jens Wawrauscheck<\/span><\/strong><br \/>\nHier k\u00f6nnt Ihr den Pressetext herunterladen&#8230;..<a href=\"https:\/\/www.rfv-huenfeld.de\/wp\/wp-content\/uploads\/2015\/01\/Pressetext-Springlehrgang-Teil2.pdf\" target=\"_blank\">Pressetext-Springlehrgang-Teil2<\/a><\/p>\n<p><strong><span style=\"text-decoration: underline;\">Dressurlehrgang vom 7. &#8211; 8. M\u00e4rz 2015 mit Peter Fil\u00df<\/span><\/strong><br \/>\nHier k\u00f6nnt Ihr den Pressetext herunterladen&#8230;..<a href=\"https:\/\/www.rfv-huenfeld.de\/wp\/wp-content\/uploads\/2015\/01\/Pressetext-Dressurlehrgang-07-08-03-2015.pdf\" target=\"_blank\">Pressetext-Dressurlehrgang-07-08-03-2015<\/a><\/p>\n<p><strong><span style=\"text-decoration: underline;\">Springlehrgang vom 27. Februar bis 1. M\u00e4rz 2015 mit Jens Wawrauscheck<\/span><\/strong><br \/>\nHier k\u00f6nnt Ihr den Pressetext herunterladen&#8230;..<a href=\"https:\/\/www.rfv-huenfeld.de\/wp\/wp-content\/uploads\/2015\/01\/Pressetext-Springlehrgang-2702-01032015.pdf\" target=\"_blank\">Pressetext-Springlehrgang-2702-01032015<\/a><\/p>\n<p><strong><span style=\"text-decoration: underline;\">22.02.2015 Jugendcup in H\u00fcnfeld<\/span><\/strong><br \/>\nAm Samstag, 21.2., trafen sich die drei teilnehmenden Vereine zun\u00e4chst auf der Reitanlage Hof Optimist inTann-Hundsbach. Anne R\u00f6hner und ihre Familie und Helfer hatten alles bestens vorbereitet und auch Richter Georg Sch\u00e4fer war von der sch\u00f6nen Reitanlage angetan. Zun\u00e4chst startete das eigene Team mit den Schulpferden von Anne R\u00f6hner mit Franziska Stehling, Hannah Ruppert, Anna-Lena D\u00f6nner und Kaja K\u00fcmel und bewiesen mit einer Gesamtnote von 27,9 klar, dass sie mit ihren Schulpferden hervorragend zurecht kommen. Die H\u00fcnfelder Kinder unter Leitung von Verena Laufer mit Amelie Montag, Natalie Vornweg, Marie Keitel und Sue Ann Ungar taten sich hier etwas schwer und kamen nur auf eine Wertnote von 23,5. Das Team ist allerdings noch mit sehr jungen Reiterinnen ausgestattet, die noch ganz am Anfang ihrer reiterlichen Laufbahn stehen. Gut lief es f\u00fcr die Eiterfelder Kinder und Leitung von Yvonne Sch\u00f6n. Sie hatte Jasmin Franz, Pauline Gerhard, Marie Nattmann und Jana-Maria Hahner mitgebracht, die gut mit den Pferden zurechtkamen und eine Wertnote von 24,7 erhielten. Doch noch stand die Dressur aus, dort lieferte der Hof Optimist die volle Punktzahl von 40, H\u00fcnfeld 39 und Eiterfeld 36. Am Ende siegte klar der Gastgeber vor Eiterfeld und H\u00fcnfeld. Bei der Siegerehrung gab es Schleifen des Kreisreiterbundes Fulda und eine T\u00fcte Gummib\u00e4rchen f\u00fcr die Reiterinnen.<\/p>\n<p>Richtig spannend wurde es dann am zweiten Tag beim RFV H\u00fcnfeld. Der Verein hatte sein Reiterst\u00fcbchen angeheizt und auch f\u00fcr eine gute Bewirtung gesorgt. Zun\u00e4chst stellten die jungen Damen (Sue Ann und Josephine Ungar, Amelie Montag und Marie Keitel) des Gastgebers ihre Vereinspferde als erstes Team vor und erhielten eine Gesamtnote von 26,9. Besser lief es f\u00fcr die Eiterfelder Kinder mit Anasthasia und Isabell Schumacher, Jasmin Franz und Pauline Gerhard. Sie stellten sich gut auf die neuen Pferde ein und wurden mit der Wertnote 27,8 belohnt. Als letztes Team ritten Chiara Heinzeroth, Franziska Stehling, Hannah Ruppert und Anna-Lena D\u00e4nner vom Hof Optimist zu einer Wertnote von 26,6. Jetzt war alles offen, denn noch stand die Theoriepr\u00fcfung an und es sollte sich zeigen, wer ordentlich gelernt hat. Jeweils 38 Z\u00e4hler erhielten H\u00fcnfeld und der Hof Optimist, die Eiterfelder hatten nur 33 Punkte. \u00dcber die Tageswertung waren vor allem die H\u00fcnfelder gl\u00fccklich, die sich nach dem Reiten schon ganz am Ende der Tabelle gesehen hatten. Doch dem war nicht so: H\u00fcnfeld gewann vor Eiterfeld und dem Hof Optimist. Richterin Ute Baron gab allen mit auf den Weg, dass sie noch am Anfang ihrer reiterlichen Karriere st\u00fcnden und die Herausforderung mit unbekannten Pferden eine Pr\u00fcfung zu reiten, viel Lob verdiene. Es zeigte sich mal wieder, dass Sieg und Niederlage im Reitsport eng beieinander liegen und man auch nicht so schnell aufgeben sollte.<\/p>\n<p>Nun darf man gespannt sein, wie sich die Karten am 28.2. bei der letzten Qualifikation mischen. Getroffen wird sich diesmal auf dem Hof Hahner in der Fuldaer Stra\u00dfe in K\u00fcnzell, die Pferde stellt Yvonne Sch\u00f6n vom RFV Eiterfeld. Der Zwischenstand ist wie folgt: 351 Punkte haben der Hof Optimist, gefolgt von Eiterfeld mit 332 und H\u00fcnfeld mit 329 Punkten. Das Team mit der h\u00f6chsten Bewertung nach der dritten Qualifikation darf zum Hessenfinale am 12.4. nach Ziegenhain reisen. In K\u00fcnzell reitet zun\u00e4chst das Team aus Eiterfeld, gefolgt von Hof Optimist und H\u00fcnfeld. F\u00fcr die Bewirtung sorgt diesmal der RV Pferde St\u00e4rken Fulda.<\/p>\n<p>Wir dr\u00fccken allen Teams noch einmal ganz fest die Daumen!<\/p>\n<p><em>Termine:<\/em><br \/>\n21.02.2015 Tann- Hundsbach, Hof-Optimist, Beginn 12 Uhr \u2013 wurde ge\u00e4ndert !!!!! (urspr\u00fcnglich 14.30 Uhr), Richter Georg Sch\u00e4fer<br \/>\n22.02.2015 RFV H\u00fcnfeld, Reithalle, Beginn 11 Uhr, Richterin Ute Baron<br \/>\n28.02.2015 RFV Eiterfeld im Reitstall Hahner in Fulda-K\u00fcnzell, Beginn 13 Uhr, Richter Erik Schlaudraff<\/p>\n<p>[nggallery id=21]<\/p>\n<p><strong><span style=\"text-decoration: underline;\">17.01.2015 1. DVD- Abend im Reiterst\u00fcbchen<\/span><\/strong><br \/>\n40 Kinder, Jugendliche und Erwachsene waren der Einladung des RFV H\u00fcnfeld zum Kino- DVD- Abend gefolgt \u2013 gezeigt wurde der Film Jappeloup, der auf eindrucksvolle Weise den Weg des Franzosen Pierre Durand und seinem Pferd Jappeloup beschreibt. H\u00f6hen und Tiefen begleiten die beiden bis hin zu ihrem gr\u00f6\u00dften Erfolg, den Olympiasieg 1988 in Seoul im Springreiten (Einzel).<br \/>\nEine Botschaft gab es trotz dem hohen Unterhaltungswertes f\u00fcr alle, die aktiv den Reitsport betreiben:<\/p>\n<p><strong><span style=\"color: #0000ff;\">Wer an sich und sein Pferd glaubt, die besondere Verbindung zwischen Mensch und Tier zul\u00e4sst und einander vertraut, nicht aufgibt und im Training nachl\u00e4sst &#8211; so vermag man gemeinsam \u201eBerge zu versetzen\u201c.<\/span><\/strong><\/p>\n<p>Danke an das Organisatorenteam um Elke Fichtinger f\u00fcr einen unvergesslichen Abend und dem RFV H\u00fcnfeld f\u00fcr Popcorn, heisse W\u00fcrstchen und Getr\u00e4nke in der warmen Reiterstube.<br \/>\nWeitere Infos hier im &#8222;Pressetext&#8220; <a href=\"https:\/\/www.rfv-huenfeld.de\/wp\/wp-content\/uploads\/2015\/01\/Pressetext-DVD-Abend-17012015.pdf\">Pressetext-DVD-Abend-17012015<\/a><br \/>\nHier ein paar Bilder<br \/>\n[album id=9 template=extend]<\/p>\n<p><strong><span style=\"text-decoration: underline;\">01.01.2015 Sprung ins Neue Jahr<\/span><\/strong><br \/>\nMit einem \u201eSprung ins Neue Jahr\u201c starteten die Einstaller\/Vereinsmitglieder in der Reitanlage des RFV H\u00fcnfeld am Neujahrstag.<br \/>\nUnter der Leitung von Vorstandsmitglied Christian Laufer nahmen teil:<br \/>\nMiriam Kirsten mit Nikita<br \/>\nJana Malkmus mit La Divina<br \/>\nLaura Malkmus mit Sunlight<br \/>\nVerena Laufer mit Gina<br \/>\nLuca Fichtinger mit Napoleon<br \/>\nLars Schneemann mit Geht\u00b4s noch<\/p>\n<p>Gesprungen wurde eine Reihe mit drei Hindernissen, wobei das letzte Hindernis, eine Triple Barre, nach jeder Runde h\u00f6her geh\u00e4ngt wurde. Alle Teilnehmer mit ihren Familien und Freunden hatten viel Spa\u00df und freuen sich schon jetzt auf das neue Sportjahr.<\/p>\n","protected":false},"excerpt":{"rendered":"<p>Erfolgsliste 2015 Hier k\u00f6nnt Ihr die Liste der erfolgreichsten Reiter und Fahrer einsehen und downloaden. Erfolge-RFVH-2015-20160310 DVD- Abend am Freitag, den 11.12.2015 Am Freitag, den 11.12.2015 ab 18:30 Uhr gibt es zum Jahresabschlu\u00df nochmal ein DVD- Abend f\u00fcr &#8222;jung + alt&#8220;. Unsere Jugendwartin Elke Fichtinger hat den Film &#8222;Der schwarze Hengst&#8220; (Originaltitel: The Black Stallion &hellip; <a href=\"https:\/\/www.rfv-huenfeld.de\/wp\/?page_id=1771\" class=\"more-link\"><span class=\"screen-reader-text\">Berichte 2015<\/span> weiterlesen <span class=\"meta-nav\">&rarr;<\/span><\/a><\/p>\n","protected":false},"author":2,"featured_media":0,"parent":32,"menu_order":4,"comment_status":"closed","ping_status":"open","template":"","meta":{"_crdt_document":"","footnotes":""},"class_list":["post-1771","page","type-page","status-publish","hentry"],"_links":{"self":[{"href":"https:\/\/www.rfv-huenfeld.de\/wp\/index.php?rest_route=\/wp\/v2\/pages\/1771","targetHints":{"allow":["GET"]}}],"collection":[{"href":"https:\/\/www.rfv-huenfeld.de\/wp\/index.php?rest_route=\/wp\/v2\/pages"}],"about":[{"href":"https:\/\/www.rfv-huenfeld.de\/wp\/index.php?rest_route=\/wp\/v2\/types\/page"}],"author":[{"embeddable":true,"href":"https:\/\/www.rfv-huenfeld.de\/wp\/index.php?rest_route=\/wp\/v2\/users\/2"}],"replies":[{"embeddable":true,"href":"https:\/\/www.rfv-huenfeld.de\/wp\/index.php?rest_route=%2Fwp%2Fv2%2Fcomments&post=1771"}],"version-history":[{"count":42,"href":"https:\/\/www.rfv-huenfeld.de\/wp\/index.php?rest_route=\/wp\/v2\/pages\/1771\/revisions"}],"predecessor-version":[{"id":2028,"href":"https:\/\/www.rfv-huenfeld.de\/wp\/index.php?rest_route=\/wp\/v2\/pages\/1771\/revisions\/2028"}],"up":[{"embeddable":true,"href":"https:\/\/www.rfv-huenfeld.de\/wp\/index.php?rest_route=\/wp\/v2\/pages\/32"}],"wp:attachment":[{"href":"https:\/\/www.rfv-huenfeld.de\/wp\/index.php?rest_route=%2Fwp%2Fv2%2Fmedia&parent=1771"}],"curies":[{"name":"wp","href":"https:\/\/api.w.org\/{rel}","templated":true}]}}