{"id":1952,"date":"2015-10-13T14:57:59","date_gmt":"2015-10-13T14:57:59","guid":{"rendered":"http:\/\/www.rfv-huenfeld.de\/wp\/?page_id=1952"},"modified":"2018-12-05T12:56:48","modified_gmt":"2018-12-05T12:56:48","slug":"turniere-2016","status":"publish","type":"page","link":"https:\/\/www.rfv-huenfeld.de\/wp\/?page_id=1952","title":{"rendered":"Turniere 2016"},"content":{"rendered":"<p><span style=\"font-size: 10pt;\"><span style=\"text-decoration: underline;\"><strong><span style=\"font-size: 12pt;\">Traditionelles Spring- und Dressurturnier 12. bis 14. August 2016<\/span><br \/>\n<\/strong><\/span>Hier die genehmigte Ausschreibung zum download: <a href=\"https:\/\/www.rfv-huenfeld.de\/wp\/wp-content\/uploads\/2015\/10\/Spring-Dressurturnier-H\u00fcnfeld-2016-genehmigt.pdf\" target=\"_blank\" rel=\"noopener\">Spring-Dressurturnier-H\u00fcnfeld-2016-genehmigt<br \/>\n<\/a><\/span>Hier auch das Plakat zum downloaden: <a href=\"https:\/\/www.rfv-huenfeld.de\/wp\/wp-content\/uploads\/2015\/10\/Plakat-Reitturnier-H\u00fcnfeld_12-14-August2016.pdf\" target=\"_blank\" rel=\"noopener\">Plakat-Reitturnier-H\u00fcnfeld_12-14-August2016<\/a><br \/>\nWegen Baustelle uumbedingt Anfahrtsskizze beachten: <a href=\"https:\/\/www.rfv-huenfeld.de\/wp\/wp-content\/uploads\/2015\/10\/Anfahrtsskizze-RFV-H\u00fcnfeld-Turnier2016.pdf\" target=\"_blank\" rel=\"noopener\">Anfahrtsskizze-RFV-H\u00fcnfeld-Turnier2016<\/a><br \/>\nHier die korrigierte Zeiteinteilung vom 11-08-2016: <a href=\"https:\/\/www.rfv-huenfeld.de\/wp\/wp-content\/uploads\/2015\/10\/ZeiteinteilungH\u00fcnfeld2016-Dressur-Springen-20160811.pdf\" target=\"_blank\" rel=\"noopener\">ZeiteinteilungH\u00fcnfeld2016-Dressur-Springen-20160811<\/a><br \/>\n<em><span style=\"color: #ff0000;\">(in Pfg.Nr. 26: Aufgabe DL3 und LK- Beauftragte: Andreas Herzig)<\/span> <\/em><\/p>\n<p>Hier der Vorbericht Marktkorb vom 10.08.2016 <a href=\"https:\/\/www.rfv-huenfeld.de\/wp\/wp-content\/uploads\/2015\/10\/20160810-MK-Amtsblatt-ck.pdf\" target=\"_blank\" rel=\"noopener\">20160810-MK-Amtsblatt-ck<br \/>\n<\/a>Hier der Vorbericht aus der FZ\/HZ vom 12.08.2016: <a href=\"https:\/\/www.rfv-huenfeld.de\/wp\/wp-content\/uploads\/2015\/10\/20160812-Vorbericht-HZ.pdf\" target=\"_blank\" rel=\"noopener\">20160812-Vorbericht-HZ<\/a><br \/>\nHier der Pressebericht aus der FZ\/HZ vom 16.08.2016: <a href=\"https:\/\/www.rfv-huenfeld.de\/wp\/wp-content\/uploads\/2015\/10\/20160816-Pressebericht-HZ.pdf\" target=\"_blank\" rel=\"noopener\">20160816-Pressebericht-HZ<br \/>\n<\/a>Hier der Pressebericht aus dem Marktkorb vom 17.08.2016: <a href=\"https:\/\/www.rfv-huenfeld.de\/wp\/wp-content\/uploads\/2016\/01\/20160817-Pressebericht-MK-Nord.pdf\" target=\"_blank\" rel=\"noopener\">20160817-Pressebericht-MK-Nord<\/a><\/p>\n<p>Hier ein paar Bilder: [album id=13 template=extend]<\/p>\n<p>&nbsp;<\/p>\n<p><span style=\"text-decoration: underline; font-size: 12pt;\"><strong>Vielseitigkeitsturnier 02. bis 03. Juli 2016<br \/>\n<\/strong><\/span><\/p>\n<p><span style=\"font-size: 12pt; color: #ff0000;\"><strong>HINWEIS: Unbedingt die Anfahrtsskizze beachten -BAUSTELLE-<\/strong><\/span><\/p>\n<p><span style=\"font-size: 12pt;\"><span style=\"font-size: 10pt;\">Hier die ge\u00e4nderte (Stand: 26-04-2016) genehmigte Ausschreibung:<br \/>\n<a href=\"https:\/\/www.rfv-huenfeld.de\/wp\/wp-content\/uploads\/2015\/10\/Vielseitigkeit-H\u00fcnfeld-2016-genehmigt-ge\u00e4ndert.pdf\" target=\"_blank\" rel=\"noopener\">Vielseitigkeit-H\u00fcnfeld-2016-genehmigt-ge\u00e4ndert<\/a><br \/>\n<a href=\"https:\/\/www.rfv-huenfeld.de\/wp\/wp-content\/uploads\/2015\/10\/Unterstellm\u00f6glichkeiten-2016.pdf\" target=\"_blank\" rel=\"noopener\">Unterstellm\u00f6glichkeiten-2016<\/a><br \/>\n<a href=\"https:\/\/www.rfv-huenfeld.de\/wp\/wp-content\/uploads\/2015\/10\/Anfahrtsskizze-RFV-H\u00fcnfeld-Turnier2016.pdf\" target=\"_blank\" rel=\"noopener\">Anfahrtsskizze-RFV-H\u00fcnfeld-Turnier2016<\/a><br \/>\n<a href=\"https:\/\/www.rfv-huenfeld.de\/wp\/wp-content\/uploads\/2015\/10\/ZeiteinteilungH\u00fcnfeld2016-Vielseitigkeit-20160624.pdf\" target=\"_blank\" rel=\"noopener\">ZeiteinteilungH\u00fcnfeld2016-Vielseitigkeit-20160624<\/a><\/span><\/span><\/p>\n<p>&nbsp;<\/p>\n<p><span style=\"text-decoration: underline; font-size: 12pt;\"><strong>European Paso Fino Cup 24. bis 26. Juni 2016<br \/>\n<\/strong><\/span><\/p>\n<p><span style=\"font-size: 12pt; color: #ff0000;\"><strong>HINWEIS: Unbedingt die Anfahrtsskizze beachten -BAUSTELLE-<\/strong><\/span><\/p>\n<p><a href=\"https:\/\/www.rfv-huenfeld.de\/wp\/wp-content\/uploads\/2015\/10\/Sponsoren-VeranstaltungsInfo-20160309.pdf\" target=\"_blank\" rel=\"noopener\">Sponsoren-VeranstaltungsInfo-20160309<br \/>\n<\/a><a href=\"https:\/\/www.rfv-huenfeld.de\/wp\/wp-content\/uploads\/2015\/10\/EPFC-2016-Zeitplan.pdf\" target=\"_blank\" rel=\"noopener\">EPFC-2016-Zeitplan<br \/>\n<\/a><a href=\"https:\/\/www.rfv-huenfeld.de\/wp\/wp-content\/uploads\/2015\/10\/Kurzverzeichnis-\u00dcbernachtungen-H\u00fcnfeld-2016.pdf\" target=\"_blank\" rel=\"noopener\">Kurzverzeichnis-\u00dcbernachtungen-H\u00fcnfeld-2016<br \/>\n<\/a><a href=\"https:\/\/www.rfv-huenfeld.de\/wp\/wp-content\/uploads\/2015\/10\/Anfahrtsskizze-RFV-H\u00fcnfeld-Turnier2016.pdf\" target=\"_blank\" rel=\"noopener\">Anfahrtsskizze-RFV-H\u00fcnfeld-Turnier2016<\/a><\/p>\n<p><strong>Die Veranstaltung<\/strong><br \/>\nDie Paso Fino Association Europe veranstaltet j\u00e4hrlich mindestens ein gro\u00dfes Paso Fino Turnier. Zum European Paso Fino Cup (EPFC) werden Reiter und ihre Pferde aus Deutschland, der Schweiz, \u00d6sterreich, Frankreich, Holland und England sowie aus Irland erwartet. Der EPFC soll in einem dreij\u00e4hrigen Rhythmus durchgef\u00fchrt werden.<br \/>\nH\u00fcnfeld liegt in der N\u00e4he von Fulda und verf\u00fcgt \u00fcber eine gute Infrastruktur. Die N\u00e4he zur Autobahn macht die Anreise unkompliziert. Die Anlage des Reit- und Fahrvereins H\u00fcnfeld, auf der j\u00e4hrlich gro\u00dfe Turniere stattfinden, bietet beste Bedingungen f\u00fcr Pferd und Reiter.<br \/>\nDen Schwerpunkt bei den Pr\u00fcfungen bilden die Gangarten der Pferde, insbesondere der \u201eT\u00f6lt\u201c. Die meisten Klassen werden als Gruppenpr\u00fcfung absolviert. Jeder Reiter versucht dabei, sein Pferd entsprechend der Aufgabenstellung so harmonisch wie m\u00f6glich vorzustellen.<br \/>\nW\u00e4hrend den Turniertagen werden neben traditionellen und typischen Gangpr\u00fcfungen wie Country Pleasure, Pleasure, Performance und Classic Fino auch zahlreiche weitere Sportklassen (u.a. Dressur, Mehrgangklassen und Trail) auf dem Programm stehen.<br \/>\nDie teilnehmenden Paso Finos werden wie auch in den vergangenen Jahren erneut ihre Vielseitigkeit und Einzigartigkeit unter Beweis stellen und das Publikum mit s\u00fcdamerikanischem Flair in ihren Bann ziehen.<br \/>\n<strong>Die Pferde <\/strong><br \/>\nS\u00fcdamerikanisches Temperament, Rhythmus, Charme und Menschenbezogenheit, dies alles verbindet das Wesen des Paso Finos. Das wichtigste Element ist die rassespezifische Gangart \u201ePaso\u201c, eine Viertaktgangart, welche sich durch eine spektakul\u00e4r hohe Schrittfrequenz und eine un\u00fcbertroffene Ersch\u00fctterungsfreiheit und Bequemlichkeit f\u00fcr den Reiter auszeichnet. Damit wird das Reiten selbst f\u00fcr Reiter mit R\u00fcckenproblemen zum Genuss und die handlichen und leistungsbereiten Pferde erfahren einen stetigen Zuwachs begeisterter Anh\u00e4nger.<br \/>\nDer urspr\u00fcnglich in Lateinamerika sowie im karibischen Raum beheimatete Paso Fino bietet dem Reiter neben seiner speziellen Gangart, dem \u201eT\u00f6lt\u201c, Kraft, Dynamik und Eleganz, verbunden mit einem edlen und exklusiven Auftreten und erfreut sich in Europa und speziell in Deutschland und der Schweiz einer zunehmenden Beliebtheit. Dar\u00fcber hinaus existieren mit den nahen Verwandten der Paso Finos, den hierzulande noch selten zu findenden Trochadores sowie Trotones Galoperos, zwei weitere sehr exklusive Paso-Varianten, die besonders f\u00fcr den dressurambitionierten Reiter von gro\u00dfem Interesse sind.<\/p>\n<p><strong>Der Verein<\/strong><br \/>\nDie Paso Fino Association Europe e.V. hat aktuell rund 160 Mitglieder. Die meisten Paso Fino Besitzer sind ambitionierte und anspruchsvolle Freizeitreiter, die Spa\u00df an und mit ihren au\u00dfergew\u00f6hnlichen und vielseitigen Pferden haben.<br \/>\nDer Verein versteht sich als europ\u00e4ische Plattform f\u00fcr alle Besitzer, Reiter, Z\u00fcchter und Liebhaber von Paso Fino Pferden und bietet umfassende Informationen in deutscher und englischer Sprache auf der PFAE Homepage, im vereinseigenen Farbmagazin BRIO, im in unregelm\u00e4\u00dfigen Abst\u00e4nden erscheinenden e-Mail Newsletter sowie in zahlreichen Artikeln und Berichten in namhaften nationalen sowie internationalen Pferdezeitschriften.<br \/>\nJedes Jahr werden mehrere Turniere in einem derzeit noch kleinem Rahmen, aber dennoch mit internationaler Beteiligung ausgerichtet. Unsere Turnierveranstaltungen zeichnen sich neben dem sportlichen Wettkampf vor allem auch durch die Begeisterung f\u00fcr die Paso Finos und das faire und fr\u00f6hliche Miteinander aus. Kaum jemand kann sich dem besonderen Flair und der Ausstrahlung dieser au\u00dfergew\u00f6hnlichen Rasse entziehen.<br \/>\nAbgerundet werden die Turniere durch ein umfassendes Rahmenprogramm mit Show- und Fun-Elementen, Catering, Musik und viel Begeisterung. S\u00e4mtliche Veranstaltungen finden auf Top-Reitanlagen mit sehr guter Infrastruktur statt.<br \/>\nDie Mitglieder der Paso Fino Association Europe e.V. haben sich f\u00fcr eine au\u00dfergew\u00f6hnliche Rasse entschieden, den Paso Fino. Wir laden Sie ein, die Freude und Begeisterung an und f\u00fcr diese einzigartige Pferderasse zu unterst\u00fctzen und mit uns zu teilen, Ihr Unternehmen in einem wirtschaftlich interessanten Umfeld zu pr\u00e4sentieren und den Bekanntheitsgrad Ihres Unternehmens und Ihrer Produkte zu steigern.<\/p>\n","protected":false},"excerpt":{"rendered":"<p>Traditionelles Spring- und Dressurturnier 12. bis 14. August 2016 Hier die genehmigte Ausschreibung zum download: Spring-Dressurturnier-H\u00fcnfeld-2016-genehmigt Hier auch das Plakat zum downloaden: Plakat-Reitturnier-H\u00fcnfeld_12-14-August2016 Wegen Baustelle uumbedingt Anfahrtsskizze beachten: Anfahrtsskizze-RFV-H\u00fcnfeld-Turnier2016 Hier die korrigierte Zeiteinteilung vom 11-08-2016: ZeiteinteilungH\u00fcnfeld2016-Dressur-Springen-20160811 (in Pfg.Nr. 26: Aufgabe DL3 und LK- Beauftragte: Andreas Herzig) Hier der Vorbericht Marktkorb vom 10.08.2016 20160810-MK-Amtsblatt-ck Hier der &hellip; <a href=\"https:\/\/www.rfv-huenfeld.de\/wp\/?page_id=1952\" class=\"more-link\"><span class=\"screen-reader-text\">Turniere 2016<\/span> weiterlesen <span class=\"meta-nav\">&rarr;<\/span><\/a><\/p>\n","protected":false},"author":2,"featured_media":0,"parent":1186,"menu_order":2,"comment_status":"closed","ping_status":"closed","template":"","meta":{"_crdt_document":"","footnotes":""},"class_list":["post-1952","page","type-page","status-publish","hentry"],"_links":{"self":[{"href":"https:\/\/www.rfv-huenfeld.de\/wp\/index.php?rest_route=\/wp\/v2\/pages\/1952","targetHints":{"allow":["GET"]}}],"collection":[{"href":"https:\/\/www.rfv-huenfeld.de\/wp\/index.php?rest_route=\/wp\/v2\/pages"}],"about":[{"href":"https:\/\/www.rfv-huenfeld.de\/wp\/index.php?rest_route=\/wp\/v2\/types\/page"}],"author":[{"embeddable":true,"href":"https:\/\/www.rfv-huenfeld.de\/wp\/index.php?rest_route=\/wp\/v2\/users\/2"}],"replies":[{"embeddable":true,"href":"https:\/\/www.rfv-huenfeld.de\/wp\/index.php?rest_route=%2Fwp%2Fv2%2Fcomments&post=1952"}],"version-history":[{"count":25,"href":"https:\/\/www.rfv-huenfeld.de\/wp\/index.php?rest_route=\/wp\/v2\/pages\/1952\/revisions"}],"predecessor-version":[{"id":2794,"href":"https:\/\/www.rfv-huenfeld.de\/wp\/index.php?rest_route=\/wp\/v2\/pages\/1952\/revisions\/2794"}],"up":[{"embeddable":true,"href":"https:\/\/www.rfv-huenfeld.de\/wp\/index.php?rest_route=\/wp\/v2\/pages\/1186"}],"wp:attachment":[{"href":"https:\/\/www.rfv-huenfeld.de\/wp\/index.php?rest_route=%2Fwp%2Fv2%2Fmedia&parent=1952"}],"curies":[{"name":"wp","href":"https:\/\/api.w.org\/{rel}","templated":true}]}}