{"id":2003,"date":"2016-01-17T13:47:12","date_gmt":"2016-01-17T13:47:12","guid":{"rendered":"http:\/\/www.rfv-huenfeld.de\/wp\/?page_id=2003"},"modified":"2018-04-17T12:21:25","modified_gmt":"2018-04-17T12:21:25","slug":"berichte-2016","status":"publish","type":"page","link":"https:\/\/www.rfv-huenfeld.de\/wp\/?page_id=2003","title":{"rendered":"Berichte 2016"},"content":{"rendered":"<p><strong>Erfolge \/ Ranglistenpunkte 2016<\/strong><br \/>\n<strong>1. Sortiert nach Leistungsklassen:<\/strong><\/p>\n<table width=\"571\">\n<tbody>\n<tr>\n<td width=\"80\"><em><strong>LK<\/strong><\/em><\/td>\n<td width=\"80\"><em><strong>Rang<\/strong><\/em><\/td>\n<td width=\"171\"><em><strong>Name<\/strong><\/em><\/td>\n<td width=\"80\"><em><strong>Altersklasse<\/strong><\/em><\/td>\n<td width=\"80\"><em><strong>Pkt.<\/strong><\/em><\/td>\n<td width=\"80\"><\/td>\n<\/tr>\n<tr>\n<td>0<\/td>\n<td>1.<\/td>\n<td>Moazzeni, Anna<\/td>\n<td>Junioren<\/td>\n<td>2<\/td>\n<td rowspan=\"9\"><strong>DRESSUR<\/strong><\/td>\n<\/tr>\n<tr>\n<td><\/td>\n<td><\/td>\n<td><\/td>\n<td><\/td>\n<td><\/td>\n<\/tr>\n<tr>\n<td>6<\/td>\n<td>3.<\/td>\n<td>Dietz, Ann-Katrin<\/td>\n<td>Reiter\/Fahrer<\/td>\n<td>1<\/td>\n<\/tr>\n<tr>\n<td>6<\/td>\n<td>2.<\/td>\n<td>Kirsten, Miriam<\/td>\n<td>Junioren<\/td>\n<td>10<\/td>\n<\/tr>\n<tr>\n<td>6<\/td>\n<td>1.<\/td>\n<td>Ammermann, Johanna<\/td>\n<td>Junioren<\/td>\n<td>27<\/td>\n<\/tr>\n<tr>\n<td><\/td>\n<td><\/td>\n<td><\/td>\n<td><\/td>\n<td><\/td>\n<\/tr>\n<tr>\n<td>5<\/td>\n<td>1.<\/td>\n<td>Laufer, Verena<\/td>\n<td>Reiter\/Fahrer<\/td>\n<td>30<\/td>\n<\/tr>\n<tr>\n<td><\/td>\n<td><\/td>\n<td><\/td>\n<td><\/td>\n<td><\/td>\n<\/tr>\n<tr>\n<td>3<\/td>\n<td>1.<\/td>\n<td>Grauel, Martha<\/td>\n<td>Reiter\/Fahrer<\/td>\n<td>2.736<\/td>\n<\/tr>\n<tr>\n<td><\/td>\n<td><\/td>\n<td><\/td>\n<td><\/td>\n<td><\/td>\n<td><\/td>\n<\/tr>\n<tr>\n<td><\/td>\n<td><\/td>\n<td><\/td>\n<td><\/td>\n<td><\/td>\n<td><\/td>\n<\/tr>\n<tr>\n<td><em><strong>LK<\/strong><\/em><\/td>\n<td><em><strong>Rang<\/strong><\/em><\/td>\n<td><em><strong>Name<\/strong><\/em><\/td>\n<td><em><strong>Altersklasse<\/strong><\/em><\/td>\n<td><em><strong>Pkt.<\/strong><\/em><\/td>\n<td><\/td>\n<\/tr>\n<tr>\n<td>6<\/td>\n<td>4.<\/td>\n<td>Kirsten, Miriam<\/td>\n<td>Junioren<\/td>\n<td>1<\/td>\n<td rowspan=\"23\"><em><strong>SPRINGEN<\/strong><\/em><\/td>\n<\/tr>\n<tr>\n<td>6<\/td>\n<td>3.<\/td>\n<td>\u00d6gretmen, Aylin<\/td>\n<td>Junioren<\/td>\n<td>5<\/td>\n<\/tr>\n<tr>\n<td>6<\/td>\n<td>2.<\/td>\n<td>Malkmus, Jana<\/td>\n<td>Junioren<\/td>\n<td>18<\/td>\n<\/tr>\n<tr>\n<td>6<\/td>\n<td>1.<\/td>\n<td>Bauch, Marie-Jeanette<\/td>\n<td>Junioren<\/td>\n<td>33<\/td>\n<\/tr>\n<tr>\n<td><\/td>\n<td><\/td>\n<td><\/td>\n<td><\/td>\n<td><\/td>\n<\/tr>\n<tr>\n<td>5<\/td>\n<td>5.<\/td>\n<td>Vey, Jonas<\/td>\n<td>Reiter\/Fahrer<\/td>\n<td>13<\/td>\n<\/tr>\n<tr>\n<td>5<\/td>\n<td>4.<\/td>\n<td>Aschenbach, Frauke<\/td>\n<td>Junioren<\/td>\n<td>29<\/td>\n<\/tr>\n<tr>\n<td>5<\/td>\n<td>3.<\/td>\n<td>Vey, Elina<\/td>\n<td>Junge Reiter<\/td>\n<td>101<\/td>\n<\/tr>\n<tr>\n<td>5<\/td>\n<td>2.<\/td>\n<td>Fichtinger, Luca<\/td>\n<td>Junioren<\/td>\n<td>106<\/td>\n<\/tr>\n<tr>\n<td>5<\/td>\n<td>1.<\/td>\n<td>Malkmus, Laura<\/td>\n<td>Junge Reiter<\/td>\n<td>130<\/td>\n<\/tr>\n<tr>\n<td><\/td>\n<td><\/td>\n<td><\/td>\n<td><\/td>\n<td><\/td>\n<\/tr>\n<tr>\n<td>4<\/td>\n<td>3.<\/td>\n<td>Marquardt, Jonathan<\/td>\n<td>Reiter\/Fahrer<\/td>\n<td>33<\/td>\n<\/tr>\n<tr>\n<td>4<\/td>\n<td>2.<\/td>\n<td>Feldmann, Fritz<\/td>\n<td>Junioren<\/td>\n<td>141<\/td>\n<\/tr>\n<tr>\n<td>4<\/td>\n<td>1.<\/td>\n<td>Bauch, Patrick<\/td>\n<td>Reiter\/Fahrer<\/td>\n<td>218<\/td>\n<\/tr>\n<tr>\n<td><\/td>\n<td><\/td>\n<td><\/td>\n<td><\/td>\n<td><\/td>\n<\/tr>\n<tr>\n<td>3<\/td>\n<td>5.<\/td>\n<td>Schulz, Julia<\/td>\n<td>Reiter\/Fahrer<\/td>\n<td>27<\/td>\n<\/tr>\n<tr>\n<td>3<\/td>\n<td>4.<\/td>\n<td>Gutberlet, Anne<\/td>\n<td>Reiter\/Fahrer<\/td>\n<td>638<\/td>\n<\/tr>\n<tr>\n<td>3<\/td>\n<td>3.<\/td>\n<td>Hillenbrand, Sven<\/td>\n<td>Reiter\/Fahrer<\/td>\n<td>643<\/td>\n<\/tr>\n<tr>\n<td>3<\/td>\n<td>2.<\/td>\n<td>Bauch, Kristina<\/td>\n<td>Reiter\/Fahrer<\/td>\n<td>1.798<\/td>\n<\/tr>\n<tr>\n<td>3<\/td>\n<td>1.<\/td>\n<td>Gutberlet, Andreas<\/td>\n<td>Junioren<\/td>\n<td>3.399<\/td>\n<\/tr>\n<tr>\n<td><\/td>\n<td><\/td>\n<td><\/td>\n<td><\/td>\n<td><\/td>\n<\/tr>\n<tr>\n<td>2<\/td>\n<td>2.<\/td>\n<td>Schneemann, Lars<\/td>\n<td>Reiter\/Fahrer<\/td>\n<td>778<\/td>\n<\/tr>\n<tr>\n<td>2<\/td>\n<td>1.<\/td>\n<td>Heinle, Hannah<\/td>\n<td>Reiter\/Fahrer<\/td>\n<td>6.232<\/td>\n<\/tr>\n<tr>\n<td><\/td>\n<td><\/td>\n<td><\/td>\n<td><\/td>\n<td><\/td>\n<td><\/td>\n<\/tr>\n<tr>\n<td><\/td>\n<td><\/td>\n<td><\/td>\n<td><\/td>\n<td><\/td>\n<td><\/td>\n<\/tr>\n<tr>\n<td><em><strong>LK<\/strong><\/em><\/td>\n<td><em><strong>Rang<\/strong><\/em><\/td>\n<td><em><strong>Name<\/strong><\/em><\/td>\n<td><em><strong>Altersklasse<\/strong><\/em><\/td>\n<td><em><strong>Pkt.<\/strong><\/em><\/td>\n<td><\/td>\n<\/tr>\n<tr>\n<td>6<\/td>\n<td>2.<\/td>\n<td>Kirsten, Miriam<\/td>\n<td>Junioren<\/td>\n<td>3<\/td>\n<td rowspan=\"4\" width=\"80\"><em><strong>Vielseitig- keit<\/strong><\/em><\/td>\n<\/tr>\n<tr>\n<td>6<\/td>\n<td>1.<\/td>\n<td>Fichtinger, Luca<\/td>\n<td>Junioren<\/td>\n<td>4<\/td>\n<\/tr>\n<tr>\n<td><\/td>\n<td><\/td>\n<td><\/td>\n<td><\/td>\n<td><\/td>\n<\/tr>\n<tr>\n<td>4<\/td>\n<td>1.<\/td>\n<td>Marquardt, Jonathan<\/td>\n<td>Reiter\/Fahrer<\/td>\n<td>133<\/td>\n<\/tr>\n<tr>\n<td><\/td>\n<td><\/td>\n<td><\/td>\n<td><\/td>\n<td><\/td>\n<td><\/td>\n<\/tr>\n<tr>\n<td><\/td>\n<td><\/td>\n<td><\/td>\n<td><\/td>\n<td><\/td>\n<td><\/td>\n<\/tr>\n<tr>\n<td><em><strong>LK<\/strong><\/em><\/td>\n<td><em><strong>Rang<\/strong><\/em><\/td>\n<td><em><strong>Name<\/strong><\/em><\/td>\n<td><em><strong>Altersklasse<\/strong><\/em><\/td>\n<td><em><strong>Pkt.<\/strong><\/em><\/td>\n<td><\/td>\n<\/tr>\n<tr>\n<td>6<\/td>\n<td>1.<\/td>\n<td>Reuter, Benjamin<\/td>\n<td>Reiter\/Fahrer<\/td>\n<td>62<\/td>\n<td rowspan=\"3\" width=\"80\"><em><strong>Fahren<\/strong><\/em><\/td>\n<\/tr>\n<tr>\n<td><\/td>\n<td><\/td>\n<td><\/td>\n<td><\/td>\n<td><\/td>\n<\/tr>\n<tr>\n<td>2<\/td>\n<td>1.<\/td>\n<td>Hiller, Dennis<\/td>\n<td>Reiter\/Fahrer<\/td>\n<td>6.430<\/td>\n<\/tr>\n<\/tbody>\n<\/table>\n<p><a href=\"https:\/\/www.rfv-huenfeld.de\/wp\/wp-content\/uploads\/2017\/05\/Erfolge-RFV_Huenfeld-zur-JHV-20170331-RLP.pdf\" target=\"_blank\" rel=\"noopener noreferrer\">Erfolge-RFV_Huenfeld-zur JHV-20170331-RLP<\/a><\/p>\n<p><strong>2. Sortiert nach Ranglistenpunkte:<\/strong><\/p>\n<table width=\"529\">\n<tbody>\n<tr>\n<td colspan=\"5\" width=\"529\"><strong>DRESSUR<\/strong><\/td>\n<\/tr>\n<tr>\n<td><em><strong>LK<\/strong><\/em><\/td>\n<td><em><strong>Rang<\/strong><\/em><\/td>\n<td><em><strong>Name<\/strong><\/em><\/td>\n<td><em><strong>Altersklasse<\/strong><\/em><\/td>\n<td><em><strong>Pkt.<\/strong><\/em><\/td>\n<\/tr>\n<tr>\n<td>3<\/td>\n<td>1.<\/td>\n<td>Grauel, Martha<\/td>\n<td>Reiter\/Fahrer<\/td>\n<td>2.736<\/td>\n<\/tr>\n<tr>\n<td>5<\/td>\n<td>2.<\/td>\n<td>Laufer, Verena<\/td>\n<td>Reiter\/Fahrer<\/td>\n<td>30<\/td>\n<\/tr>\n<tr>\n<td>6<\/td>\n<td>3.<\/td>\n<td>Ammermann, Johanna<\/td>\n<td>Junioren<\/td>\n<td>27<\/td>\n<\/tr>\n<tr>\n<td>6<\/td>\n<td>4.<\/td>\n<td>Kirsten, Miriam<\/td>\n<td>Junioren<\/td>\n<td>10<\/td>\n<\/tr>\n<tr>\n<td>0<\/td>\n<td>5.<\/td>\n<td>Moazzeni, Anna<\/td>\n<td>Junioren<\/td>\n<td>2<\/td>\n<\/tr>\n<tr>\n<td>6<\/td>\n<td>6.<\/td>\n<td>Dietz, Ann-Katrin<\/td>\n<td>Reiter\/Fahrer<\/td>\n<td>1<\/td>\n<\/tr>\n<tr>\n<td><\/td>\n<td><\/td>\n<td><\/td>\n<td><\/td>\n<td><\/td>\n<\/tr>\n<tr>\n<td colspan=\"5\"><strong>SPRINGEN<\/strong><\/td>\n<\/tr>\n<tr>\n<td><em><strong>LK<\/strong><\/em><\/td>\n<td><em><strong>Rang<\/strong><\/em><\/td>\n<td><em><strong>Name<\/strong><\/em><\/td>\n<td><em><strong>Altersklasse<\/strong><\/em><\/td>\n<td><em><strong>Pkt.<\/strong><\/em><\/td>\n<\/tr>\n<tr>\n<td>2<\/td>\n<td>1.<\/td>\n<td>Heinle, Hannah<\/td>\n<td>Reiter\/Fahrer<\/td>\n<td>6.232<\/td>\n<\/tr>\n<tr>\n<td>3<\/td>\n<td>2.<\/td>\n<td>Gutberlet, Andreas<\/td>\n<td>Junioren<\/td>\n<td>3.399<\/td>\n<\/tr>\n<tr>\n<td>3<\/td>\n<td>3.<\/td>\n<td>Bauch, Kristina<\/td>\n<td>Reiter\/Fahrer<\/td>\n<td>1.798<\/td>\n<\/tr>\n<tr>\n<td>2<\/td>\n<td>4.<\/td>\n<td>Schneemann, Lars<\/td>\n<td>Reiter\/Fahrer<\/td>\n<td>778<\/td>\n<\/tr>\n<tr>\n<td>3<\/td>\n<td>5.<\/td>\n<td>Hillenbrand, Sven<\/td>\n<td>Reiter\/Fahrer<\/td>\n<td>643<\/td>\n<\/tr>\n<tr>\n<td>3<\/td>\n<td>6.<\/td>\n<td>Gutberlet, Anne<\/td>\n<td>Reiter\/Fahrer<\/td>\n<td>638<\/td>\n<\/tr>\n<tr>\n<td>4<\/td>\n<td>7.<\/td>\n<td>Bauch, Patrick<\/td>\n<td>Reiter\/Fahrer<\/td>\n<td>218<\/td>\n<\/tr>\n<tr>\n<td>4<\/td>\n<td>8.<\/td>\n<td>Feldmann, Fritz<\/td>\n<td>Junioren<\/td>\n<td>141<\/td>\n<\/tr>\n<tr>\n<td>5<\/td>\n<td>9.<\/td>\n<td>Malkmus, Laura<\/td>\n<td>Junge Reiter<\/td>\n<td>130<\/td>\n<\/tr>\n<tr>\n<td>5<\/td>\n<td>10.<\/td>\n<td>Fichtinger, Luca<\/td>\n<td>Junioren<\/td>\n<td>106<\/td>\n<\/tr>\n<tr>\n<td>5<\/td>\n<td>11.<\/td>\n<td>Vey, Elina<\/td>\n<td>Junge Reiter<\/td>\n<td>101<\/td>\n<\/tr>\n<tr>\n<td>6<\/td>\n<td>12.<\/td>\n<td>Bauch, Marie-Jeanette<\/td>\n<td>Junioren<\/td>\n<td>33<\/td>\n<\/tr>\n<tr>\n<td>4<\/td>\n<td>13.<\/td>\n<td>Marquardt, Jonathan<\/td>\n<td>Reiter\/Fahrer<\/td>\n<td>33<\/td>\n<\/tr>\n<tr>\n<td>5<\/td>\n<td>14.<\/td>\n<td>Aschenbach, Frauke<\/td>\n<td>Junioren<\/td>\n<td>29<\/td>\n<\/tr>\n<tr>\n<td>3<\/td>\n<td>15.<\/td>\n<td>Schulz, Julia<\/td>\n<td>Reiter\/Fahrer<\/td>\n<td>27<\/td>\n<\/tr>\n<tr>\n<td>6<\/td>\n<td>16.<\/td>\n<td>Malkmus, Jana<\/td>\n<td>Junioren<\/td>\n<td>18<\/td>\n<\/tr>\n<tr>\n<td>5<\/td>\n<td>17.<\/td>\n<td>Vey, Jonas<\/td>\n<td>Reiter\/Fahrer<\/td>\n<td>13<\/td>\n<\/tr>\n<tr>\n<td>6<\/td>\n<td>18.<\/td>\n<td>\u00d6gretmen, Aylin<\/td>\n<td>Junioren<\/td>\n<td>5<\/td>\n<\/tr>\n<tr>\n<td>6<\/td>\n<td>19.<\/td>\n<td>Kirsten, Miriam<\/td>\n<td>Junioren<\/td>\n<td>1<\/td>\n<\/tr>\n<tr>\n<td><\/td>\n<td><\/td>\n<td><\/td>\n<td><\/td>\n<td><\/td>\n<\/tr>\n<tr>\n<td colspan=\"5\"><em><strong>VIELSEITIGKEIT<\/strong><\/em><\/td>\n<\/tr>\n<tr>\n<td><em><strong>LK<\/strong><\/em><\/td>\n<td><em><strong>Rang<\/strong><\/em><\/td>\n<td><em><strong>Name<\/strong><\/em><\/td>\n<td><em><strong>Altersklasse<\/strong><\/em><\/td>\n<td><em><strong>Pkt.<\/strong><\/em><\/td>\n<\/tr>\n<tr>\n<td>4<\/td>\n<td>1.<\/td>\n<td>Marquardt, Jonathan<\/td>\n<td>Reiter\/Fahrer<\/td>\n<td>133<\/td>\n<\/tr>\n<tr>\n<td>6<\/td>\n<td>2.<\/td>\n<td>Fichtinger, Luca<\/td>\n<td>Junioren<\/td>\n<td>4<\/td>\n<\/tr>\n<tr>\n<td>6<\/td>\n<td>3.<\/td>\n<td>Kirsten, Miriam<\/td>\n<td>Junioren<\/td>\n<td>3<\/td>\n<\/tr>\n<tr>\n<td><\/td>\n<td><\/td>\n<td><\/td>\n<td><\/td>\n<td><\/td>\n<\/tr>\n<tr>\n<td colspan=\"5\"><strong>FAHREN<\/strong><\/td>\n<\/tr>\n<tr>\n<td><em><strong>LK<\/strong><\/em><\/td>\n<td><em><strong>Rang<\/strong><\/em><\/td>\n<td><em><strong>Name<\/strong><\/em><\/td>\n<td><em><strong>Altersklasse<\/strong><\/em><\/td>\n<td><em><strong>Pkt.<\/strong><\/em><\/td>\n<\/tr>\n<tr>\n<td>2<\/td>\n<td>1.<\/td>\n<td>Hiller, Dennis<\/td>\n<td>Reiter\/Fahrer<\/td>\n<td>6.430<\/td>\n<\/tr>\n<tr>\n<td>6<\/td>\n<td>2.<\/td>\n<td>Reuter, Benjamin<\/td>\n<td>Reiter\/Fahrer<\/td>\n<td>62<\/td>\n<\/tr>\n<\/tbody>\n<\/table>\n<p><a href=\"https:\/\/www.rfv-huenfeld.de\/wp\/wp-content\/uploads\/2017\/05\/Erfolge-RFV_Huenfeld-zur-JHV-20170331-LK.pdf\" target=\"_blank\" rel=\"noopener noreferrer\">Erfolge-RFV_Huenfeld-zur JHV-20170331-LK<\/a><\/p>\n<p><span style=\"text-decoration: underline;\"><strong><span style=\"font-size: 10pt; font-family: arial,helvetica,sans-serif;\">12.11.2016 Reiterball 2016<\/span><\/strong><\/span><br \/>\n<a href=\"https:\/\/www.rfv-huenfeld.de\/wp\/wp-content\/uploads\/2016\/01\/Reiterball-2016.jpg\" target=\"_blank\" rel=\"noopener\"><img loading=\"lazy\" decoding=\"async\" class=\"size-medium wp-image-2208 alignnone\" src=\"https:\/\/www.rfv-huenfeld.de\/wp\/wp-content\/uploads\/2016\/01\/Reiterball-2016-300x200.jpg\" alt=\"reiterball-2016\" width=\"300\" height=\"200\" srcset=\"https:\/\/www.rfv-huenfeld.de\/wp\/wp-content\/uploads\/2016\/01\/Reiterball-2016-300x200.jpg 300w, https:\/\/www.rfv-huenfeld.de\/wp\/wp-content\/uploads\/2016\/01\/Reiterball-2016-768x513.jpg 768w, https:\/\/www.rfv-huenfeld.de\/wp\/wp-content\/uploads\/2016\/01\/Reiterball-2016-1024x683.jpg 1024w, https:\/\/www.rfv-huenfeld.de\/wp\/wp-content\/uploads\/2016\/01\/Reiterball-2016.jpg 1380w\" sizes=\"auto, (max-width: 300px) 100vw, 300px\" \/><\/a><br \/>\nAm REITERBALL 2016 (12. November 2016 ab 19:00Uhr in der Stadthalle- Kolpinghaus in H\u00fcnfeld) wurden wieder die erfolgreichsten Sportler des Kreisreiterbundes Fulda aus den Jahren 2015 und 2016 geehrt. Die tollen Leistungen in Dressur, Springen, Fahren, Voltigieren, Western, Trail und Isl\u00e4nder-Sport wurden sensationell gefeiert! F\u00fcr die passende Party- Musik sorgte wie auch in den vergangenen Jahren 2012 und 2014 DJ Knox.<br \/>\nHier der Pressebericht aus der H\u00fcnfelder Zeitung:<br \/>\n<a href=\"https:\/\/www.rfv-huenfeld.de\/wp\/wp-content\/uploads\/2016\/01\/Pressebericht-Reiterball2016-Huenfelder-Zeitung.pdf\" target=\"_blank\" rel=\"noopener\">pressebericht-reiterball2016-huenfelder-zeitung<\/a><\/p>\n<p><span style=\"text-decoration: underline; font-size: 10pt;\"><strong><span style=\"font-family: arial,helvetica,sans-serif;\">12.11.2016 Fahrlehrgang<\/span><\/strong><\/span><br \/>\nDer Kreisreiterbund und der Verband Kurhessen-Waldeck waren Ausrichter eines Fahrlehrgangs, der beim RFV H\u00fcnfeld ausgetragen wurde.<br \/>\nEingeladen waren Fahrsportler (aller Klassen und Leistungsstand) aus Hessen, Bayern und Th\u00fcringen.<br \/>\nDen Lehrgang wurde geleitet von Wolfgang Benschus aus Dillenburg. Er ist erfolgreicher Fahrsportler und anerkannter Richter Fahren und Au\u00dfendienstleiter des Landgest\u00fcts Dillenburg.<br \/>\nDennis Hiller und sein Helferteam haben den Lehrgang super organisiert.<br \/>\nTeilnehmer folgen noch\u2026\u2026<\/p>\n<p>Hier ein paar Bilder: [album id=15 template=extend]<\/p>\n<p><span style=\"text-decoration: underline;\"><strong>27.10.2016 Reit- und Longierabzeichen sowie der Basispass Pferdekunde\u00a0<\/strong><\/span><br \/>\nVom 17.10. bis 27.10.2016 fand unter der Leitung von Verena Laufer (unterst\u00fctzt durch Pia Herget) ein Reit- und Longierabzeichen sowie der Basispass Pferdekunde statt. Am Donnerstag, den 27.10.2016 wurden die Pr\u00fcfungen von Frau Sabine Bunck und Frau Marion Sch\u00fctz abgenommen. Alle\u00a021 Teilnehmer haben Ihre Pr\u00fcfungen bestanden. Dr. Klaus Martin bedanke sich besonders bei Verena Laufer sowie bei Christian Laufer, der\u00a0als &#8222;Pacourchef&#8220; t\u00e4tig war. Nat\u00fcrlich bedankte sich Dr. Klaus Martin auch bei den beiden Richterinnen Frau Bunck und Frau Sch\u00fctz f\u00fcr die geleistete Arbeit und f\u00fcr die sehr gute Zusammenarbeit. Frau Sch\u00fctz lobte anschliessend die sehr gut organisierte Veranstaltung und stelle fest, dass man immer wieder &#8222;dran bleiben&#8220; muss und dass man\u00a0immer wieder dazu lernen kann.<br \/>\n<em><span style=\"text-decoration: underline;\">Hier die Teilnehmer:<\/span><\/em><br \/>\nAnn- Katrin Dietz, Marie D\u00f6rr, Fabian Schwiddessen, Janine B\u00fcrgermeister, Anika Ballmeier, Laura Balzer, Jessica Kirsten, Celina Kavalirek, Patrica Zimmermann, Jonas Dirks, Violetta Horn, Lilli Herrmann, Lina Kabsch, Catherinne McGonagill, Pia Herget, Luisa Jost, Miriam Kirsten, Franziska Kirsten, Michael Kirsten, Rica Schneider (alle Mitglieder im RFV H\u00fcnfeld) sowie Judith G\u00fcnther (PSG Molzbach)<\/p>\n<p>Hier die Aufstellung Teilnehmer: <a href=\"https:\/\/www.rfv-huenfeld.de\/wp\/wp-content\/uploads\/2016\/01\/Teilnehmer-Lehrgang-20161027.pdf\" target=\"_blank\" rel=\"noopener\">teilnehmer-lehrgang-20161027<\/a><\/p>\n<p>Hier ein paar Bilder: [album id=14 template=extend]<\/p>\n<p><span style=\"text-decoration: underline;\"><strong><span style=\"font-size: 10pt;\">12.- 14.08.2016 Traditionelles Spring- und Dressurturnier<\/span><\/strong><\/span><br \/>\nHier der Vorbericht Marktkorb vom 10.08.2016 <a href=\"https:\/\/www.rfv-huenfeld.de\/wp\/wp-content\/uploads\/2015\/10\/20160810-MK-Amtsblatt-ck.pdf\" target=\"_blank\" rel=\"noopener\">20160810-MK-Amtsblatt-ck<br \/>\n<\/a>Hier der Vorbericht aus der FZ\/HZ vom 12.08.2016: <a href=\"https:\/\/www.rfv-huenfeld.de\/wp\/wp-content\/uploads\/2015\/10\/20160812-Vorbericht-HZ.pdf\" target=\"_blank\" rel=\"noopener\">20160812-Vorbericht-HZ<\/a><br \/>\nHier der Pressebericht aus der FZ\/HZ vom 16.08.2016: <a href=\"https:\/\/www.rfv-huenfeld.de\/wp\/wp-content\/uploads\/2015\/10\/20160816-Pressebericht-HZ.pdf\" target=\"_blank\" rel=\"noopener\">20160816-Pressebericht-HZ<br \/>\n<\/a>Hier der Pressebericht aus dem Marktkorb vom 17.08.2016: <a href=\"https:\/\/www.rfv-huenfeld.de\/wp\/wp-content\/uploads\/2016\/01\/20160817-Pressebericht-MK-Nord.pdf\" target=\"_blank\" rel=\"noopener\">20160817-Pressebericht-MK-Nord<\/a><\/p>\n<p>Hier ein paar Bilder: [album id=13 template=extend]<\/p>\n<p><strong><span style=\"text-decoration: underline; font-size: 10pt;\">02.-03.07.2016 Vielseitigkeitsturnier<\/span><\/strong><br \/>\n<a href=\"https:\/\/www.rfv-huenfeld.de\/wp\/wp-content\/uploads\/2016\/01\/Vorbericht-HZ-FZ-20160701.pdf\" target=\"_blank\" rel=\"noopener\">Vorbericht-HZ-FZ-20160701<br \/>\n<\/a><a href=\"https:\/\/www.rfv-huenfeld.de\/wp\/wp-content\/uploads\/2016\/01\/Pressebericht-HZ-FZ-20160705.pdf\">Pressebericht-HZ-FZ-20160705<\/a><\/p>\n<p><strong><span style=\"text-decoration: underline;\">24.- 26.06.2016 Paso Fino Europameisterschaft<\/span><br \/>\n<\/strong><a href=\"https:\/\/www.rfv-huenfeld.de\/wp\/wp-content\/uploads\/2016\/01\/Pressebericht-HZ-FZ-PasoFino-20160628.pdf\" target=\"_blank\" rel=\"noopener\">Pressebericht-HZ-FZ-PasoFino-20160628<br \/>\n<\/a><a href=\"https:\/\/www.rfv-huenfeld.de\/wp\/wp-content\/uploads\/2016\/01\/Pressetext-20160624-26-Vor-der-Veranstaltung-mitFoto.pdf\" target=\"_blank\" rel=\"noopener\">Pressetext-20160624-26-Vor-der-Veranstaltung-mitFoto<br \/>\n<\/a>[album id=12 template=extend]<\/p>\n<p><strong><span style=\"text-decoration: underline;\">29.04\/30.04.2016 Springlehrgang mit Georg-Christoph B\u00f6dicker<br \/>\n<span style=\"font-size: 12pt;\"><span style=\"font-size: 10pt;\"><em>I<\/em><\/span><\/span><\/span><\/strong><span style=\"font-size: 12pt;\"><span style=\"font-size: 10pt;\">nfo zum Lehrgang:<\/span><\/span><span style=\"font-size: 12pt;\"><span style=\"font-size: 10pt;\"><br \/>\nSpringlehrgang zur Vorbereitung auf die kommende Saison. Der Lehrgang ist offen f\u00fcr alle Klassen und besonders interessant f\u00fcr Reiter und Reiterinnen, die in der kommenden Turniersaison eine Klasse h\u00f6her starten wollen.<\/span><\/span><span style=\"font-size: 12pt;\"><br \/>\n<\/span><span style=\"font-size: 12pt;\"><span style=\"font-size: 10pt;\">Hier k\u00f6nnt Ihr den Flyer downloaden:<\/span><\/span><span style=\"font-size: 12pt;\"><span style=\"font-size: 10pt;\"> <a href=\"https:\/\/www.rfv-huenfeld.de\/wp\/wp-content\/uploads\/2011\/11\/Springlehrgang-mit-B\u00f6dicker.pdf\" target=\"_blank\" rel=\"noopener\">Springlehrgang mit B\u00f6dicker<\/a><br \/>\nHier noch ein paar BIlder : [nggallery id=26]<br \/>\n<\/span><\/span><\/p>\n<p><span style=\"text-decoration: underline; font-size: 10pt;\"><strong>18.03.2016 Jahreshauptversammlung<\/strong><\/span><br \/>\nHier k\u00f6nnt Ihr den Pressebericht downloaden<br \/>\n<a href=\"https:\/\/www.rfv-huenfeld.de\/wp\/wp-content\/uploads\/2016\/01\/Pressetext-JHV20160318-20160321.pdf\" target=\"_blank\" rel=\"noopener\">Pressetext-JHV20160318-20160321<\/a><\/p>\n<p><strong><span style=\"text-decoration: underline;\"><span style=\"font-size: 10pt;\">12.03.2016 Jugendcup 2016<\/span><\/span><\/strong><br \/>\n<a href=\"https:\/\/www.rfv-huenfeld.de\/wp\/wp-content\/uploads\/2016\/01\/Bild-Jugendcup2016.jpg\" rel=\"attachment wp-att-2032\"><img loading=\"lazy\" decoding=\"async\" class=\"size-medium wp-image-2032 alignnone\" src=\"https:\/\/www.rfv-huenfeld.de\/wp\/wp-content\/uploads\/2016\/01\/Bild-Jugendcup2016-300x200.jpg\" alt=\"Bild-Jugendcup2016\" width=\"300\" height=\"200\" srcset=\"https:\/\/www.rfv-huenfeld.de\/wp\/wp-content\/uploads\/2016\/01\/Bild-Jugendcup2016-300x200.jpg 300w, https:\/\/www.rfv-huenfeld.de\/wp\/wp-content\/uploads\/2016\/01\/Bild-Jugendcup2016-768x512.jpg 768w, https:\/\/www.rfv-huenfeld.de\/wp\/wp-content\/uploads\/2016\/01\/Bild-Jugendcup2016.jpg 960w\" sizes=\"auto, (max-width: 300px) 100vw, 300px\" \/><\/a><br \/>\nDer Kreisreiterbund Fulda unter Leitung der Jugendwartin Marion Sch\u00fctz hat folgende Termine organisiert:.<br \/>\n20.02.2016 RFV H\u00fcnfeld, Reitanlage am Haselsee, Beginn 11.30 Uhr, Richter Heinz Kunstmann<br \/>\n05.03.2016 RFV Eiterfeld, Reitanlage Hahner K\u00fcnzell Fuldaer Stra\u00dfe, Beginn 14 Uhr, Richter Georg Sch\u00e4fer<br \/>\n12.03.2016 RFV K\u00f6nigreich Flieden, Reitanlage Berisfhof, Beginn 15 Uhr, Richter Erik Schlaudraff<br \/>\nDie Mannschaft H\u00fcnfeld wurde von Frau Verena Laufer trainiert und auch auf den Turnieren betreut. Krankheitsbedingt ist dann kurzfristig Martha Grauel und Christian Laufer eingesprungen, damit unsere jungen Reiterinnen notwendigen Beistand und Betreuung hatten.<br \/>\n<em><u>Reiterinnen<\/u><\/em>: Janine R\u00fcppner \/ Josefine Ungar \/ Sue-Ann Ungar \/ Janine B\u00fcrgermeister<br \/>\nHier k\u00f6nnt Ihr den Pressebericht aus der HZ vom 15.03.2016 sowie das Gesamtergebnis downloaden:<br \/>\n<a href=\"https:\/\/www.rfv-huenfeld.de\/wp\/wp-content\/uploads\/2016\/01\/Jugendcup-Presse-20160315.pdf\" target=\"_blank\" rel=\"noopener\">Jugendcup-Presse-20160315<\/a><br \/>\n<a href=\"https:\/\/www.rfv-huenfeld.de\/wp\/wp-content\/uploads\/2016\/01\/Ergebnis-Jugendcup-2016.pdf\" target=\"_blank\" rel=\"noopener\">Ergebnis-Jugendcup-2016<\/a><\/p>\n<p><strong><span style=\"text-decoration: underline;\"><span style=\"font-size: 10pt;\">16.01.2016 Dressurlehrgang Heinrich Damian Br\u00e4hler<\/span><\/span><\/strong><br \/>\nZu einem Dressurlehrgang mit dem bekannten Dressurreiter und Tr\u00e4ger des Goldenen Reitabzeichens, Heinrich Damian Br\u00e4hler, hatte der Reit- und Fahrverein H\u00fcnfeld eingeladen. Br\u00e4hler, der in Herbstein eine Reitanlage betreibt und selbst hoch erfolgreich bis in die h\u00f6chste Klasse Grand Prix ist, unterrichtete an zwei Tagen vom 15. bis 16. Januar Dressurreiter von der Klasse E bis S.<br \/>\nMit von der Partie waren Martha Grauel, Verena Laufer, Miriam Kirsten, Kornelia Klinkert, Johanna Otto, Ann-Kathrin Dietz, Isabell N\u00fcdling und Inga Kowalski, die zum Teil mit zwei Pferden zum Unterricht kamen. Von Heinrich Damian Br\u00e4hler gab es wertvolle Tipps und Hilfestellungen, die in ganz moderner Form mit Headset und Kopfh\u00f6rer vermittelt wurden. So k\u00f6nnen die Teilnehmer gut ger\u00fcstet in die bald startende Turniersaison aufbrechen.<\/p>\n<p>Hier k\u00f6nnt Ihr den Info- Flyer downloaden: <a href=\"https:\/\/www.rfv-huenfeld.de\/wp\/wp-content\/uploads\/2011\/11\/Dressurlehrgang-mit-Heinrich-Damian-Br\u00e4hler.pdf\" target=\"_blank\" rel=\"noopener\"><u><span style=\"color: #0066cc;\">Dressurlehrgang mit Heinrich Damian Br\u00e4hler<\/span><\/u><br \/>\n<\/a><\/p>\n<p><a href=\"https:\/\/www.rfv-huenfeld.de\/wp\/wp-content\/uploads\/2016\/01\/KB2_8833_Bildgr\u00f6\u00dfe-\u00e4ndern.jpg\" rel=\"attachment wp-att-2009\"><img loading=\"lazy\" decoding=\"async\" class=\"alignleft wp-image-2009 size-large\" src=\"https:\/\/www.rfv-huenfeld.de\/wp\/wp-content\/uploads\/2016\/01\/KB2_8833_Bildgr\u00f6\u00dfe-\u00e4ndern-1024x678.jpg\" alt=\"KB2_8833_Bildgr\u00f6\u00dfe \u00e4ndern\" width=\"1024\" height=\"678\" srcset=\"https:\/\/www.rfv-huenfeld.de\/wp\/wp-content\/uploads\/2016\/01\/KB2_8833_Bildgr\u00f6\u00dfe-\u00e4ndern-1024x678.jpg 1024w, https:\/\/www.rfv-huenfeld.de\/wp\/wp-content\/uploads\/2016\/01\/KB2_8833_Bildgr\u00f6\u00dfe-\u00e4ndern-300x199.jpg 300w, https:\/\/www.rfv-huenfeld.de\/wp\/wp-content\/uploads\/2016\/01\/KB2_8833_Bildgr\u00f6\u00dfe-\u00e4ndern-768x509.jpg 768w\" sizes=\"auto, (max-width: 1024px) 100vw, 1024px\" \/><\/a><\/p>\n","protected":false},"excerpt":{"rendered":"<p>Erfolge \/ Ranglistenpunkte 2016 1. Sortiert nach Leistungsklassen: LK Rang Name Altersklasse Pkt. 0 1. Moazzeni, Anna Junioren 2 DRESSUR 6 3. Dietz, Ann-Katrin Reiter\/Fahrer 1 6 2. Kirsten, Miriam Junioren 10 6 1. Ammermann, Johanna Junioren 27 5 1. Laufer, Verena Reiter\/Fahrer 30 3 1. Grauel, Martha Reiter\/Fahrer 2.736 LK Rang Name Altersklasse Pkt. &hellip; <a href=\"https:\/\/www.rfv-huenfeld.de\/wp\/?page_id=2003\" class=\"more-link\"><span class=\"screen-reader-text\">Berichte 2016<\/span> weiterlesen <span class=\"meta-nav\">&rarr;<\/span><\/a><\/p>\n","protected":false},"author":2,"featured_media":0,"parent":32,"menu_order":5,"comment_status":"closed","ping_status":"closed","template":"","meta":{"_crdt_document":"","footnotes":""},"class_list":["post-2003","page","type-page","status-publish","hentry"],"_links":{"self":[{"href":"https:\/\/www.rfv-huenfeld.de\/wp\/index.php?rest_route=\/wp\/v2\/pages\/2003","targetHints":{"allow":["GET"]}}],"collection":[{"href":"https:\/\/www.rfv-huenfeld.de\/wp\/index.php?rest_route=\/wp\/v2\/pages"}],"about":[{"href":"https:\/\/www.rfv-huenfeld.de\/wp\/index.php?rest_route=\/wp\/v2\/types\/page"}],"author":[{"embeddable":true,"href":"https:\/\/www.rfv-huenfeld.de\/wp\/index.php?rest_route=\/wp\/v2\/users\/2"}],"replies":[{"embeddable":true,"href":"https:\/\/www.rfv-huenfeld.de\/wp\/index.php?rest_route=%2Fwp%2Fv2%2Fcomments&post=2003"}],"version-history":[{"count":49,"href":"https:\/\/www.rfv-huenfeld.de\/wp\/index.php?rest_route=\/wp\/v2\/pages\/2003\/revisions"}],"predecessor-version":[{"id":2892,"href":"https:\/\/www.rfv-huenfeld.de\/wp\/index.php?rest_route=\/wp\/v2\/pages\/2003\/revisions\/2892"}],"up":[{"embeddable":true,"href":"https:\/\/www.rfv-huenfeld.de\/wp\/index.php?rest_route=\/wp\/v2\/pages\/32"}],"wp:attachment":[{"href":"https:\/\/www.rfv-huenfeld.de\/wp\/index.php?rest_route=%2Fwp%2Fv2%2Fmedia&parent=2003"}],"curies":[{"name":"wp","href":"https:\/\/api.w.org\/{rel}","templated":true}]}}