{"id":204,"date":"2011-12-12T16:14:17","date_gmt":"2011-12-12T16:14:17","guid":{"rendered":"http:\/\/www.rfv-huenfeld.de\/wp\/?page_id=204"},"modified":"2016-11-25T14:01:32","modified_gmt":"2016-11-25T14:01:32","slug":"2012-2","status":"publish","type":"page","link":"https:\/\/www.rfv-huenfeld.de\/wp\/?page_id=204","title":{"rendered":"Berichte 2012"},"content":{"rendered":"<p><strong>10.11.2012: Bericht und Bildergalerie vom\u00a0Reiterball KRB Fulda mit RFV H\u00fcnfeld<\/strong><\/p>\n<p><a href=\"https:\/\/www.rfv-huenfeld.de\/wp\/wp-content\/uploads\/2011\/12\/Reiterball-HZ20121115-email.pdf\" target=\"_blank\">Zeitungsartikel- H\u00fcnfelder Zeitung vom 15-11-2012 (bitte hier klicken)<\/a><\/p>\n<p><a title=\"Bildergalerie Ehrungen\" href=\"http:\/\/www.fulda-pferd.de\/2012\/1211122_web\/index.htm\" target=\"_blank\">Bilder von den Ehrungen<\/a><\/p>\n<p><a title=\"Bildergalerie Stimmung\" href=\"http:\/\/www.fulda-pferd.de\/2012\/1211121_web\/index.htm\" target=\"_blank\">Bilder von der tollen Stimmung<\/a><\/p>\n<p><strong>&#8211;<\/strong><\/p>\n<p><strong>10.11.2012: Bilder vom Reiterball KRB Fulda mit RFV H\u00fcnfeld<\/strong><\/p>\n<p><a href=\"http:\/\/www.fulda-pferd.de\/2012\/1211121_web\/index.htm\" target=\"_blank\">http:\/\/www.fulda-pferd.de\/2012\/1211121_web\/index.htm<\/a><\/p>\n<p><a href=\"http:\/\/www.fulda-pferd.de\/2012\/1211122_web\/index.htm\" target=\"_blank\">http:\/\/www.fulda-pferd.de\/2012\/1211122_web\/index.htm<\/a><\/p>\n<p>&#8211;<\/p>\n<p><strong>28.09.2012: \u00dcbergabe Lifter an die Vinzent-von-Paul-Schule<\/strong><\/p>\n<p><a href=\"https:\/\/www.rfv-huenfeld.de\/wp\/wp-content\/uploads\/2011\/12\/20120928-TZ-HP-lokhz-Lifter-www.pdf\" target=\"_blank\">Zeitungsartikel- H\u00fcnfelder Zeitung vom 2012-09-28 (bitte hier klicken)<\/a><\/p>\n<p><strong>&#8211;<\/strong><\/p>\n<p><strong>23.08.2012: Hier weitere Bilder vom Turnier von Barbara Kiel<\/strong><\/p>\n<p><a href=\"http:\/\/www.fulda-pferd.de\/2012\/2208122_web\/index.htm\" target=\"_blank\">Turnier 11.\/12.08.2012 (bitte hier klicken)<\/a><\/p>\n<p><a href=\"http:\/\/www.fulda-pferd.de\/2012\/2208123_web\/index.htm\" target=\"_blank\">Turnier 18.08.2012 (bitte hier klicken)<\/a><\/p>\n<p><a href=\"http:\/\/www.fulda-pferd.de\/2012\/2208124_web\/index.htm\" target=\"_blank\">Turnier 19.08.2012 (bitte hier klicken)<\/a><\/p>\n<p><strong>&#8211;<\/strong><\/p>\n<p><strong>22-08-2012: Hier ein paar Bilder rund um das\/die Turniere im August 2012<\/strong><\/p>\n<p><a href=\"..\/2012\/2208121_web\/index.htm\" target=\"_blank\">Bitte hier klicken<\/a><\/p>\n<p>&#8211;<\/p>\n<p><strong>21-08.2012: Hier der Pressebericht aus der H\u00fcnfelder\/Fuldaer Zeitung vom 21.08.2012<\/strong><\/p>\n<p><a href=\"https:\/\/www.rfv-huenfeld.de\/wp\/wp-content\/uploads\/2011\/12\/HZ-FZ-vom-21082012-www.pdf\" target=\"_blank\">Pressebericht Reitturnier HZ-FZ-vom-21082012<\/a><\/p>\n<p><strong>&#8211;<\/strong><\/p>\n<p><strong>14-08.2012: Hier der Pressebericht aus der H\u00fcnfelder\/Fuldaer Zeitung vom 14.08.2012<\/strong><\/p>\n<p><a href=\"https:\/\/www.rfv-huenfeld.de\/wp\/wp-content\/uploads\/2011\/12\/HZ-FZ-vom-14082012-www.pdf\" target=\"_blank\">Pressebericht Reittunier HZ-FZ-vom-14082012<\/a><\/p>\n<p><strong>&#8211;<\/strong><\/p>\n<p><strong>20-07-2012:<\/strong> <strong>Hier k\u00f6nnt Ihr mal unsere neuen Werbebanner (4,00 x 1,00m) begutachten.<\/strong><\/p>\n<p><strong><a href=\"https:\/\/www.rfv-huenfeld.de\/wp\/wp-content\/uploads\/2012\/07\/Banner-Reittunier-2012-www.jpg\"><img loading=\"lazy\" decoding=\"async\" class=\"alignnone size-large wp-image-709\" title=\"Druck\" src=\"https:\/\/www.rfv-huenfeld.de\/wp\/wp-content\/uploads\/2012\/07\/Banner-Reittunier-2012-www-1024x258.jpg\" alt=\"\" width=\"620\" height=\"156\" srcset=\"https:\/\/www.rfv-huenfeld.de\/wp\/wp-content\/uploads\/2012\/07\/Banner-Reittunier-2012-www-1024x258.jpg 1024w, https:\/\/www.rfv-huenfeld.de\/wp\/wp-content\/uploads\/2012\/07\/Banner-Reittunier-2012-www-300x75.jpg 300w, https:\/\/www.rfv-huenfeld.de\/wp\/wp-content\/uploads\/2012\/07\/Banner-Reittunier-2012-www.jpg 1685w\" sizes=\"auto, (max-width: 620px) 100vw, 620px\" \/><\/a><\/strong><\/p>\n<p><strong>11-06-2012: Die genehmigten Ausschreibungen der beiden Turnier ist nun online und k\u00f6nnen hier herunter geladen werden.<\/strong><\/p>\n<p><a href=\"https:\/\/www.rfv-huenfeld.de\/wp\/wp-content\/uploads\/2012\/06\/Ausschreibung-Turnier10.-12.08.2012-H\u00fcnfeld.pdf\" target=\"_blank\">bitte hier klicken- Ausschreibung-Turnier 10.-12.08.2012-H\u00fcnfeld<\/a>\u00a0und<\/p>\n<p><a href=\"https:\/\/www.rfv-huenfeld.de\/wp\/wp-content\/uploads\/2012\/06\/Ausschreibung-Turnier18.-19.08.2012-H\u00fcnfeld.pdf\" target=\"_blank\">bitte hier klicken Ausschreibung-Turnier 18.-19.08.2012-H\u00fcnfeld<\/a><\/p>\n<p>&#8211;<\/p>\n<p><strong>20-06-2012: Petition gegen eine Pferdesteuer im LK Vogelsberg<\/strong><\/p>\n<p>Entsprechend des Satzungsentwurfes des Hessischen St\u00e4dte- und Gemeindebundes zur Konsolidierung der kommunalen Haushalte plant die Stadt Lauterbach als Kreisstadt im entsprechenden Antrag auf Mittel an das Land Hessen die Einf\u00fchrung einer Pferdesteuer von bis zu 750\u20ac.<\/p>\n<p>Begr\u00fcndung: Die Reiterliche Vereinigung (FN) sowie der Pferdesportbund Hessen haben bereits mehrfach im Rahmen von Anh\u00f6rungen in hessischen und bundesdeutschen Gemeinden deutliche Argumente gegen die Erhebung einer solchen Steuer vorgebracht. In allen St\u00e4dten und Gemeinden, die die Einf\u00fchrung dieser Steuer beabsichtigten, wurde der Antrag daraufhin zur\u00fcckgezogen.<br \/>\nEs erscheint daher v\u00f6llig unn\u00fctz, die genannte Einf\u00fchrung erneut wagen zu wollen. Da bereits der Deutsche Pferderechtstag im M\u00e4rz 2012 die Rechtsm\u00e4\u00dfigkeit der Erhebung einer solchen Steuer auf Grund des genannten Satzungsentwurfs als durchaus beklagbar erachtet hat, werden der Landrat bzw. die nachgeordneten politischen Entscheidungstr\u00e4ger ersucht, in seiner Beschlussfassung ausdr\u00fccklich von dem Ziele der Einf\u00fchrung einer solchen Steuer abzusehen.<\/p>\n<p>Bitte beteiligt Euch mit Eurer Unterschrift, dass diese absurde Steuer nicht eingef\u00fchrt wird.<\/p>\n<p><a href=\"http:\/\/openpetition.de\/petition\/online\/petition-gegen-eine-pferdesteuer-im-landkreis-vogelsberg\" target=\"_blank\">bitte hier klicken<\/a><\/p>\n<p>&#8211;<\/p>\n<p>&nbsp;<\/p>\n<p><a href=\"..\/2012\/0904121_web\/index.htm\" target=\"_blank\">09.04.2012: Bilder vom verk\u00fcrztem\u00a0Osterausritt<\/a><\/p>\n<p><a href=\"https:\/\/www.rfv-huenfeld.de\/wp\/wp-content\/uploads\/2012\/04\/JHV2012-Artikel-HZ-FZ-vom-04042012-www.pdf\" target=\"_blank\">04.04.2012: Zeitungsartikel von der JHV 2012 (bitte\u00a0hier klicken)\u00a0<\/a><\/p>\n<p><a href=\"..\/2012\/1203121_web\/index.htm\" target=\"_blank\">11.03.2012: Fotos Springlehrgang\u00a0mit Lars Schneemann<\/a>, Teil 2 (Bilder sind nicht durchg\u00e4nig gut; Babsi und ich haben mit einer neuen Kamera experimentiert).<\/p>\n<p><a href=\"..\/2012\/1003121_web\/index.htm\" target=\"_blank\">10.03.2012: Fotos Springlehrgang\u00a0mit Lars Schneemann<\/a><\/p>\n<p><a href=\"..\/2012\/2602121_web\/index.htm\" target=\"_blank\">26.02.2012: Fotos Dressurlehrgang mit Peter Fil\u00df<\/a><\/p>\n","protected":false},"excerpt":{"rendered":"<p>10.11.2012: Bericht und Bildergalerie vom\u00a0Reiterball KRB Fulda mit RFV H\u00fcnfeld Zeitungsartikel- H\u00fcnfelder Zeitung vom 15-11-2012 (bitte hier klicken) Bilder von den Ehrungen Bilder von der tollen Stimmung &#8211; 10.11.2012: Bilder vom Reiterball KRB Fulda mit RFV H\u00fcnfeld http:\/\/www.fulda-pferd.de\/2012\/1211121_web\/index.htm http:\/\/www.fulda-pferd.de\/2012\/1211122_web\/index.htm &#8211; 28.09.2012: \u00dcbergabe Lifter an die Vinzent-von-Paul-Schule Zeitungsartikel- H\u00fcnfelder Zeitung vom 2012-09-28 (bitte hier klicken) &#8211; &hellip; <a href=\"https:\/\/www.rfv-huenfeld.de\/wp\/?page_id=204\" class=\"more-link\"><span class=\"screen-reader-text\">Berichte 2012<\/span> weiterlesen <span class=\"meta-nav\">&rarr;<\/span><\/a><\/p>\n","protected":false},"author":2,"featured_media":0,"parent":32,"menu_order":1,"comment_status":"closed","ping_status":"closed","template":"template-onecolumn.php","meta":{"_crdt_document":"","footnotes":""},"class_list":["post-204","page","type-page","status-publish","hentry"],"_links":{"self":[{"href":"https:\/\/www.rfv-huenfeld.de\/wp\/index.php?rest_route=\/wp\/v2\/pages\/204","targetHints":{"allow":["GET"]}}],"collection":[{"href":"https:\/\/www.rfv-huenfeld.de\/wp\/index.php?rest_route=\/wp\/v2\/pages"}],"about":[{"href":"https:\/\/www.rfv-huenfeld.de\/wp\/index.php?rest_route=\/wp\/v2\/types\/page"}],"author":[{"embeddable":true,"href":"https:\/\/www.rfv-huenfeld.de\/wp\/index.php?rest_route=\/wp\/v2\/users\/2"}],"replies":[{"embeddable":true,"href":"https:\/\/www.rfv-huenfeld.de\/wp\/index.php?rest_route=%2Fwp%2Fv2%2Fcomments&post=204"}],"version-history":[{"count":49,"href":"https:\/\/www.rfv-huenfeld.de\/wp\/index.php?rest_route=\/wp\/v2\/pages\/204\/revisions"}],"predecessor-version":[{"id":1774,"href":"https:\/\/www.rfv-huenfeld.de\/wp\/index.php?rest_route=\/wp\/v2\/pages\/204\/revisions\/1774"}],"up":[{"embeddable":true,"href":"https:\/\/www.rfv-huenfeld.de\/wp\/index.php?rest_route=\/wp\/v2\/pages\/32"}],"wp:attachment":[{"href":"https:\/\/www.rfv-huenfeld.de\/wp\/index.php?rest_route=%2Fwp%2Fv2%2Fmedia&parent=204"}],"curies":[{"name":"wp","href":"https:\/\/api.w.org\/{rel}","templated":true}]}}