{"id":214,"date":"2011-12-12T16:30:50","date_gmt":"2011-12-12T16:30:50","guid":{"rendered":"http:\/\/www.rfv-huenfeld.de\/wp\/?page_id=214"},"modified":"2026-02-27T13:41:48","modified_gmt":"2026-02-27T13:41:48","slug":"downloads","status":"publish","type":"page","link":"https:\/\/www.rfv-huenfeld.de\/wp\/?page_id=214","title":{"rendered":"Downloads"},"content":{"rendered":"\n<p class=\"wp-block-paragraph\">Flyer Pferdeerlebnisse f\u00fcr die Kleinsten<br><a href=\"https:\/\/www.rfv-huenfeld.de\/wp\/wp-content\/uploads\/2025\/03\/Flyer-Pferdeerlebnisse-fuer-Kinder.pdf\">Flyer zum Downloaden<\/a><\/p>\n\n\n\n<p class=\"wp-block-paragraph\">Reitwege um den Haselsee- Stand 03-2022<br><a rel=\"noreferrer noopener\" href=\"https:\/\/www.rfv-huenfeld.de\/wp\/wp-content\/uploads\/2022\/03\/Reitwege-RFV-Huenfeld-Haselseegelaende.pdf\" data-type=\"URL\" data-id=\"https:\/\/www.rfv-huenfeld.de\/wp\/wp-content\/uploads\/2022\/03\/Reitwege-RFV-Huenfeld-Haselseegelaende.pdf\" target=\"_blank\">bitte hier klicken (PDF- Dokument)<\/a><br><a href=\"https:\/\/www.rfv-huenfeld.de\/wp\/wp-content\/uploads\/2022\/03\/Foto-Reitwege-RFV-Huenfeld-Haselseegelaende-scaled.jpg\" target=\"_blank\" rel=\"noreferrer noopener\">bitte hier klicken (Foto- jpg- Format)<\/a><\/p>\n\n\n\n<p class=\"wp-block-paragraph\">Aktueller Hallenbelegungsplan 20-10-2025<br><a href=\"https:\/\/www.rfv-huenfeld.de\/wp\/wp-content\/uploads\/2025\/10\/2025-10-20_Hallenbelegungsplan.pdf\" target=\"_blank\" rel=\"noreferrer noopener\">Hallenbelegungsplan-20-10-2025<\/a><\/p>\n\n\n\n<p class=\"wp-block-paragraph\">Aufnahmeantrag incl. Anlage (gem\u00e4\u00df DSGVO)<br><a href=\"https:\/\/www.rfv-huenfeld.de\/wp\/wp-content\/uploads\/2025\/05\/Beitrittserklaerung-mit-Rueckseite-20250510.pdf\" target=\"_blank\" rel=\"noreferrer noopener\">Beitrittserkl\u00e4rung- mit R\u00fcckseite- 20250510<\/a><\/p>\n\n\n\n<p class=\"wp-block-paragraph\">Infos f\u00fcr bestehende Mitgliedschaften vor dem 25-05-2018<br><a href=\"https:\/\/www.rfv-huenfeld.de\/wp\/wp-content\/uploads\/2020\/10\/Einwilligung-und-Info-Pflicht-gemaess-DSGVO-20200912.pdf\" target=\"_blank\" rel=\"noopener noreferrer\">Einwilligung-und- Info-Pflicht-gem\u00e4ss-DSGVO- 20200912<\/a><\/p>\n\n\n\n<p class=\"wp-block-paragraph\">Informationen zum Eintritt in den Verein<br><a href=\"https:\/\/www.rfv-huenfeld.de\/wp\/wp-content\/uploads\/2026\/02\/Anmeldebedingungen-Stand-20260101.pdf\" target=\"_blank\" rel=\"noreferrer noopener\">Anmeldebedingungen- Stand 20260101<\/a><\/p>\n\n\n\n<p class=\"wp-block-paragraph\">Formular \u00c4nderung Bankverbindung (neues SEPA- Lastschriftmandat)<br><a href=\"https:\/\/www.rfv-huenfeld.de\/wp\/wp-content\/uploads\/2024\/01\/Formular-Aenderung-Bankverbindung-SEPA-Lastschriftmandat.pdf\" data-type=\"link\" data-id=\"https:\/\/www.rfv-huenfeld.de\/wp\/wp-content\/uploads\/2024\/01\/Formular-Aenderung-Bankverbindung-SEPA-Lastschriftmandat.pdf\" target=\"_blank\" rel=\"noreferrer noopener\">Formular SEPA-Lastschriftmandat<\/a><\/p>\n\n\n\n<p class=\"wp-block-paragraph\">Preise Reitunterricht ab 01.01.2025<br><a href=\"https:\/\/www.rfv-huenfeld.de\/wp\/wp-content\/uploads\/2024\/11\/Preise-Unterricht-ab-1.1.2025.pdf\" target=\"_blank\" rel=\"noreferrer noopener\">Preise Reitunterricht ab 01012025<\/a><\/p>\n\n\n\n<p class=\"wp-block-paragraph\">Einstallergeb\u00fchren ab 01.03.2023<br><a href=\"https:\/\/www.rfv-huenfeld.de\/wp\/wp-content\/uploads\/2023\/02\/Preise-Einstallung-ab-01032023.pdf\" target=\"_blank\" rel=\"noopener\">Einstallergeb\u00fchren ab 01032023<\/a><\/p>\n\n\n\n<p class=\"wp-block-paragraph\">Stall- und Betriebsordnung &#8211; Stand 04-2024 <br><a href=\"https:\/\/www.rfv-huenfeld.de\/wp\/wp-content\/uploads\/2024\/05\/2024-04_Stall-und-Betriebsordnung.pdf\" target=\"_blank\" rel=\"noreferrer noopener\">Stall-u-betriebsordnung-04-2014<\/a><\/p>\n\n\n\n<p class=\"wp-block-paragraph\">Satzung<br><a title=\"Satzung\" href=\"https:\/\/www.rfv-huenfeld.de\/wp\/wp-content\/uploads\/2011\/12\/Satzung-Reit-und-Fahrverein.pdf\" target=\"_blank\" rel=\"noopener noreferrer\">bitte hier klicken (Satzung RFVH<\/a><\/p>\n\n\n\n<p class=\"wp-block-paragraph\"><\/p>\n","protected":false},"excerpt":{"rendered":"<p>Flyer Pferdeerlebnisse f\u00fcr die KleinstenFlyer zum Downloaden Reitwege um den Haselsee- Stand 03-2022bitte hier klicken (PDF- Dokument)bitte hier klicken (Foto- jpg- Format) Aktueller Hallenbelegungsplan 20-10-2025Hallenbelegungsplan-20-10-2025 Aufnahmeantrag incl. Anlage (gem\u00e4\u00df DSGVO)Beitrittserkl\u00e4rung- mit R\u00fcckseite- 20250510 Infos f\u00fcr bestehende Mitgliedschaften vor dem 25-05-2018Einwilligung-und- Info-Pflicht-gem\u00e4ss-DSGVO- 20200912 Informationen zum Eintritt in den VereinAnmeldebedingungen- Stand 20260101 Formular \u00c4nderung Bankverbindung (neues SEPA- &hellip; <a href=\"https:\/\/www.rfv-huenfeld.de\/wp\/?page_id=214\" class=\"more-link\"><span class=\"screen-reader-text\">Downloads<\/span> weiterlesen <span class=\"meta-nav\">&rarr;<\/span><\/a><\/p>\n","protected":false},"author":2,"featured_media":0,"parent":0,"menu_order":0,"comment_status":"closed","ping_status":"closed","template":"","meta":{"_crdt_document":"","footnotes":""},"class_list":["post-214","page","type-page","status-publish","hentry"],"_links":{"self":[{"href":"https:\/\/www.rfv-huenfeld.de\/wp\/index.php?rest_route=\/wp\/v2\/pages\/214","targetHints":{"allow":["GET"]}}],"collection":[{"href":"https:\/\/www.rfv-huenfeld.de\/wp\/index.php?rest_route=\/wp\/v2\/pages"}],"about":[{"href":"https:\/\/www.rfv-huenfeld.de\/wp\/index.php?rest_route=\/wp\/v2\/types\/page"}],"author":[{"embeddable":true,"href":"https:\/\/www.rfv-huenfeld.de\/wp\/index.php?rest_route=\/wp\/v2\/users\/2"}],"replies":[{"embeddable":true,"href":"https:\/\/www.rfv-huenfeld.de\/wp\/index.php?rest_route=%2Fwp%2Fv2%2Fcomments&post=214"}],"version-history":[{"count":145,"href":"https:\/\/www.rfv-huenfeld.de\/wp\/index.php?rest_route=\/wp\/v2\/pages\/214\/revisions"}],"predecessor-version":[{"id":5895,"href":"https:\/\/www.rfv-huenfeld.de\/wp\/index.php?rest_route=\/wp\/v2\/pages\/214\/revisions\/5895"}],"wp:attachment":[{"href":"https:\/\/www.rfv-huenfeld.de\/wp\/index.php?rest_route=%2Fwp%2Fv2%2Fmedia&parent=214"}],"curies":[{"name":"wp","href":"https:\/\/api.w.org\/{rel}","templated":true}]}}