{"id":2182,"date":"2016-10-19T15:21:36","date_gmt":"2016-10-19T15:21:36","guid":{"rendered":"http:\/\/www.rfv-huenfeld.de\/wp\/?page_id=2182"},"modified":"2018-12-05T12:56:37","modified_gmt":"2018-12-05T12:56:37","slug":"turnier-2017","status":"publish","type":"page","link":"https:\/\/www.rfv-huenfeld.de\/wp\/?page_id=2182","title":{"rendered":"Turniere 2017"},"content":{"rendered":"<p><span style=\"font-size: 12pt;\"><strong>8.10.2017 &#8222;vereinsinternes Turnier -Jugend f\u00fcr Jugend-<\/strong><\/span><br \/>\n<a href=\"https:\/\/www.rfv-huenfeld.de\/wp\/wp-content\/uploads\/2016\/10\/Ausschreibung-Jugend-f\u00fcr-Jugend-am-8.10.2017.pdf\" target=\"_blank\" rel=\"noopener\">Ausschreibung-Jugend f\u00fcr Jugend-am-8.10.2017<br \/>\n<\/a><a href=\"https:\/\/www.rfv-huenfeld.de\/wp\/wp-content\/uploads\/2016\/10\/Zeiteinteilung-Jugend-fuer-Jugend.pdf\" target=\"_blank\" rel=\"noopener\">Zeiteinteilung-Jugend-fuer-Jugend<\/a><\/p>\n<p>Hier ein paar Fotos:<br \/>\n[album id=20 template=extend]<\/p>\n<p>Nicht nur im Sattel, sondern auch bei der Organisation eines Turnieres ist die Jugend des RFV H\u00fcnfeld gefordert \u2013 denn: man kann nicht fr\u00fch genug anfangen, den Nachwuchs in das Vereinsleben zu integrieren. Nachdem die jungen Menschen im Sommer eine eigene Jugendkasse gegr\u00fcndet und auf unserem gro\u00dfen Turnier in Eigenregie f\u00fcr eine ordentliche Geldeinnahme mit dem Verkauf von S\u00fc\u00dfigkeiten und Popcorn erzielt haben, stand eine neue Herausforderung an: Die Organisation eines kleinen Turniers \u201eJugend f\u00fcr Jugend\u201c.<\/p>\n<p>Und auch das gelang den Jugendlichen, die dabei im Vorfeld viel Organisationsarbeit leisten mussten. Auch am Veranstaltungstag hatten sie alle H\u00e4nde voll zu tun und freuten sich \u00fcber die Unterst\u00fctzung einiger Erwachsener, die die Aufgaben gerne \u00fcbernahmen. Neben dem Sport gab es ein reichhaltiges Kuchenbuffet, W\u00fcrstchen vom Grill und gek\u00fchlte Getr\u00e4nke.<br \/>\nAuf dem Programm standen zun\u00e4chst zwei Reiterwettbewerbe und eine F\u00fchrz\u00fcgelklasse vorwiegend f\u00fcr die Reitsch\u00fcler des Vereins, die mit den Schulpferden ordentliche Leistungen erreichten. Ein H\u00f6hepunkt waren der Fun-Trail und das Jump and Run \u2013 in beiden Pr\u00fcfungen hatten alle viel Spa\u00df und wurden vom Publikum angefeuert. \u201eDas Turnier hat viel dazu beigetragen, dass der Zusammenhalt im Stall und Verein gef\u00f6rdert wurde, dazu gab es Spannung gepaart mit sportlichem Ehrgeiz. Der Teamgeist stand aber ganz klar im Vordergrund\u201c, freute sich der Vorsitzende Christoph Kiel.<\/p>\n<p>Federf\u00fchrend f\u00fcr die Organisation stand Miriam Kirsten mit ihrem Team an vorderster Front und durch das Programm f\u00fchrte die gute Fee des RFV H\u00fcnfeld, Verena Laufer.<\/p>\n<p>&nbsp;<\/p>\n<p><strong>PFG 1, F\u00fchrz\u00fcgelwettbewerb<\/strong><br \/>\n1. Hannah Waider mit Kiowa mit 7,6<br \/>\n2. Nala Moazzeni mit Kevin mit 7,5<br \/>\n3. Madeline Klier mit Emmily mit 7,3<br \/>\n4. Marie Dittrich mit Kiowa mit 7,2<br \/>\n5. Tabea Reichert mit Emmily mit 7,0<br \/>\n5. Isabell Schreiner mit Cindy<\/p>\n<p><strong>PFG 2, Reiterwettbewerb Schritt- Trab<\/strong><br \/>\n1. Sina Grosch mit Sirius<br \/>\n2. Marlies Klamt mit Kiowa<br \/>\n3. Leonie Felix mit Dusty<\/p>\n<p><strong>PFG 3, Reiterwettbewerb Schritt- Trab- Galopp<\/strong><br \/>\n1. Sarah Eisele mit 7,8<br \/>\n2. Laura Grimm mit 7,6<br \/>\n3. Violetta Horn mit 7,4<br \/>\n4. Teresa Schwab mit 7,0<br \/>\n5. Patrica Zimmermann mit 6,9<br \/>\n6. Hannah Herbold mit 6,8<br \/>\n7. Carla M\u00fcller mit 6,7<br \/>\n8. Sophie Mawick mit 6,6<br \/>\n8. Justus Laibach mit 6,6<\/p>\n<p><strong>PFG 4, Dressurreiterwettbewerb \u00dc18<\/strong><br \/>\n1. Petra Goischke mit Filou mit 7,6<br \/>\n2. Jasmin Seiffert mit Lotte mit 7,4<br \/>\n3. Natalie Heum\u00fcller mit Stolly mit 7,3<br \/>\n4. Franziska Kirsten mit Nikita mit 7,2<br \/>\n5. Rica Schneider mit Kiowa mit 7,1<br \/>\n6. Michael Kirsten mit Lotte mit 7,0<br \/>\n6. Lisa Seiffert mit Stolly mit 7,0<br \/>\n8. Daniela Lenk mit Valentino mit 6,7<\/p>\n<p><strong>PFG 5, Fun- Trail<\/strong><br \/>\n1. Michael Kirsten mit Lotte<br \/>\n2. Janine B\u00fcrgermeister mit Lotte<br \/>\n3. Xenia Pospiech mit Lotte<br \/>\n4. Laura Balzer mit Stolly<br \/>\n5. Sue Ann Ungar mit Sirius<br \/>\n6. Laura Moazzenie mit Kevin<br \/>\n7. Josephine Ungar mit Emmily<br \/>\n8. Franziska Kirsten mit Nikita<br \/>\n9. Jessica Kirsten mit Nikita<br \/>\n10. Jessica Weber mit Waldstar<br \/>\n11. Anna Moazzenie mit Kallimero<br \/>\n12. Janine R\u00fcppner mit Sirius<br \/>\n13. Marlies Klamt mit Kiowa<br \/>\n13. Justus Laibach mit Dusty<br \/>\n15. Sarah Eisele mit Emmily<\/p>\n<p><strong>PFG 6, Jump &amp; Run<\/strong><br \/>\n1. \u201eOpfaaaa &amp; Co\u201c mit Sue Ann Ungar mit Lotte und Xenia Pospiech<br \/>\n2. \u201eDie Spasties\u201c mit Jessica Kirsten mit Dusty und Janine R\u00fcppner<br \/>\n2. \u201eDer gestiefelte Muskelkater\u201c mit Janine B\u00fcrgermeister mit Stolly und Laura Balzer<br \/>\n3. \u201eSister Act\u201c mit Anna Moazzenie mit Kevin und Laura Moazzenie<br \/>\n4. \u201eThe Fast &amp; The Furious\u201c mit Josephine Ungar mit Lotte und Janine B\u00fcrgermeister<br \/>\n5. \u201eDie Pummeleinh\u00f6rner\u201c mit Xenia Pospiech mit Nikita und Jessica Kirsten<br \/>\n6. \u201eDie Waldgeister\u201c mit . Jessica Weber mit Waldstar und Luca Weidecker<br \/>\n7. \u201eDie Wadenkr\u00e4mpfe\u201c mit Laura Balzer mit Emmily und Josephine Ungar<br \/>\n8. \u201eVerschlumpft und zugen\u00e4ht\u201c mit Laura Moazzenie mit Kallimero und Anna Moazzenie<br \/>\n9. \u201e6 Beine f\u00fcr ein Halleluja\u201c mit Janine R\u00fcpper mit Dusty und Sue Ann Ungar<\/p>\n<p>&nbsp;<\/p>\n<p><span style=\"text-decoration: underline; font-size: 12pt;\"><strong>Filmchen der VA vom Sonntag, den 20.08.2017<br \/>\n<\/strong><\/span>Helmkamera VA am Sonntag, den 20-08-2017 in H\u00fcnfeld mit Pferd Wanja und Reiterin Susanne Boueke (eingestellt bei Youtube von Horst Eulenspiegel)<br \/>\n<a href=\"https:\/\/youtu.be\/so-Zb8BaHvI\" target=\"_blank\" rel=\"noopener\">Hier der Link zu Youtube<\/a><\/p>\n<p><span style=\"text-decoration: underline; font-size: 12pt;\"><strong>Presseberichte<\/strong><\/span><\/p>\n<p><strong>22.08.2017 Nachbericht Vielseitigkeitsturnier 19-20-08-2017 H\u00fcnfelder Zeitung<\/strong><\/p>\n<p><a href=\"https:\/\/www.rfv-huenfeld.de\/wp\/wp-content\/uploads\/2017\/08\/20170822-Nachbericht-FZ-HZ-Turnier-19-20-08-2017-Vielseitigkeit.pdf\" target=\"_blank\" rel=\"noopener\">20170822-Nachbericht-FZ-HZ-Turnier-19-20-08-2017-Vielseitigkeit<\/a><\/p>\n<p><strong>16.08.2017 Nachbericht Turnier 11-13-08-2017 Marktkorb am Mittwoch<\/strong><\/p>\n<p><a href=\"https:\/\/www.rfv-huenfeld.de\/wp\/wp-content\/uploads\/2017\/08\/20170816-MK-bearbeitet-ck.pdf\" target=\"_blank\" rel=\"noopener\">20170816-MK-bearbeitet-ck<\/a><\/p>\n<p><strong>15.08.2017 Nachbericht Turnier 11-13-08-2017 H\u00fcnfelder Zeitung<\/strong><\/p>\n<p><a href=\"https:\/\/www.rfv-huenfeld.de\/wp\/wp-content\/uploads\/2017\/08\/20170815-Nachbericht-FZ-HZ-Turnier-11-13-08-2017.pdf\" target=\"_blank\" rel=\"noopener\">20170815-Nachbericht-FZ-HZ-Turnier-11-13-08-2017<\/a><\/p>\n<p><strong>11.08.2017 Vorbericht Turnier 11-13-08-2017 H\u00fcnfelder Zeitung<\/strong><\/p>\n<p><a href=\"https:\/\/www.rfv-huenfeld.de\/wp\/wp-content\/uploads\/2017\/08\/20170811-Vorbericht-HZ-FZ-Turnier-11-13-08-2017.pdf\" target=\"_blank\" rel=\"noopener\">20170811-Vorbericht-HZ-FZ-Turnier-11-13-08-2017<\/a><\/p>\n<p><strong>09.08.2017 Vorbericht Turniere 2017 im Marktkorb am Mittwoch<\/strong><\/p>\n<p><a href=\"https:\/\/www.rfv-huenfeld.de\/wp\/wp-content\/uploads\/2016\/11\/Vorbereicht-Turniere-Marktkorb-20170809.pdf\" target=\"_blank\" rel=\"noopener\">Vorbereicht-Turniere-Marktkorb-20170809<\/a><\/p>\n<h1><span style=\"font-size: 12pt; font-family: arial black,sans-serif;\"><strong>Traditionsturnier Dressur \/ Springen am 11.08. bis 13.08.2017<\/strong><br \/>\n<\/span><\/h1>\n<h1><span style=\"font-size: 12pt; font-family: arial black,sans-serif;\"><span style=\"font-size: 10pt;\"><a href=\"https:\/\/www.rfv-huenfeld.de\/wp\/wp-content\/uploads\/2016\/10\/scan-Ausschreibung-genehmigt-Dressur-Sprngen.pdf\" target=\"_blank\" rel=\"noopener noreferrer\">scan-Ausschreibung-genehmigt-Dressur-Sprngen<\/a><br \/>\n<a href=\"https:\/\/www.rfv-huenfeld.de\/wp\/wp-content\/uploads\/2016\/10\/Aushang-Ausschreibung-Reiterwettbewerb-Frankfurt-2017.pdf\" target=\"_blank\" rel=\"noopener noreferrer\">Aushang-Ausschreibung-Reiterwettbewerb Frankfurt 2017<br \/>\n<\/a><a href=\"https:\/\/www.rfv-huenfeld.de\/wp\/wp-content\/uploads\/2016\/10\/Bild-PSJ-Cup2017-Internet.pdf\" target=\"_blank\" rel=\"noopener noreferrer\">Bild-PSJ-Cup2017-Internet<\/a><a href=\"https:\/\/www.rfv-huenfeld.de\/wp\/wp-content\/uploads\/2016\/10\/Aushang-Ausschreibung-Reiterwettbewerb-Frankfurt-2017.pdf\" target=\"_blank\" rel=\"noopener noreferrer\"><br \/>\n<\/a><\/span><\/span><span style=\"font-size: 12pt;\"><span style=\"font-family: arial,helvetica,sans-serif;\"><span style=\"font-size: 10pt;\"><a href=\"https:\/\/www.rfv-huenfeld.de\/wp\/wp-content\/uploads\/2016\/10\/Plakat-Reitturniere-2017-www.pdf\" target=\"_blank\" rel=\"noopener\">Plakat-Reitturniere-2017-www<\/a><\/span><\/span><span style=\"font-family: arial,helvetica,sans-serif;\"><br \/>\n<\/span><strong><span style=\"font-family: arial,helvetica,sans-serif;\"> <span style=\"font-size: 10pt;\"><a href=\"https:\/\/www.rfv-huenfeld.de\/wp\/wp-content\/uploads\/2016\/10\/Zeiteinteilung-RFVH-20170811-13.pdf\" target=\"_blank\" rel=\"noopener\">Zeiteinteilung-RFVH-20170811-13<\/a><\/span><\/span><\/strong><\/span><\/h1>\n<h1><strong><span style=\"font-size: 12pt; font-family: arial black,sans-serif;\">Vielseitigkeitsturnier am 19.08. bis 20.08.2017<br \/>\n<\/span><\/strong><span style=\"font-family: arial black,sans-serif; font-size: 10pt;\"><a href=\"https:\/\/www.rfv-huenfeld.de\/wp\/wp-content\/uploads\/2016\/10\/scan-Ausschreibung-genehmigt-Vielseitigkeit.pdf\" target=\"_blank\" rel=\"noopener noreferrer\">scan-Ausschreibung-genehmigt-Vielseitigkeit<\/a><\/span><\/h1>\n<p><a href=\"https:\/\/www.rfv-huenfeld.de\/wp\/wp-content\/uploads\/2016\/10\/Flyer-Rhoen-Vogelsberg-Cup2017.pdf\" target=\"_blank\" rel=\"noopener\">Flyer-Rhoen-Vogelsberg-Cup2017<\/a><\/p>\n<p><a href=\"https:\/\/www.rfv-huenfeld.de\/wp\/wp-content\/uploads\/2016\/10\/ZE-Vielseitigkeit-H\u00fcnfeld2017.pdf\" target=\"_blank\" rel=\"noopener\">ZE-Vielseitigkeit-H\u00fcnfeld2017<\/a><\/p>\n<p><span style=\"font-size: 10pt;\"><strong><a href=\"https:\/\/www.rfv-huenfeld.de\/wp\/wp-content\/uploads\/2016\/10\/Plaene-Gelaendestrecken-Huenfeld2017-korrigiert-02.pdf\" target=\"_blank\" rel=\"noopener\">Plaene-Gelaendestrecken-Huenfeld2017-korrigiert-02<\/a><\/strong><\/span><\/p>\n<p><span style=\"font-size: 12pt;\"><strong>\u00a0<\/strong><\/span><\/p>\n<p><span style=\"text-decoration: underline;\"><em><strong>Info an die Teilnehmer Vielseitigkeitsturnier am 19. bis 20.08.2017 in H\u00fcnfeld<\/strong><\/em><\/span><\/p>\n<p>Training nach Einweisung in eigener Regie und eigener Verantwortung auf Teilen der Strecke mit, je nach Bodenverh\u00e4ltnissen, 10 bis 15 Hindernissen am<\/p>\n<p><span style=\"color: #ff0000;\"><strong>Samstag, den 05.08, zwischen 10.00 und 16.00 Uhr<\/strong><\/span><br \/>\n<span style=\"color: #ff0000;\"><strong>Sonntag, den 06.08. zwischen 9.00 und 11.00 Uhr.<\/strong><\/span><\/p>\n<p>Unkostenbeitrag pro Pferd 10,00\u20ac.<br \/>\nAnmeldung vor Ort bei Verena oder Christian.<br \/>\nStreckeneinweisung Verena, Christian oder Michael.<br \/>\nDer Turnierplatz und der Strecken-Teil im B\u00fcrgerpark entlang dem Haselsee, kann selbstverst\u00e4ndlich nicht beritten werden.<\/p>\n<h1><strong><span style=\"font-size: 12pt; font-family: arial black,sans-serif;\">\u00a0<\/span><\/strong><\/h1>\n<p>&nbsp;<\/p>\n","protected":false},"excerpt":{"rendered":"<p>8.10.2017 &#8222;vereinsinternes Turnier -Jugend f\u00fcr Jugend- Ausschreibung-Jugend f\u00fcr Jugend-am-8.10.2017 Zeiteinteilung-Jugend-fuer-Jugend Hier ein paar Fotos: [album id=20 template=extend] Nicht nur im Sattel, sondern auch bei der Organisation eines Turnieres ist die Jugend des RFV H\u00fcnfeld gefordert \u2013 denn: man kann nicht fr\u00fch genug anfangen, den Nachwuchs in das Vereinsleben zu integrieren. Nachdem die jungen Menschen im &hellip; <a href=\"https:\/\/www.rfv-huenfeld.de\/wp\/?page_id=2182\" class=\"more-link\"><span class=\"screen-reader-text\">Turniere 2017<\/span> weiterlesen <span class=\"meta-nav\">&rarr;<\/span><\/a><\/p>\n","protected":false},"author":2,"featured_media":0,"parent":1186,"menu_order":3,"comment_status":"closed","ping_status":"closed","template":"","meta":{"_crdt_document":"","footnotes":""},"class_list":["post-2182","page","type-page","status-publish","hentry"],"_links":{"self":[{"href":"https:\/\/www.rfv-huenfeld.de\/wp\/index.php?rest_route=\/wp\/v2\/pages\/2182","targetHints":{"allow":["GET"]}}],"collection":[{"href":"https:\/\/www.rfv-huenfeld.de\/wp\/index.php?rest_route=\/wp\/v2\/pages"}],"about":[{"href":"https:\/\/www.rfv-huenfeld.de\/wp\/index.php?rest_route=\/wp\/v2\/types\/page"}],"author":[{"embeddable":true,"href":"https:\/\/www.rfv-huenfeld.de\/wp\/index.php?rest_route=\/wp\/v2\/users\/2"}],"replies":[{"embeddable":true,"href":"https:\/\/www.rfv-huenfeld.de\/wp\/index.php?rest_route=%2Fwp%2Fv2%2Fcomments&post=2182"}],"version-history":[{"count":44,"href":"https:\/\/www.rfv-huenfeld.de\/wp\/index.php?rest_route=\/wp\/v2\/pages\/2182\/revisions"}],"predecessor-version":[{"id":3107,"href":"https:\/\/www.rfv-huenfeld.de\/wp\/index.php?rest_route=\/wp\/v2\/pages\/2182\/revisions\/3107"}],"up":[{"embeddable":true,"href":"https:\/\/www.rfv-huenfeld.de\/wp\/index.php?rest_route=\/wp\/v2\/pages\/1186"}],"wp:attachment":[{"href":"https:\/\/www.rfv-huenfeld.de\/wp\/index.php?rest_route=%2Fwp%2Fv2%2Fmedia&parent=2182"}],"curies":[{"name":"wp","href":"https:\/\/api.w.org\/{rel}","templated":true}]}}