{"id":30,"date":"2011-11-26T16:45:59","date_gmt":"2011-11-26T16:45:59","guid":{"rendered":"http:\/\/www.rfv-huenfeld.de\/wp\/?page_id=30"},"modified":"2025-03-12T06:10:06","modified_gmt":"2025-03-12T06:10:06","slug":"angebote","status":"publish","type":"page","link":"https:\/\/www.rfv-huenfeld.de\/wp\/?page_id=30","title":{"rendered":"Angebote"},"content":{"rendered":"\n<h3 class=\"wp-block-heading\"><span style=\"text-decoration: underline;\">Unsere Aktivit\u00e4ten und Angebote<br>\n<\/span><\/h3>\n\n\n\n<p class=\"wp-block-paragraph\"><span style=\"font-size: 10pt;\"><strong>Preise Reitunterricht, Einstallungsgeb\u00fchren und weitere Infos  siehe Seite &#8222;<a href=\"https:\/\/www.rfv-huenfeld.de\/wp\/?page_id=214\" target=\"_blank\" rel=\"noopener\">Downloads<\/a>&#8222;<\/strong><\/span><\/p>\n\n\n\n<ul class=\"wp-block-list\">\n<li>Reit- Unterricht vom Anf\u00e4nger bis zum Fortgeschrittenen (Kinder und Erwachsene)<\/li>\n\n\n\n<li>Longenstunden<\/li>\n\n\n\n<li>Einzel-Unterricht<\/li>\n\n\n\n<li>Springstunden<\/li>\n\n\n\n<li>Beritt und Korrekturberitt<\/li>\n\n\n\n<li>Voltigieren (Spielgruppe)<br><em>siehe Info &#8222;Voltigieren als Einstieg in die Reiterei&#8220; <a href=\"https:\/\/www.rfv-huenfeld.de\/wp\/wp-content\/uploads\/2011\/11\/Voltigieren-als-Einstieg-2011.pdf\" target=\"_blank\" rel=\"noopener\">voltigieren-als-einstieg-2011<\/a><\/em><\/li>\n\n\n\n<li>Wochenend-Lehrg\u00e4nge<\/li>\n\n\n\n<li>Ferien-Lehrg\u00e4nge (ggf. mit Reitabzeichen-Abnahme)<\/li>\n\n\n\n<li>Kurzzeitige Unterbringung Ihres Pferdes w\u00e4hrend Ihres Urlaubes hier in der Region nach Absprache m\u00f6glich<\/li>\n\n\n\n<li>Heilp\u00e4dagogisches Reiten\/Voltigieren in Zusammenarbeit mit der Vinzenz von Paul-Schule, H\u00fcnfeld<\/li>\n\n\n\n<li>Reiten als Schulsport<\/li>\n\n\n\n<li>Ausritte nach Absprache<\/li>\n\n\n\n<li>Einstallung<\/li>\n\n\n\n<li>Pferdeerlebnisse f\u00fcr die Kleinsten<\/li>\n<\/ul>\n\n\n\n<p class=\"wp-block-paragraph\">F\u00fcr das Reiten und Voltigieren stehen unsere Schulpferde zur Verf\u00fcgung.<\/p>\n","protected":false},"excerpt":{"rendered":"<p>Unsere Aktivit\u00e4ten und Angebote Preise Reitunterricht, Einstallungsgeb\u00fchren und weitere Infos siehe Seite &#8222;Downloads&#8222; F\u00fcr das Reiten und Voltigieren stehen unsere Schulpferde zur Verf\u00fcgung.<\/p>\n","protected":false},"author":2,"featured_media":0,"parent":0,"menu_order":3,"comment_status":"closed","ping_status":"closed","template":"","meta":{"_crdt_document":"","footnotes":""},"class_list":["post-30","page","type-page","status-publish","hentry"],"_links":{"self":[{"href":"https:\/\/www.rfv-huenfeld.de\/wp\/index.php?rest_route=\/wp\/v2\/pages\/30","targetHints":{"allow":["GET"]}}],"collection":[{"href":"https:\/\/www.rfv-huenfeld.de\/wp\/index.php?rest_route=\/wp\/v2\/pages"}],"about":[{"href":"https:\/\/www.rfv-huenfeld.de\/wp\/index.php?rest_route=\/wp\/v2\/types\/page"}],"author":[{"embeddable":true,"href":"https:\/\/www.rfv-huenfeld.de\/wp\/index.php?rest_route=\/wp\/v2\/users\/2"}],"replies":[{"embeddable":true,"href":"https:\/\/www.rfv-huenfeld.de\/wp\/index.php?rest_route=%2Fwp%2Fv2%2Fcomments&post=30"}],"version-history":[{"count":37,"href":"https:\/\/www.rfv-huenfeld.de\/wp\/index.php?rest_route=\/wp\/v2\/pages\/30\/revisions"}],"predecessor-version":[{"id":5287,"href":"https:\/\/www.rfv-huenfeld.de\/wp\/index.php?rest_route=\/wp\/v2\/pages\/30\/revisions\/5287"}],"wp:attachment":[{"href":"https:\/\/www.rfv-huenfeld.de\/wp\/index.php?rest_route=%2Fwp%2Fv2%2Fmedia&parent=30"}],"curies":[{"name":"wp","href":"https:\/\/api.w.org\/{rel}","templated":true}]}}