{"id":3124,"date":"2018-12-05T14:10:49","date_gmt":"2018-12-05T14:10:49","guid":{"rendered":"http:\/\/www.rfv-huenfeld.de\/wp\/?page_id=3124"},"modified":"2023-11-11T10:11:45","modified_gmt":"2023-11-11T10:11:45","slug":"klimaschutz","status":"publish","type":"page","link":"https:\/\/www.rfv-huenfeld.de\/wp\/?page_id=3124","title":{"rendered":"Klimaschutz"},"content":{"rendered":"\n<p class=\"wp-block-paragraph\">In 2018-2019 haben wir die Beleuchtung der Reithalle sowie des Stallbereiches aus LED- Beleuchtung umgestellt.<br> In 2017 haben wir \u00fcber den DOSB erfahren, dass hierf\u00fcr F\u00f6rderungen durch Bundesmittel m\u00f6glich sind.<\/p>\n\n\n\n<p class=\"wp-block-paragraph\">Grundlage ist die sogenannte Kommunalrichtline des\nBundesumweltminsisteriums. Gef\u00f6rdert vom Bundesministerium f\u00fcr Umwelt,\nNaturschutz, Bau und Reaktorsicherheit.<\/p>\n\n\n\n<figure class=\"wp-block-image\"><img loading=\"lazy\" decoding=\"async\" width=\"1024\" height=\"343\" src=\"https:\/\/www.rfv-huenfeld.de\/wp\/wp-content\/uploads\/2019\/07\/BMUB_NKI_gefoer_Web_de_quer-1024x343.jpg\" alt=\"\" class=\"wp-image-3209\" srcset=\"https:\/\/www.rfv-huenfeld.de\/wp\/wp-content\/uploads\/2019\/07\/BMUB_NKI_gefoer_Web_de_quer-1024x343.jpg 1024w, https:\/\/www.rfv-huenfeld.de\/wp\/wp-content\/uploads\/2019\/07\/BMUB_NKI_gefoer_Web_de_quer-300x100.jpg 300w, https:\/\/www.rfv-huenfeld.de\/wp\/wp-content\/uploads\/2019\/07\/BMUB_NKI_gefoer_Web_de_quer-768x257.jpg 768w\" sizes=\"auto, (max-width: 1024px) 100vw, 1024px\" \/><\/figure>\n\n\n\n<p class=\"wp-block-paragraph\">\u201eNationale Klimaschutzinitiative<br>\nMit der Nationalen Klimaschutzinitiative initiiert und f\u00f6rdert das\nBundesumweltministerium seit 2008 zahlreiche Projekte, die einen Beitrag zur\nSenkung der Treibhausgasemissionenleisten. Ihre Programme und Projekte decken\nein breites Spektrum an Klimaschutzaktivit\u00e4ten ab: Von der Entwicklung\nlangfristiger Strategien bis hin zu konkreten Hilfestellungen und investiven\nF\u00f6rderma\u00dfnahmen. Diese Vielfalt ist Garant f\u00fcr gute Ideen. Die Nationale\nKlimaschutzinitiative tr\u00e4gt zu einer Verankerung des Klimaschutzes vor Ort bei.\nVon ihr profitieren Verbraucherinnen und Verbraucher ebenso wie Unternehmen,\nKommunen oder Bildungseinrichtungen.&#8220;<\/p>\n\n\n\n<p class=\"wp-block-paragraph\">Vorhaben:<br>\n&#8222;KSI: LED-Beleuchtung in der Reithalle und den Stallungen&#8220;<\/p>\n\n\n\n<p class=\"wp-block-paragraph\">F\u00f6rderkennzeichen: 03K07906<\/p>\n\n\n\n<p class=\"wp-block-paragraph\">Bewilligungszeitraum: 01.04.2018 bis 31.07.2019<\/p>\n\n\n\n<p class=\"wp-block-paragraph\">Fachliche und administrative Bearbeitung durch:<br>\nProjekttr\u00e4ger J\u00fclich (PtJ)<br>\nZimmerstra\u00dfe 26-27 in 10969 Berlin<br>\n<a href=\"http:\/\/www.ptj.de\/klimaschutzinitiative-kommunen\" target=\"_blank\" rel=\"noreferrer noopener\">www.ptj.de\/klimaschutzinitiative-kommunen<\/a><\/p>\n\n\n\n<figure class=\"wp-block-image\"><a href=\"https:\/\/www.ptj.de\/klimaschutzinitiative-kommunen\" target=\"_blank\" rel=\"noreferrer noopener\"><img loading=\"lazy\" decoding=\"async\" width=\"456\" height=\"296\" src=\"https:\/\/www.rfv-huenfeld.de\/wp\/wp-content\/uploads\/2019\/07\/Logo-ptj.png\" alt=\"\" class=\"wp-image-3207\" srcset=\"https:\/\/www.rfv-huenfeld.de\/wp\/wp-content\/uploads\/2019\/07\/Logo-ptj.png 456w, https:\/\/www.rfv-huenfeld.de\/wp\/wp-content\/uploads\/2019\/07\/Logo-ptj-300x195.png 300w\" sizes=\"auto, (max-width: 456px) 100vw, 456px\" \/><\/a><\/figure>\n\n\n\n<p class=\"wp-block-paragraph\"><a href=\"http:\/\/www.ptj.de\/klimaschutzinitiative-kommunen\"><\/a><\/p>\n\n\n\n<p class=\"wp-block-paragraph\">Weitere fachlichte Ausarbeitungen wurden durch folgende Planungsb\u00fcros\nunterst\u00fctzt:<\/p>\n\n\n\n<p class=\"wp-block-paragraph\">ebert-kiel-architekten aus H\u00fcnfeld<br>\n(<a href=\"http:\/\/www.ebert-kiel.de\" target=\"_blank\" rel=\"noreferrer noopener\">www.ebert-kiel.de<\/a>)<\/p>\n\n\n\n<p class=\"wp-block-paragraph\">rauschenberg ingenieure aus Burghaun- Steinbach<br>\n(<a href=\"http:\/\/www.rauschenberg-ing.de\" target=\"_blank\" rel=\"noreferrer noopener\">www.rauschenberg-ing.de<\/a>)<\/p>\n","protected":false},"excerpt":{"rendered":"<p>In 2018-2019 haben wir die Beleuchtung der Reithalle sowie des Stallbereiches aus LED- Beleuchtung umgestellt. In 2017 haben wir \u00fcber den DOSB erfahren, dass hierf\u00fcr F\u00f6rderungen durch Bundesmittel m\u00f6glich sind. Grundlage ist die sogenannte Kommunalrichtline des Bundesumweltminsisteriums. Gef\u00f6rdert vom Bundesministerium f\u00fcr Umwelt, Naturschutz, Bau und Reaktorsicherheit. \u201eNationale Klimaschutzinitiative Mit der Nationalen Klimaschutzinitiative initiiert und f\u00f6rdert &hellip; <a href=\"https:\/\/www.rfv-huenfeld.de\/wp\/?page_id=3124\" class=\"more-link\"><span class=\"screen-reader-text\">Klimaschutz<\/span> weiterlesen <span class=\"meta-nav\">&rarr;<\/span><\/a><\/p>\n","protected":false},"author":2,"featured_media":0,"parent":0,"menu_order":-1,"comment_status":"closed","ping_status":"closed","template":"","meta":{"_crdt_document":"","footnotes":""},"class_list":["post-3124","page","type-page","status-publish","hentry"],"_links":{"self":[{"href":"https:\/\/www.rfv-huenfeld.de\/wp\/index.php?rest_route=\/wp\/v2\/pages\/3124","targetHints":{"allow":["GET"]}}],"collection":[{"href":"https:\/\/www.rfv-huenfeld.de\/wp\/index.php?rest_route=\/wp\/v2\/pages"}],"about":[{"href":"https:\/\/www.rfv-huenfeld.de\/wp\/index.php?rest_route=\/wp\/v2\/types\/page"}],"author":[{"embeddable":true,"href":"https:\/\/www.rfv-huenfeld.de\/wp\/index.php?rest_route=\/wp\/v2\/users\/2"}],"replies":[{"embeddable":true,"href":"https:\/\/www.rfv-huenfeld.de\/wp\/index.php?rest_route=%2Fwp%2Fv2%2Fcomments&post=3124"}],"version-history":[{"count":13,"href":"https:\/\/www.rfv-huenfeld.de\/wp\/index.php?rest_route=\/wp\/v2\/pages\/3124\/revisions"}],"predecessor-version":[{"id":4783,"href":"https:\/\/www.rfv-huenfeld.de\/wp\/index.php?rest_route=\/wp\/v2\/pages\/3124\/revisions\/4783"}],"wp:attachment":[{"href":"https:\/\/www.rfv-huenfeld.de\/wp\/index.php?rest_route=%2Fwp%2Fv2%2Fmedia&parent=3124"}],"curies":[{"name":"wp","href":"https:\/\/api.w.org\/{rel}","templated":true}]}}