{"id":3358,"date":"2020-03-21T15:28:01","date_gmt":"2020-03-21T15:28:01","guid":{"rendered":"http:\/\/www.rfv-huenfeld.de\/wp\/?page_id=3358"},"modified":"2020-06-24T03:39:03","modified_gmt":"2020-06-24T03:39:03","slug":"turniere-2020","status":"publish","type":"page","link":"https:\/\/www.rfv-huenfeld.de\/wp\/?page_id=3358","title":{"rendered":"Turniere 2020"},"content":{"rendered":"\n<p class=\"wp-block-paragraph\"><strong>Liebe Mitglieder vom RFV H\u00fcnfeld e.V., liebe Reiter und Freunde des Pferdesports,<\/strong><\/p>\n\n\n\n<p class=\"wp-block-paragraph\">nach reiflichen \u00dcberlegungen und nach vielen Gespr\u00e4chen mit den Verantwortlichen sind wir nun zu dem Entschluss gekommen, beide Turniere (Dressur- und Springturnier vom 31.07. bis 02.08.2020 sowie das Vielseitigkeitsturnier vom 08.08. bis 09.08.2020) abzusagen.<\/p>\n\n\n\n<p class=\"wp-block-paragraph\">Unsere beiden Turniere finden auf\/in der \u00f6ffentlichen Freizeitanlage der Stadt H\u00fcnfeld statt. Auch die Stadt H\u00fcnfeld ist nun zu der Entscheidung gekommen, dass \u00f6ffentliche Gel\u00e4nde, welches wir per Nutzungsvertrag zur Verf\u00fcgung gestellt bekommen, im Sinne der der Coronama\u00dfnahmen\/ Regelungen zur Eind\u00e4mmung\/Ausbreitung des Coronavirus nicht zur Verf\u00fcgung zu stellen.<\/p>\n\n\n\n<p class=\"wp-block-paragraph\">Die Entscheidung kommt nun erst \u201eso sp\u00e4t\u201c, weil wir auf weiteren Lockerungen gewartet haben. Die Absage ist seitens des Verbandes unproblematisch, die bisher verpflichteten Richter, Parcoursbauer usw. werden umgehend informiert. Reiter, die bereits eine Nennung abgegeben haben, werden ebenfalls in Kenntnis gesetzt.<\/p>\n\n\n\n<p class=\"wp-block-paragraph\">Ob das geplante Fahrturnier am 31.10.2020 stattfinden kann, ist zum heutigen Tage noch nicht wirklich einsch\u00e4tzbar. Auch hier m\u00fcssen wir mit den Verantwortlichen weitere Gespr\u00e4che f\u00fchren.<\/p>\n\n\n\n<p class=\"wp-block-paragraph\">Vielen Dank f\u00fcr euer Verst\u00e4ndnis und achtet gut auf eure Gesundheit.<\/p>\n\n\n\n<p class=\"wp-block-paragraph\">&#8211; Der Vorstand &#8211;<\/p>\n\n\n\n<p class=\"wp-block-paragraph\">Presseberichte vom Vierkampf 2020<\/p>\n\n\n\n<div class=\"wp-block-file\"><a href=\"https:\/\/www.rfv-huenfeld.de\/wp\/wp-content\/uploads\/2020\/03\/Presse-HZ-FZ-2020-03-10.pdf\">Presse-HZ-FZ-2020-03-10<\/a><a href=\"https:\/\/www.rfv-huenfeld.de\/wp\/wp-content\/uploads\/2020\/03\/Presse-HZ-FZ-2020-03-10.pdf\" class=\"wp-block-file__button\" download>Herunterladen<\/a><\/div>\n\n\n\n<div class=\"wp-block-file\"><a href=\"https:\/\/www.rfv-huenfeld.de\/wp\/wp-content\/uploads\/2020\/03\/Presse-Marktkorb-2020-03-11.pdf\">Presse-Marktkorb-2020-03-11<\/a><a href=\"https:\/\/www.rfv-huenfeld.de\/wp\/wp-content\/uploads\/2020\/03\/Presse-Marktkorb-2020-03-11.pdf\" class=\"wp-block-file__button\" download>Herunterladen<\/a><\/div>\n\n\n\n<p class=\"wp-block-paragraph\">Bildergalerie Vierkampf 2020 <br> [nggallery id=56]  <\/p>\n","protected":false},"excerpt":{"rendered":"<p>Liebe Mitglieder vom RFV H\u00fcnfeld e.V., liebe Reiter und Freunde des Pferdesports, nach reiflichen \u00dcberlegungen und nach vielen Gespr\u00e4chen mit den Verantwortlichen sind wir nun zu dem Entschluss gekommen, beide Turniere (Dressur- und Springturnier vom 31.07. bis 02.08.2020 sowie das Vielseitigkeitsturnier vom 08.08. bis 09.08.2020) abzusagen. Unsere beiden Turniere finden auf\/in der \u00f6ffentlichen Freizeitanlage der &hellip; <a href=\"https:\/\/www.rfv-huenfeld.de\/wp\/?page_id=3358\" class=\"more-link\"><span class=\"screen-reader-text\">Turniere 2020<\/span> weiterlesen <span class=\"meta-nav\">&rarr;<\/span><\/a><\/p>\n","protected":false},"author":2,"featured_media":0,"parent":1186,"menu_order":6,"comment_status":"closed","ping_status":"closed","template":"","meta":{"_crdt_document":"","footnotes":""},"class_list":["post-3358","page","type-page","status-publish","hentry"],"_links":{"self":[{"href":"https:\/\/www.rfv-huenfeld.de\/wp\/index.php?rest_route=\/wp\/v2\/pages\/3358","targetHints":{"allow":["GET"]}}],"collection":[{"href":"https:\/\/www.rfv-huenfeld.de\/wp\/index.php?rest_route=\/wp\/v2\/pages"}],"about":[{"href":"https:\/\/www.rfv-huenfeld.de\/wp\/index.php?rest_route=\/wp\/v2\/types\/page"}],"author":[{"embeddable":true,"href":"https:\/\/www.rfv-huenfeld.de\/wp\/index.php?rest_route=\/wp\/v2\/users\/2"}],"replies":[{"embeddable":true,"href":"https:\/\/www.rfv-huenfeld.de\/wp\/index.php?rest_route=%2Fwp%2Fv2%2Fcomments&post=3358"}],"version-history":[{"count":13,"href":"https:\/\/www.rfv-huenfeld.de\/wp\/index.php?rest_route=\/wp\/v2\/pages\/3358\/revisions"}],"predecessor-version":[{"id":3447,"href":"https:\/\/www.rfv-huenfeld.de\/wp\/index.php?rest_route=\/wp\/v2\/pages\/3358\/revisions\/3447"}],"up":[{"embeddable":true,"href":"https:\/\/www.rfv-huenfeld.de\/wp\/index.php?rest_route=\/wp\/v2\/pages\/1186"}],"wp:attachment":[{"href":"https:\/\/www.rfv-huenfeld.de\/wp\/index.php?rest_route=%2Fwp%2Fv2%2Fmedia&parent=3358"}],"curies":[{"name":"wp","href":"https:\/\/api.w.org\/{rel}","templated":true}]}}