{"id":3684,"date":"2021-03-04T13:17:45","date_gmt":"2021-03-04T13:17:45","guid":{"rendered":"http:\/\/www.rfv-huenfeld.de\/wp\/?page_id=3684"},"modified":"2025-12-07T08:44:36","modified_gmt":"2025-12-07T08:44:36","slug":"aktuelle-schulpferde","status":"publish","type":"page","link":"https:\/\/www.rfv-huenfeld.de\/wp\/?page_id=3684","title":{"rendered":"Aktuelle Schulpferde"},"content":{"rendered":"\n<h2 class=\"wp-block-heading\">Dusty<\/h2>\n\n\n<div class=\"wp-block-image\">\n<figure class=\"aligncenter size-full is-resized\"><a href=\"https:\/\/www.rfv-huenfeld.de\/wp\/wp-content\/uploads\/2021\/03\/Dusty.jpg\"><img loading=\"lazy\" decoding=\"async\" width=\"827\" height=\"1245\" src=\"https:\/\/www.rfv-huenfeld.de\/wp\/wp-content\/uploads\/2021\/03\/Dusty.jpg\" alt=\"\" class=\"wp-image-3686\" style=\"width:414px;height:623px\" srcset=\"https:\/\/www.rfv-huenfeld.de\/wp\/wp-content\/uploads\/2021\/03\/Dusty.jpg 827w, https:\/\/www.rfv-huenfeld.de\/wp\/wp-content\/uploads\/2021\/03\/Dusty-199x300.jpg 199w, https:\/\/www.rfv-huenfeld.de\/wp\/wp-content\/uploads\/2021\/03\/Dusty-680x1024.jpg 680w, https:\/\/www.rfv-huenfeld.de\/wp\/wp-content\/uploads\/2021\/03\/Dusty-768x1156.jpg 768w\" sizes=\"auto, (max-width: 827px) 100vw, 827px\" \/><\/a><figcaption class=\"wp-element-caption\">Dusty<\/figcaption><\/figure>\n<\/div>\n\n\n<p class=\"wp-block-paragraph\"><br>Geboren am: 04.08.2003<br>Abstammung: v. Davidoff, MV: Black Bird<br>Im Verein seit: Juni 2010<br>Einsatz: Reitunterricht, Springen, Dressur<br>Erfolge: etliche Platzierungen bis Dressurreiter- und Springreiter-WB<\/p>\n\n\n\n<p class=\"wp-block-paragraph\">Hi, ich bin der Dusty und meist mache ich meinem Namen alle Ehre und bin staubig oder schlammig oder einfach irgendwie schmutzig. Aber im Stall sagen immer alle &#8222;Dreckige Pferde sind gl\u00fcckliche Pferde&#8220;, also wenn das so ist, dann bin auf jeden Fall sehr gl\u00fccklich. Ich kam 2010 nach H\u00fcnfeld da konnte ich&#8230; eigentlich nichts. Besonders das Galoppieren fand ich am Anfang sehr schwer, wozu sollte man das auch machen? Ich kann doch auch mindestens genauso schnell traben!<br>Naja, ich habe dann alles gelernt, um ein gutes Schulpony zu werden und habe mittlerweile viel Spa\u00df daran. Wie viele Kinder auf mir reiten gelernt haben wei\u00df ich schon gar nicht mehr.<br>Besonders gern pr\u00e4sentiere ich mich ja auf dem Turnier! Ich habe mal geh\u00f6rt, wie gesagt wurde, dass ich ein ganz s\u00fc\u00dfes und tolles Pony bin, das spornt mich doch erst recht an. In F\u00fchrz\u00fcgel-, Reiter- und Dressurreiter-WB habe ich schon unz\u00e4hlige bunte Schleifen gesammelt, das ist einfach genau mein Ding. Im Springen ist das etwas anders. An sich kann ich springen und mache das auch gar nicht schlecht, sagen zumindest alle, aber auch wenn ich sonst immer mutig bin, wird es mir beim Springen schnell zu hoch und dann traue ich mich nicht mehr. Ich habe einen eingebauten Zollstock und erkenne schon, wenn das Hindernis nur 2 cm h\u00f6her ist. Da gehe ich kein Risiko ein. Trotzdem bin ich auch schon den ein oder anderen Springreiter-WB gegangen, aber h\u00f6here Spr\u00fcnge d\u00fcrfen gerne meine &#8222;Kollegen&#8220; \u00fcbernehmen.<br><em>Foto: Jana Jonas<\/em><\/p>\n\n\n\n<h2 class=\"wp-block-heading\">Emilie<\/h2>\n\n\n<div class=\"wp-block-image\">\n<figure class=\"aligncenter size-full is-resized\"><a href=\"https:\/\/www.rfv-huenfeld.de\/wp\/wp-content\/uploads\/2021\/03\/Emilie.jpeg\"><img loading=\"lazy\" decoding=\"async\" width=\"827\" height=\"1242\" src=\"https:\/\/www.rfv-huenfeld.de\/wp\/wp-content\/uploads\/2021\/03\/Emilie.jpeg\" alt=\"\" class=\"wp-image-3697\" style=\"width:414px;height:621px\" srcset=\"https:\/\/www.rfv-huenfeld.de\/wp\/wp-content\/uploads\/2021\/03\/Emilie.jpeg 827w, https:\/\/www.rfv-huenfeld.de\/wp\/wp-content\/uploads\/2021\/03\/Emilie-200x300.jpeg 200w, https:\/\/www.rfv-huenfeld.de\/wp\/wp-content\/uploads\/2021\/03\/Emilie-682x1024.jpeg 682w, https:\/\/www.rfv-huenfeld.de\/wp\/wp-content\/uploads\/2021\/03\/Emilie-768x1153.jpeg 768w\" sizes=\"auto, (max-width: 827px) 100vw, 827px\" \/><\/a><figcaption class=\"wp-element-caption\">Emilie<\/figcaption><\/figure>\n<\/div>\n\n\n<p class=\"wp-block-paragraph\">Valentinus Emilie<br>Geboren am: 01.05.2007<br>Abstammung: v. Schwalmprinz, MV: Ergano<br>Im Verein seit: 01.05.2007<br>Einsatzgebiet: Reitunterricht, Springen, Dressur<br>Erfolge: viele Platzierungen bis Dressurreiter- und Springreiter-WB<\/p>\n\n\n\n<p class=\"wp-block-paragraph\">Kiowa vom L\u00fcdereck<br>geb. 20.06.1999<br>Abstammung: v. Lahif, MV Gleisberg Hunter<br>Im Verein seit: Januar 2008<br>Einsatz: Reitunterricht, Springen (nicht mehr so viel), Dressur, Gel\u00e4nde<br>Erfolge: etliche Platzierungen, bis E Springen, Dressur- und Gel\u00e4ndereiter-WB<\/p>\n\n\n\n<p class=\"wp-block-paragraph\">Hi, ich bin Kiowa. Tja, was soll ich \u00fcber mich erz\u00e4hlen? Manche nennen mich auch Oma, aber das mag ich gar nicht gern, denn im Kopf bin ich das definitiv nicht. Leider l\u00e4sst daf\u00fcr der K\u00f6rper etwas nach, aber der Tierarzt meinte, dass ich z\u00e4h bin und wieder fit werde. Bei der guten Betreuung, die ich hier bekomme, kann es mir ja nur schnell besser gehen.<br>Bevor ich nach H\u00fcnfeld kam, war ich ein Westernpferd. Ich musste das klassische Reiten also auch erst selbst lernen, bevor ich es den Kindern beibringen konnte. Das habe ich aber schnell verstanden, auch wenn anfangs alles eine gro\u00dfe Herausforderung f\u00fcr mich war. Ich mache meinen Job zwar super gern, aber ich muss zugeben, dass das am Anfang nicht immer so war. Besonders dieses Longieren war mir erstmal echt ein R\u00e4tsel und dann musste ich auch noch langsam laufen. Eine Zeit lang ist Verena dann jeden Morgen mit mir ins Gel\u00e4nde geritten, da durfte ich richtig schnell flitzen und dann war es auch okay f\u00fcr mich es nachmittags ruhiger angehen zu lassen. Ich bin jetzt schon seit 12 Jahren im Verein und habe in dieser Zeit unz\u00e4hligen Kindern das Reiten und den Umgang mit Pferden beigebracht. Jetzt nehme ich mir eine kleine Auszeit, aber danach freue ich mich schon darauf, noch viele weitere Kinder gl\u00fccklich zu machen!<br><em>Foto: Jana Jonas<\/em><\/p>\n\n\n\n<h2 class=\"wp-block-heading\">Lotte<\/h2>\n\n\n<div class=\"wp-block-image\">\n<figure class=\"aligncenter size-full is-resized\"><a href=\"https:\/\/www.rfv-huenfeld.de\/wp\/wp-content\/uploads\/2021\/03\/Lotte.jpg\"><img loading=\"lazy\" decoding=\"async\" width=\"827\" height=\"1245\" src=\"https:\/\/www.rfv-huenfeld.de\/wp\/wp-content\/uploads\/2021\/03\/Lotte.jpg\" alt=\"\" class=\"wp-image-3702\" style=\"width:414px;height:623px\" srcset=\"https:\/\/www.rfv-huenfeld.de\/wp\/wp-content\/uploads\/2021\/03\/Lotte.jpg 827w, https:\/\/www.rfv-huenfeld.de\/wp\/wp-content\/uploads\/2021\/03\/Lotte-199x300.jpg 199w, https:\/\/www.rfv-huenfeld.de\/wp\/wp-content\/uploads\/2021\/03\/Lotte-680x1024.jpg 680w, https:\/\/www.rfv-huenfeld.de\/wp\/wp-content\/uploads\/2021\/03\/Lotte-768x1156.jpg 768w\" sizes=\"auto, (max-width: 827px) 100vw, 827px\" \/><\/a><figcaption class=\"wp-element-caption\">Lotte<\/figcaption><\/figure>\n<\/div>\n\n\n<p class=\"wp-block-paragraph\">Anne Berlin (Lotte)<br>geboren am: 17.04.2006<br>Abstammung: v. Stanislaus, MV: Avantgarde<br>Im Verein seit: Juli 2013<br>Einsatz: Reitunterricht, Springen, Dressur, Gel\u00e4nde, gelegentlich Therapie und Voltigieren<br>Erfolge: Platzierungen bis Dressurreiter-, Springreiter- und Gel\u00e4ndereiter-WB, Vize-Kreismeister LK0 Vielseitigkeit<\/p>\n\n\n\n<p class=\"wp-block-paragraph\">Guten Tag meine Damen und Herren, ich bin Anne Berlin, und warum ich mich jetzt hier vorstellen soll hat sich mir noch nicht ganz erschlossen. Aber gut, da meine Menschen das gerne m\u00f6chten, mache ich das nat\u00fcrlich. Hier im Stall nennt man mich Lotte und das gef\u00e4llt mir auch gut, Anne Berlin ist einfach zu lang. Ich bin jetzt schon 7 Jahre hier in H\u00fcnfeld. Meine Anfangszeit war f\u00fcr mich sehr schwierig, da ich vorher einige Male den Stall und Besitzer gewechselt habe dachte ich das w\u00e4re jetzt wieder so und hatte starke Verlust\u00e4ngste.<br>Diese \u00c4ngste wurde ich schnell los, denn alle bem\u00fchen sich um unser Wohl und so habe ich schnell erkannt, dass ich hier keine Angst mehr haben muss. Leiser habe ich des \u00d6fteren Bauchschmerzen, aber da wird sich immer sofort um mich gek\u00fcmmert und mittlerweile kommt es auch nicht mehr so oft vor. Allgemein macht mir mein Magen manchmal Probleme, aber da ich hier mit allem versorgt werde, geht es mir trotzdem sehr gut. Im Gegenzug gebe ich alles zur\u00fcck was ich kann. Ich bin immer lieb und engagiert bei der Arbeit. Egal ob kleine Kinder, Erwachsene oder beim Reitabzeichenlehrgang, ich gebe immer alles! Auch unseren Stolly habe ich schon unterst\u00fctz beim Reiten f\u00fcr Kinder mit Handicap. Besonders viel Spa\u00df macht mir das Springen, vorbeilaufen gibt es bei mir nicht, es gibt immer einen Weg \u00fcber den Sprung.<br>Ansonsten bin ich immer souver\u00e4n, daher bin ich auch die Chefin auf der Koppel. Die restlichen 7 machen immer was ich sage und weil das so gut funktioniert d\u00fcrfen wir auch meist alle zusammen auf die Koppel.<br>Wie ihr seht bringt mich so schnell nichts aus der Ruhe und das zeichnet mich auch aus. Wo alle anderen unsicher sind oder sogar Angst bekommen, da bleibe ich cool und gehe vor und zeige den anderen, dass es nichts zu bef\u00fcrchten gibt. Wie ihr seht mache ich meinen Job sehr gerne und das hoffentlich noch eine ganze Zeit lang.<br>Foto: Jana Jonas<\/p>\n\n\n\n<h2 class=\"wp-block-heading\">Nando<\/h2>\n\n\n<div class=\"wp-block-image\">\n<figure class=\"aligncenter size-full is-resized\"><a href=\"https:\/\/www.rfv-huenfeld.de\/wp\/wp-content\/uploads\/2021\/03\/Nando.jpeg\"><img loading=\"lazy\" decoding=\"async\" width=\"827\" height=\"1240\" src=\"https:\/\/www.rfv-huenfeld.de\/wp\/wp-content\/uploads\/2021\/03\/Nando.jpeg\" alt=\"\" class=\"wp-image-3705\" style=\"width:414px;height:620px\" srcset=\"https:\/\/www.rfv-huenfeld.de\/wp\/wp-content\/uploads\/2021\/03\/Nando.jpeg 827w, https:\/\/www.rfv-huenfeld.de\/wp\/wp-content\/uploads\/2021\/03\/Nando-200x300.jpeg 200w, https:\/\/www.rfv-huenfeld.de\/wp\/wp-content\/uploads\/2021\/03\/Nando-683x1024.jpeg 683w, https:\/\/www.rfv-huenfeld.de\/wp\/wp-content\/uploads\/2021\/03\/Nando-768x1152.jpeg 768w\" sizes=\"auto, (max-width: 827px) 100vw, 827px\" \/><\/a><figcaption class=\"wp-element-caption\">Nando<\/figcaption><\/figure>\n<\/div>\n\n\n<p class=\"wp-block-paragraph\">Nando<br>geboren am: 21.4.2012<br>Im Verein seit: November 2017<br>Abstammung: v. Nandolino, MV: Santiago II<br>Einsatzgebiet: Reitunterricht, Springen, Dressur, Gel\u00e4nde, Voltigieren<br>Erfolge: RWB gewonnen, Kreismeisterschaft Vielseitigkeit LK0 3. Platz<\/p>\n\n\n\n<p class=\"wp-block-paragraph\">Hi, ich bin der Nando. Endlich komm ich hier mal zu Wort. Seit November 2017 bin ich in H\u00fcnfeld. Da war ich gerade mal 5 Jahre alt und fand alles sehr aufregend. Ich wusste erstmal gar nicht so recht was ich hier sollte, aber als ich dann den Stolly kennengelernt hab, hat der mir das erkl\u00e4rt. Gut ich gebe zu, ich habe ihm nicht genau zugeh\u00f6rt, ich wollte lieber spielen. Nur irgendwas von ich soll &#8222;seinen Job&#8220; mal komplett \u00fcbernehmen und so was hat er glaub ich gesagt. Dass das so schwer und so viel ist h\u00e4tte ich echt nicht gedacht. Aber wir haben langsam angefangen und mir wurde erstmal alles behutsam beigebracht. Besonders mit dem Galopp rechtsrum hatte ich ganzlange Probleme, aber dann kam eine nette Frau, die mich massiert und \u00fcberall ein bisschen gedr\u00fcckt und gezogen hat und dann hat auch der Galopp rechtsrum wieder geklappt. Auch das Springen macht mir mittlerweile ganz viel Spa\u00df, dabei ist mir ganz egal ob es \u00fcber normale Hindernisse oder Baumst\u00e4mme geht. Im Moment fange ich langsam an beim Volti mitzumachen. Das ist gar nicht mal so einfach, wenn die Kinder \u00dcbungen auf mir machen, aber ich versuche gut auf sie aufzupassen und nicht so schnell zu laufen.<br>Wie ihr seht wei\u00df ich mittlerweile ungef\u00e4hr was ich zu tun habe und kann mich auch mal l\u00e4nger konzentrieren.<br>An mein erstes Turnier kann ich mich auch noch gut erinnern, da dachte ich es w\u00e4re eine gro\u00dfe Party, schlie\u00dflich waren ganz viele Pferde und Menschen da und Musik war auch an. Da habe ich dann auch eine kleine Party veranstaltet und meinen Spa\u00df gehabt. Das fand meine Reiterin gar nicht so gut. Aber der Stolly hat mir dann nochmal erkl\u00e4rt, dass ein Turnier keine Party ist, sondern dass man sich da von seiner besten Seite zeigen muss, um einen Preis zu bekommen. Das habe ich nat\u00fcrlich gleich verstanden und beim 2. Versuch lief es direkt viel besser und meine Reiterin hat sogar so eine Schleife bekommen. Aber ich muss wohl noch viel lernen, bis ich in seine gro\u00dfen Fu\u00df- bzw. Hufstapfen treten kann.<br>Aber ich sag mal so, je l\u00e4nger ich mich nicht so gut anstelle, desto l\u00e4nger bleibt ja auch der Stolly fit. Denn das h\u00e4lt ihn jung. Den Rest erledige ich auf der Koppel. Da halte ich immer alle auf Trab und spiele viel mit den anderen.<br><em>Foto: Jessica Kirsten<\/em><\/p>\n\n\n\n<h2 class=\"wp-block-heading\">Sirius<\/h2>\n\n\n<div class=\"wp-block-image\">\n<figure class=\"aligncenter size-full is-resized\"><a href=\"https:\/\/www.rfv-huenfeld.de\/wp\/wp-content\/uploads\/2021\/03\/Sirius.jpeg\"><img loading=\"lazy\" decoding=\"async\" width=\"827\" height=\"1241\" src=\"https:\/\/www.rfv-huenfeld.de\/wp\/wp-content\/uploads\/2021\/03\/Sirius.jpeg\" alt=\"\" class=\"wp-image-3708\" style=\"width:414px;height:621px\" srcset=\"https:\/\/www.rfv-huenfeld.de\/wp\/wp-content\/uploads\/2021\/03\/Sirius.jpeg 827w, https:\/\/www.rfv-huenfeld.de\/wp\/wp-content\/uploads\/2021\/03\/Sirius-200x300.jpeg 200w, https:\/\/www.rfv-huenfeld.de\/wp\/wp-content\/uploads\/2021\/03\/Sirius-682x1024.jpeg 682w, https:\/\/www.rfv-huenfeld.de\/wp\/wp-content\/uploads\/2021\/03\/Sirius-768x1152.jpeg 768w\" sizes=\"auto, (max-width: 827px) 100vw, 827px\" \/><\/a><figcaption class=\"wp-element-caption\">Sirius<\/figcaption><\/figure>\n<\/div>\n\n\n<p class=\"wp-block-paragraph\">Valentinus Sirius<br>geboren am: 07.04.2010<br>Abstammung: v. Schwalmprinz, MV: Javelot<br>Im Verein seit: M\u00e4rz 2016<br>Einsatzgebiet: Reitunterricht, Springen, Dressur<br>Erfolge: viele Platzierungen bis Dressurreiter- und Springreiter-WB, Kreismeister Jugend LK0 2019<\/p>\n\n\n\n<p class=\"wp-block-paragraph\">Hey, ich bin der Sirius, ja ja, da hat die Emmi euch eben aber was erz\u00e4hlt&#8230;. also ich bin ja immer noch der Meinung, dass ich zuerst da war. Und ich bin \u00fcbrigens Emilies Halbbruder, denn wir haben den gleichen Papa und meine Mama ist eine Halbschwester von der Emmi und&#8230; ach das ist alles ganz sch\u00f6n kompliziert. Aber wir sind uns zumindest in der Abstammung schon ziemlich \u00e4hnlich, das kann ich wohl nicht leugnen.<br>Also ganz urspr\u00fcnglich sollte ich mal gek\u00f6rt werden, aber das hat leider nicht geklappt. Aber ich bin da gar nicht so traurig dr\u00fcber, denn hier sagen alle, dass das Leben als Wallach viel entspannter ist und ich deshalb auch immer mit meinen Kumpels raus darf. Darauf w\u00fcrde ich auch nicht verzichten wollen, schlie\u00dflich ist es mein Lieblingsspiel dem Dusty sein Halfter auszuziehen, aber genug davon. Ich kam also im M\u00e4rz 2016 nach H\u00fcnfeld und da war ich gerade erst 6 Jahre alt und konnte noch nicht viel. Der Verein hat mich trotzdem als so junges Pferd gekauft, um mich auszubilden, damit ich ein tolles Schulpferd werde.<br>Obwohl ich alles schnell gelernt habe und immer brav war, wurde mir viel Zeit gelassen, sodass ich langsam in die Aufgabe als Schulpferd hineinwachsen und mich daran gew\u00f6hnen konnte. Dar\u00fcber bin ich total froh und ich gebe es zur\u00fcck indem ich immer super motiviert und brav bei der Arbeit bin.<br>Auch das Springen macht mir richtig viel Spa\u00df, da bin ich manchmal kaum zu bremsen. Im Winter bei den kalten Temperaturen habe ich immer richtig Lust mich zu bewegen, manchmal muss ich da ein bisschen gebremst werden, schlie\u00dflich will ich auf keinen Fall meine Reiter verlieren. Im Sommer geht es manchmal auf&#8217;s Turnier, das finde ich auch richtig cool und ich finde die Schleifen stehen mir auch echt gut.<br><em>Foto: Jessica Kirsten<\/em><\/p>\n\n\n\n<h2 class=\"wp-block-heading\">Stolly<\/h2>\n\n\n<div class=\"wp-block-image\">\n<figure class=\"aligncenter size-full is-resized\"><a href=\"https:\/\/www.rfv-huenfeld.de\/wp\/wp-content\/uploads\/2021\/03\/Stolly.jpg\"><img loading=\"lazy\" decoding=\"async\" width=\"827\" height=\"1245\" src=\"https:\/\/www.rfv-huenfeld.de\/wp\/wp-content\/uploads\/2021\/03\/Stolly.jpg\" alt=\"\" class=\"wp-image-3711\" style=\"width:414px;height:623px\" srcset=\"https:\/\/www.rfv-huenfeld.de\/wp\/wp-content\/uploads\/2021\/03\/Stolly.jpg 827w, https:\/\/www.rfv-huenfeld.de\/wp\/wp-content\/uploads\/2021\/03\/Stolly-199x300.jpg 199w, https:\/\/www.rfv-huenfeld.de\/wp\/wp-content\/uploads\/2021\/03\/Stolly-680x1024.jpg 680w, https:\/\/www.rfv-huenfeld.de\/wp\/wp-content\/uploads\/2021\/03\/Stolly-768x1156.jpg 768w\" sizes=\"auto, (max-width: 827px) 100vw, 827px\" \/><\/a><figcaption class=\"wp-element-caption\">Stolly<\/figcaption><\/figure>\n<\/div>\n\n\n<p class=\"wp-block-paragraph\">Name: Stolly Coeur<br>geboren am: 09.05.2002<br>Abstammung: v. St\u00fcrmer, MV: Mandler<br>Im Verein seit: Mai 2007<br>Einsatzgebiet: Reitunterricht, Springen, Dressur, Gel\u00e4nde, Voltigieren, Therapie<br>Erfolge: A** Dressur 4. Platz, E Springen 2. Platz, Sieger IGV Sch\u00fcler-Ausbilder Cup 2017, Kreismeister LK0 Vielseitigkeit 2019 und viele viele mehr<\/p>\n\n\n\n<p class=\"wp-block-paragraph\">Hi, ich bin der Stolly und hier in H\u00fcnfeld schon ein Urgestein unter den Schulpferden. Ich kam 2007 nach H\u00fcnfeld. Damals war ich gerade 5 Jahre alt und immer mal recht wild unterwegs. Dass ich sp\u00e4ter mal f\u00fcr therapeutisches Reiten geeignet w\u00e4re, h\u00e4tte da wohl keiner gedacht. Aber mit der Zeit habe ich viel gelernt und bin reifer und auch etwas ruhiger geworden. Mittlerweile nennt man mich nur noch &#8222;Unimog&#8220;, denn ich kann einfach alles. Egal ob Reit- oder Voltigierunterricht, Springen oder Gel\u00e4nde, ich mache immer alles mit. Auf Turnieren wei\u00df ich genau, wann es gilt und kann mich dort richtig gut pr\u00e4sentieren. Da ich wirklich alles mitmache und hier das vielseitigste Schulpferd bin, wird es mir auch verziehen, wenn ich mal nicht wei\u00df wohin mit meiner Energie. Aber hey, ich bin jetzt schon 18 Jahre alt und immer noch top in Form, das muss mir erstmal einer nachmachen! Einen besonderen Draht habe ich auch zu den Kindern der Vinzenz-von-Paul Schule, welche zum therapeutischen Reiten zu mir kommen. Ich merke immer sofort, wenn ein Kind zur Seite rutscht und bleibe dann direkt stehen. Ich wei\u00df, dass ich auf sie ganz besonders gut aufpassen muss. Auch wenn ich noch topfit bin, bin ich ja doch nicht mehr der allerj\u00fcngste. Aber mein Nachfolger steht schon im Stall und wird langsam an meine Aufgaben herangef\u00fchrt, um diese sp\u00e4ter mal zu \u00fcbernehmen.<br><em>Foto: Jana Jonas<\/em><\/p>\n","protected":false},"excerpt":{"rendered":"<p>Dusty Geboren am: 04.08.2003Abstammung: v. Davidoff, MV: Black BirdIm Verein seit: Juni 2010Einsatz: Reitunterricht, Springen, DressurErfolge: etliche Platzierungen bis Dressurreiter- und Springreiter-WB Hi, ich bin der Dusty und meist mache ich meinem Namen alle Ehre und bin staubig oder schlammig oder einfach irgendwie schmutzig. Aber im Stall sagen immer alle &#8222;Dreckige Pferde sind gl\u00fcckliche Pferde&#8220;, &hellip; <a href=\"https:\/\/www.rfv-huenfeld.de\/wp\/?page_id=3684\" class=\"more-link\"><span class=\"screen-reader-text\">Aktuelle Schulpferde<\/span> weiterlesen <span class=\"meta-nav\">&rarr;<\/span><\/a><\/p>\n","protected":false},"author":2,"featured_media":0,"parent":3682,"menu_order":1,"comment_status":"closed","ping_status":"closed","template":"","meta":{"_crdt_document":"","footnotes":""},"class_list":["post-3684","page","type-page","status-publish","hentry"],"_links":{"self":[{"href":"https:\/\/www.rfv-huenfeld.de\/wp\/index.php?rest_route=\/wp\/v2\/pages\/3684","targetHints":{"allow":["GET"]}}],"collection":[{"href":"https:\/\/www.rfv-huenfeld.de\/wp\/index.php?rest_route=\/wp\/v2\/pages"}],"about":[{"href":"https:\/\/www.rfv-huenfeld.de\/wp\/index.php?rest_route=\/wp\/v2\/types\/page"}],"author":[{"embeddable":true,"href":"https:\/\/www.rfv-huenfeld.de\/wp\/index.php?rest_route=\/wp\/v2\/users\/2"}],"replies":[{"embeddable":true,"href":"https:\/\/www.rfv-huenfeld.de\/wp\/index.php?rest_route=%2Fwp%2Fv2%2Fcomments&post=3684"}],"version-history":[{"count":20,"href":"https:\/\/www.rfv-huenfeld.de\/wp\/index.php?rest_route=\/wp\/v2\/pages\/3684\/revisions"}],"predecessor-version":[{"id":5793,"href":"https:\/\/www.rfv-huenfeld.de\/wp\/index.php?rest_route=\/wp\/v2\/pages\/3684\/revisions\/5793"}],"up":[{"embeddable":true,"href":"https:\/\/www.rfv-huenfeld.de\/wp\/index.php?rest_route=\/wp\/v2\/pages\/3682"}],"wp:attachment":[{"href":"https:\/\/www.rfv-huenfeld.de\/wp\/index.php?rest_route=%2Fwp%2Fv2%2Fmedia&parent=3684"}],"curies":[{"name":"wp","href":"https:\/\/api.w.org\/{rel}","templated":true}]}}