{"id":39,"date":"2011-11-26T17:01:38","date_gmt":"2011-11-26T17:01:38","guid":{"rendered":"http:\/\/www.rfv-huenfeld.de\/wp\/?page_id=39"},"modified":"2025-01-02T09:57:29","modified_gmt":"2025-01-02T09:57:29","slug":"unser-verein","status":"publish","type":"page","link":"https:\/\/www.rfv-huenfeld.de\/wp\/?page_id=39","title":{"rendered":"Unser Verein"},"content":{"rendered":"<p>Der Reit- und Fahrverein H\u00fcnfeld geh\u00f6rt mit ca. 270 Mitgliedern zu den gr\u00f6\u00dften pferdesporttreibenden Vereinen im Kreisreiterbund Rh\u00f6n- Vogelsberg.<\/p>\n<p>Gegr\u00fcndet wurde der Verein 1948 und befand sich die ersten Jahre in der Fuldaer Stra\u00dfe in H\u00fcnfeld.1985 wurde die neue Reithalle mit Stallungen am Haselsee gebaut. Die Stallungen wurden im Laufe der Jahre erweitert und auch der Au\u00dfenplatz (Hessentagsplatz) wurde im Jahr 2000 neu gebaut.<\/p>\n<p>In den Jahren 2008 bis Ende 2010 wurde ein neuer Abreiteplatz, eine neue Lagerhalle f\u00fcr Heu- und Stroh, eine neue Umz\u00e4unung des Hessentagsplatzes, die Sanierung des Eingangsgiebels sowie eine neue Wasserversorgung incl. Rohrbegleitheizung f\u00fcr den &#8222;alten&#8220; Stall ausgef\u00fchrt.<\/p>\n<p>Besonders erfreulich ist, dass unser Verein, trotz gro\u00dfer Bauma\u00dfnahmen nahezu schuldenfrei ist, wir jedoch dennoch das Geld nicht mit vollen H\u00e4nden ausgeben d\u00fcrfen, sondern sinnvoll und sparsam!<\/p>\n<p>Unsere Reitanlage ist eingebettet in eine sch\u00f6ne Landschaft, die auch Nichtreitern viele M\u00f6glichkeiten zur Freizeitgestaltung bietet. So befindet sich das Freibad unmittelbar an der Zufahrt zur Reithalle. Vom Reitverein aus sind es nur ca. 10 Minuten zu Fu\u00df in die Stadtmitte, rund um den Haselsee gibt es vielf\u00e4ltige Angebote.<\/p>\n<p>In unserem Verein wird die Arbeit mit Kindern und Jugendlichen gro\u00df geschrieben!<\/p>\n<p>Sei es beim Voltigieren ( ideal als Einstieg zum Reiten) von Spielgruppe ab 4 Jahren, \u00fcber Reitunterricht f\u00fcr Anf\u00e4nger und Fortgeschrittene bis zu Ausritten und Veranstaltungen wie Reitturnieren, Nikolausfeier, Weihnachtsfeier!<\/p>\n<p>Der Verein stellt f\u00fcr den Reitunterricht und Voltigieren mehrere Schulpferde zur Verf\u00fcgung. Bei Bedarf stellen einige Einstaller\/ Mitglieder ihre Privatpferde f\u00fcr den Unterricht zus\u00e4tzlich zu Verf\u00fcgung.<\/p>\n<p>Auch die Erwachsenen kommen nicht zu kurz.<\/p>\n<p>Unter der Leitung von Herrn Lars Schneemann findet ganzj\u00e4hrig Spring-Training in unserer Reitanlage statt.<\/p>\n<p>Besonders stolz sind wir auf die Leistungen unserer aktiven Mitglieder: Voltigierer, Spring- und Dressurreiter, Fahrsportler und Freizeitreiter trainieren w\u00f6chentlich in unserer Vereinsanlage und erzielen beachtliche Erfolge.<\/p>\n<p>Unsere Reitsch\u00fcler nehmen w\u00f6chentlich am Vereinsunterricht teil und konnten ebenfalls erste Turniererfahrungen auf vereinseigenen Schulpferden sowie auf eigenen Pferden sammeln. F\u00fcr den reibungslosen Ablauf der Reit- und Voltigierstunden sorgen engagierte Ausbilder des RFV H\u00fcnfeld.<\/p>\n<p>J\u00e4hrlich findet am zweiten August -Wochenende (in 2008 hatten wir 50. Turnierjubil\u00e4um) unser j\u00e4hrliches Reitturnier (Dressuer- und Springen) \u00fcber drei Tage statt. Dank der gro\u00dfen Resonanz unter den Reitern\/Innen, die nicht nur aus Hessen, sondern auch aus den angrenzenden Bundesl\u00e4ndern, z\u00e4hlen diese Turniere zu den reitsportlichen Highlights in unserer Region.<\/p>\n<p>Seit August 2010 richten wir nach unserem Traditionsturnier auch noch ein Vielseitigkeitsturnier \u00fcber 2 Tage aus. Derzeit bieten wir auf unserer Anlage sowie auf dem tollen Gel\u00e4nde des Freizeitgel\u00e4ndes am Haselsee Vielseitigkeitspr\u00fcfungen bis zur Klasse L.<br \/>\n<em>Besonders dankbar sind wir allen Mitgliedern und Sponsoren, ohne deren tatkr\u00e4ftige und engagierte Mithilfe diese Veranstaltung nicht durchf\u00fchrbar w\u00e4re.<\/em><\/p>\n<p>Schul- und Kindergarten-Projekt-Tagen stehen wir immer offen gegen\u00fcber, ebenso Lehrg\u00e4ngen, sei es in der Dressur, Springen oder Vielseitigkeit.<\/p>\n<p>Neue (kleine und gro\u00dfe) Mitglieder sind uns herzlich willkommen &#8211; ob als Turnier- oder Freizeitreiter, Voltigierer oder Fahrer.<\/p>\n<p>Ansprechpartner f\u00fcr die einzelnen M\u00f6glichkeiten und weitere Informationen erhalten Sie von unseren Vorstandsmitgliedern.<\/p>\n<p>Wir w\u00fcnschen allen unseren Mitgliedern und allen denen, die es noch werden wollen, viel Spa\u00df, Freude und Erfolg mit ihren Vierbeinern!<\/p>\n","protected":false},"excerpt":{"rendered":"<p>Der Reit- und Fahrverein H\u00fcnfeld geh\u00f6rt mit ca. 270 Mitgliedern zu den gr\u00f6\u00dften pferdesporttreibenden Vereinen im Kreisreiterbund Rh\u00f6n- Vogelsberg. Gegr\u00fcndet wurde der Verein 1948 und befand sich die ersten Jahre in der Fuldaer Stra\u00dfe in H\u00fcnfeld.1985 wurde die neue Reithalle mit Stallungen am Haselsee gebaut. Die Stallungen wurden im Laufe der Jahre erweitert und auch &hellip; <a href=\"https:\/\/www.rfv-huenfeld.de\/wp\/?page_id=39\" class=\"more-link\"><span class=\"screen-reader-text\">Unser Verein<\/span> weiterlesen <span class=\"meta-nav\">&rarr;<\/span><\/a><\/p>\n","protected":false},"author":2,"featured_media":0,"parent":0,"menu_order":6,"comment_status":"closed","ping_status":"closed","template":"","meta":{"_crdt_document":"","footnotes":""},"class_list":["post-39","page","type-page","status-publish","hentry"],"_links":{"self":[{"href":"https:\/\/www.rfv-huenfeld.de\/wp\/index.php?rest_route=\/wp\/v2\/pages\/39","targetHints":{"allow":["GET"]}}],"collection":[{"href":"https:\/\/www.rfv-huenfeld.de\/wp\/index.php?rest_route=\/wp\/v2\/pages"}],"about":[{"href":"https:\/\/www.rfv-huenfeld.de\/wp\/index.php?rest_route=\/wp\/v2\/types\/page"}],"author":[{"embeddable":true,"href":"https:\/\/www.rfv-huenfeld.de\/wp\/index.php?rest_route=\/wp\/v2\/users\/2"}],"replies":[{"embeddable":true,"href":"https:\/\/www.rfv-huenfeld.de\/wp\/index.php?rest_route=%2Fwp%2Fv2%2Fcomments&post=39"}],"version-history":[{"count":15,"href":"https:\/\/www.rfv-huenfeld.de\/wp\/index.php?rest_route=\/wp\/v2\/pages\/39\/revisions"}],"predecessor-version":[{"id":5248,"href":"https:\/\/www.rfv-huenfeld.de\/wp\/index.php?rest_route=\/wp\/v2\/pages\/39\/revisions\/5248"}],"wp:attachment":[{"href":"https:\/\/www.rfv-huenfeld.de\/wp\/index.php?rest_route=%2Fwp%2Fv2%2Fmedia&parent=39"}],"curies":[{"name":"wp","href":"https:\/\/api.w.org\/{rel}","templated":true}]}}