{"id":4068,"date":"2022-01-05T06:38:50","date_gmt":"2022-01-05T06:38:50","guid":{"rendered":"https:\/\/www.rfv-huenfeld.de\/wp\/?page_id=4068"},"modified":"2022-10-07T07:43:43","modified_gmt":"2022-10-07T07:43:43","slug":"turniere-2022","status":"publish","type":"page","link":"https:\/\/www.rfv-huenfeld.de\/wp\/?page_id=4068","title":{"rendered":"Turniere 2022"},"content":{"rendered":"\n<h2 class=\"wp-block-heading\"><strong>03.04.2022 WBO Turnier<\/strong><br>Springen auf E-, A- und L- Niveau. <\/h2>\n\n\n\n<p class=\"wp-block-paragraph\">WBO- Turnier musste leider abgesagt werden.<\/p>\n\n\n\n<h2 class=\"wp-block-heading\">Zeitungsberichte beider Turnierveranstaltungen<\/h2>\n\n\n\n<div data-wp-interactive=\"core\/file\" class=\"wp-block-file\"><object data-wp-bind--hidden=\"!state.hasPdfPreview\" hidden class=\"wp-block-file__embed\" data=\"https:\/\/www.rfv-huenfeld.de\/wp\/wp-content\/uploads\/2022\/08\/01-29072022-Vorbericht-HZ-Vielseitigkeit-2022.pdf\" type=\"application\/pdf\" style=\"width:100%;height:600px\" aria-label=\"Einbettung von 01-29072022-Vorbericht-HZ-Vielseitigkeit-2022.\"><\/object><a id=\"wp-block-file--media-3ec7a254-b555-4c24-bd00-c8d1a8ef0c3b\" href=\"https:\/\/www.rfv-huenfeld.de\/wp\/wp-content\/uploads\/2022\/08\/01-29072022-Vorbericht-HZ-Vielseitigkeit-2022.pdf\">01-29072022-Vorbericht-HZ-Vielseitigkeit-2022<\/a><a href=\"https:\/\/www.rfv-huenfeld.de\/wp\/wp-content\/uploads\/2022\/08\/01-29072022-Vorbericht-HZ-Vielseitigkeit-2022.pdf\" class=\"wp-block-file__button wp-element-button\" download aria-describedby=\"wp-block-file--media-3ec7a254-b555-4c24-bd00-c8d1a8ef0c3b\">Herunterladen<\/a><\/div>\n\n\n\n<p class=\"wp-block-paragraph\"><\/p>\n\n\n\n<div data-wp-interactive=\"core\/file\" class=\"wp-block-file\"><object data-wp-bind--hidden=\"!state.hasPdfPreview\" hidden class=\"wp-block-file__embed\" data=\"https:\/\/www.rfv-huenfeld.de\/wp\/wp-content\/uploads\/2022\/08\/02-02082022-Nachbericht-HZ-Vielseitihkeit-2022.pdf\" type=\"application\/pdf\" style=\"width:100%;height:600px\" aria-label=\"Einbettung von 02-02082022-Nachbericht-HZ-Vielseitihkeit-2022.\"><\/object><a id=\"wp-block-file--media-30f0f68b-9209-4dbc-8dab-321f4318b30e\" href=\"https:\/\/www.rfv-huenfeld.de\/wp\/wp-content\/uploads\/2022\/08\/02-02082022-Nachbericht-HZ-Vielseitihkeit-2022.pdf\">02-02082022-Nachbericht-HZ-Vielseitihkeit-2022<\/a><a href=\"https:\/\/www.rfv-huenfeld.de\/wp\/wp-content\/uploads\/2022\/08\/02-02082022-Nachbericht-HZ-Vielseitihkeit-2022.pdf\" class=\"wp-block-file__button wp-element-button\" download aria-describedby=\"wp-block-file--media-30f0f68b-9209-4dbc-8dab-321f4318b30e\">Herunterladen<\/a><\/div>\n\n\n\n<p class=\"wp-block-paragraph\"><\/p>\n\n\n\n<div data-wp-interactive=\"core\/file\" class=\"wp-block-file\"><object data-wp-bind--hidden=\"!state.hasPdfPreview\" hidden class=\"wp-block-file__embed\" data=\"https:\/\/www.rfv-huenfeld.de\/wp\/wp-content\/uploads\/2022\/08\/03-12082022-Vorbericht-HZ-Dressur-Springen-2022.pdf\" type=\"application\/pdf\" style=\"width:100%;height:600px\" aria-label=\"Einbettung von 03-12082022-Vorbericht-HZ-Dressur-Springen-2022.\"><\/object><a id=\"wp-block-file--media-762ea574-f74a-4d08-89a6-e4acdbbe06f1\" href=\"https:\/\/www.rfv-huenfeld.de\/wp\/wp-content\/uploads\/2022\/08\/03-12082022-Vorbericht-HZ-Dressur-Springen-2022.pdf\">03-12082022-Vorbericht-HZ-Dressur-Springen-2022<\/a><a href=\"https:\/\/www.rfv-huenfeld.de\/wp\/wp-content\/uploads\/2022\/08\/03-12082022-Vorbericht-HZ-Dressur-Springen-2022.pdf\" class=\"wp-block-file__button wp-element-button\" download aria-describedby=\"wp-block-file--media-762ea574-f74a-4d08-89a6-e4acdbbe06f1\">Herunterladen<\/a><\/div>\n\n\n\n<div data-wp-interactive=\"core\/file\" class=\"wp-block-file\"><object data-wp-bind--hidden=\"!state.hasPdfPreview\" hidden class=\"wp-block-file__embed\" data=\"https:\/\/www.rfv-huenfeld.de\/wp\/wp-content\/uploads\/2022\/08\/04-16082022-Nachbericht-HZ-Dressur-Springen-2022.pdf\" type=\"application\/pdf\" style=\"width:100%;height:600px\" aria-label=\"Einbettung von 04-16082022-Nachbericht-HZ-Dressur-Springen-2022.\"><\/object><a id=\"wp-block-file--media-ae0e15f4-9868-49a7-b20d-d20b487bb2d9\" href=\"https:\/\/www.rfv-huenfeld.de\/wp\/wp-content\/uploads\/2022\/08\/04-16082022-Nachbericht-HZ-Dressur-Springen-2022.pdf\">04-16082022-Nachbericht-HZ-Dressur-Springen-2022<\/a><a href=\"https:\/\/www.rfv-huenfeld.de\/wp\/wp-content\/uploads\/2022\/08\/04-16082022-Nachbericht-HZ-Dressur-Springen-2022.pdf\" class=\"wp-block-file__button wp-element-button\" download aria-describedby=\"wp-block-file--media-ae0e15f4-9868-49a7-b20d-d20b487bb2d9\">Herunterladen<\/a><\/div>\n\n\n\n<h2 class=\"wp-block-heading\"><strong>30. &#8211; 31.07.2022<\/strong><br>Das 11. Vielseitigkeitsturnier mit Hessenmeisterschaften<\/h2>\n\n\n\n<p class=\"wp-block-paragraph\">Hier ein paar Fotos vom Samstag und Sonntag:<\/p>\n\n\n\n<p class=\"wp-block-paragraph\"><a href=\"http:\/\/[nggallery id=63]\" target=\"_blank\" rel=\"noreferrer noopener\">[nggallery id=63]<\/a><\/p>\n\n\n\n<p class=\"wp-block-paragraph\"><\/p>\n\n\n\n<p class=\"wp-block-paragraph\"><strong>Hier alle aktuellen Gel\u00e4ndestrecken (1, 2, 3, 7 und 11)<\/strong><\/p>\n\n\n\n<p class=\"wp-block-paragraph\"><\/p>\n\n\n\n<div data-wp-interactive=\"core\/file\" class=\"wp-block-file\"><object data-wp-bind--hidden=\"!state.hasPdfPreview\" hidden class=\"wp-block-file__embed\" data=\"https:\/\/www.rfv-huenfeld.de\/wp\/wp-content\/uploads\/2022\/07\/Gelaendestrecken_gesamt.pdf\" type=\"application\/pdf\" style=\"width:100%;height:600px\" aria-label=\"Einbettung von Gelaendestrecken_gesamt.\"><\/object><a id=\"wp-block-file--media-dc83d6b7-c56e-49a1-8cab-b7be77460096\" href=\"https:\/\/www.rfv-huenfeld.de\/wp\/wp-content\/uploads\/2022\/07\/Gelaendestrecken_gesamt.pdf\">Gelaendestrecken_gesamt<\/a><a href=\"https:\/\/www.rfv-huenfeld.de\/wp\/wp-content\/uploads\/2022\/07\/Gelaendestrecken_gesamt.pdf\" class=\"wp-block-file__button wp-element-button\" download aria-describedby=\"wp-block-file--media-dc83d6b7-c56e-49a1-8cab-b7be77460096\">Herunterladen<\/a><\/div>\n\n\n\n<p class=\"wp-block-paragraph\">Hier k\u00f6nnt Ihr die Zeiteinteilung herunterladen.<\/p>\n\n\n\n<div data-wp-interactive=\"core\/file\" class=\"wp-block-file\"><object data-wp-bind--hidden=\"!state.hasPdfPreview\" hidden class=\"wp-block-file__embed\" data=\"https:\/\/www.rfv-huenfeld.de\/wp\/wp-content\/uploads\/2022\/07\/2022-07-26_Zeiteinteilung-Vielseitigkeitsturnier_RFV-Huenfeld_v2.pdf\" type=\"application\/pdf\" style=\"width:100%;height:600px\" aria-label=\"Einbettung von 2022-07-26_Zeiteinteilung-Vielseitigkeitsturnier_RFV-Huenfeld_v2.\"><\/object><a id=\"wp-block-file--media-fa2e5a8f-550c-4d92-9ca1-ac6fd99597db\" href=\"https:\/\/www.rfv-huenfeld.de\/wp\/wp-content\/uploads\/2022\/07\/2022-07-26_Zeiteinteilung-Vielseitigkeitsturnier_RFV-Huenfeld_v2.pdf\">2022-07-26_Zeiteinteilung-Vielseitigkeitsturnier_RFV-Huenfeld_v2<\/a><a href=\"https:\/\/www.rfv-huenfeld.de\/wp\/wp-content\/uploads\/2022\/07\/2022-07-26_Zeiteinteilung-Vielseitigkeitsturnier_RFV-Huenfeld_v2.pdf\" class=\"wp-block-file__button wp-element-button\" download aria-describedby=\"wp-block-file--media-fa2e5a8f-550c-4d92-9ca1-ac6fd99597db\">Herunterladen<\/a><\/div>\n\n\n\n<p class=\"wp-block-paragraph\">Hier die genehmigte Ausschreibung zum downloaden<\/p>\n\n\n\n<div data-wp-interactive=\"core\/file\" class=\"wp-block-file\"><object data-wp-bind--hidden=\"!state.hasPdfPreview\" hidden class=\"wp-block-file__embed\" data=\"https:\/\/www.rfv-huenfeld.de\/wp\/wp-content\/uploads\/2022\/06\/692231008-Huenfeld-HM-Vielseitigkeit_genehmigte-Ausschreibung.pdf\" type=\"application\/pdf\" style=\"width:100%;height:600px\" aria-label=\"Einbettung von 692231008-Huenfeld-HM-Vielseitigkeit_genehmigte-Ausschreibung.\"><\/object><a id=\"wp-block-file--media-b0bcb723-f40a-4f5c-b998-f1fa122940b2\" href=\"https:\/\/www.rfv-huenfeld.de\/wp\/wp-content\/uploads\/2022\/06\/692231008-Huenfeld-HM-Vielseitigkeit_genehmigte-Ausschreibung.pdf\">692231008-Huenfeld-HM-Vielseitigkeit_genehmigte-Ausschreibung<\/a><a href=\"https:\/\/www.rfv-huenfeld.de\/wp\/wp-content\/uploads\/2022\/06\/692231008-Huenfeld-HM-Vielseitigkeit_genehmigte-Ausschreibung.pdf\" class=\"wp-block-file__button wp-element-button\" download aria-describedby=\"wp-block-file--media-b0bcb723-f40a-4f5c-b998-f1fa122940b2\">Herunterladen<\/a><\/div>\n\n\n\n<p class=\"wp-block-paragraph\"><\/p>\n\n\n\n<h2 class=\"wp-block-heading\"><strong>12. &#8211; 14.08.2022<\/strong><br>Das 63. Dressur- und Springturnier<\/h2>\n\n\n\n<p class=\"wp-block-paragraph\">Hier die genehmigte Ausschreibung zum downloaden.<\/p>\n\n\n\n<div data-wp-interactive=\"core\/file\" class=\"wp-block-file\"><object data-wp-bind--hidden=\"!state.hasPdfPreview\" hidden class=\"wp-block-file__embed\" data=\"https:\/\/www.rfv-huenfeld.de\/wp\/wp-content\/uploads\/2022\/06\/22-08-12-bis14-genehmigte-Ausschreibung.pdf\" type=\"application\/pdf\" style=\"width:100%;height:600px\" aria-label=\"Einbettung von 22-08-12-bis14-genehmigte-Ausschreibung.\"><\/object><a id=\"wp-block-file--media-80118dbd-5a82-414c-b26c-f1ebfad0b8f7\" href=\"https:\/\/www.rfv-huenfeld.de\/wp\/wp-content\/uploads\/2022\/06\/22-08-12-bis14-genehmigte-Ausschreibung.pdf\">22-08-12-bis14-genehmigte-Ausschreibung<\/a><a href=\"https:\/\/www.rfv-huenfeld.de\/wp\/wp-content\/uploads\/2022\/06\/22-08-12-bis14-genehmigte-Ausschreibung.pdf\" class=\"wp-block-file__button wp-element-button\" download aria-describedby=\"wp-block-file--media-80118dbd-5a82-414c-b26c-f1ebfad0b8f7\">Herunterladen<\/a><\/div>\n\n\n\n<p class=\"wp-block-paragraph\">Hier k\u00f6nnt Ihr die Zeiteinteilung herunterladen.<\/p>\n\n\n\n<div data-wp-interactive=\"core\/file\" class=\"wp-block-file\"><object data-wp-bind--hidden=\"!state.hasPdfPreview\" hidden class=\"wp-block-file__embed\" data=\"https:\/\/www.rfv-huenfeld.de\/wp\/wp-content\/uploads\/2022\/08\/2022-08-04_Zeiteinteilung_Dressur-und-Springturnier_RFV-Huenfeld.pdf\" type=\"application\/pdf\" style=\"width:100%;height:600px\" aria-label=\"Einbettung von 2022-08-04_Zeiteinteilung_Dressur-und-Springturnier_RFV-Huenfeld.\"><\/object><a id=\"wp-block-file--media-54d0baaf-6937-4cc2-8992-cc043fe3ce72\" href=\"https:\/\/www.rfv-huenfeld.de\/wp\/wp-content\/uploads\/2022\/08\/2022-08-04_Zeiteinteilung_Dressur-und-Springturnier_RFV-Huenfeld.pdf\">2022-08-04_Zeiteinteilung_Dressur-und-Springturnier_RFV-Huenfeld<\/a><a href=\"https:\/\/www.rfv-huenfeld.de\/wp\/wp-content\/uploads\/2022\/08\/2022-08-04_Zeiteinteilung_Dressur-und-Springturnier_RFV-Huenfeld.pdf\" class=\"wp-block-file__button wp-element-button\" download aria-describedby=\"wp-block-file--media-54d0baaf-6937-4cc2-8992-cc043fe3ce72\">Herunterladen<\/a><\/div>\n\n\n\n<p class=\"wp-block-paragraph\"><\/p>\n\n\n\n<p class=\"wp-block-paragraph\"><\/p>\n\n\n\n<h2 class=\"wp-block-heading\"><strong>05.11.2022 Hallenfahrturnier<\/strong><\/h2>\n\n\n\n<figure class=\"wp-block-image size-large\"><a href=\"https:\/\/www.rfv-huenfeld.de\/wp\/wp-content\/uploads\/2022\/09\/Bild-Hallenfahrturnier-2022-save-the-date.jpg\"><img loading=\"lazy\" decoding=\"async\" width=\"1024\" height=\"1024\" src=\"https:\/\/www.rfv-huenfeld.de\/wp\/wp-content\/uploads\/2022\/09\/Bild-Hallenfahrturnier-2022-save-the-date-1024x1024.jpg\" alt=\"\" class=\"wp-image-4314\" srcset=\"https:\/\/www.rfv-huenfeld.de\/wp\/wp-content\/uploads\/2022\/09\/Bild-Hallenfahrturnier-2022-save-the-date-1024x1024.jpg 1024w, https:\/\/www.rfv-huenfeld.de\/wp\/wp-content\/uploads\/2022\/09\/Bild-Hallenfahrturnier-2022-save-the-date-300x300.jpg 300w, https:\/\/www.rfv-huenfeld.de\/wp\/wp-content\/uploads\/2022\/09\/Bild-Hallenfahrturnier-2022-save-the-date-150x150.jpg 150w, https:\/\/www.rfv-huenfeld.de\/wp\/wp-content\/uploads\/2022\/09\/Bild-Hallenfahrturnier-2022-save-the-date-768x768.jpg 768w, https:\/\/www.rfv-huenfeld.de\/wp\/wp-content\/uploads\/2022\/09\/Bild-Hallenfahrturnier-2022-save-the-date-100x100.jpg 100w, https:\/\/www.rfv-huenfeld.de\/wp\/wp-content\/uploads\/2022\/09\/Bild-Hallenfahrturnier-2022-save-the-date-1536x1536.jpg 1536w, https:\/\/www.rfv-huenfeld.de\/wp\/wp-content\/uploads\/2022\/09\/Bild-Hallenfahrturnier-2022-save-the-date.jpg 1920w\" sizes=\"auto, (max-width: 1024px) 100vw, 1024px\" \/><\/a><\/figure>\n\n\n\n<p class=\"wp-block-paragraph\"><strong>Save the date<\/strong><br>Am 05.11.2022 findet wieder unser Hallenfahrturnier statt.<br>Nachdem die Veranstaltung in den vergangenen Jahren immer ein gro\u00dfer Erfolg mit guter Stimmung und rasanten Wettk\u00e4mpfen war, wollen wir auch dieses Jahr wieder die Fahrer bei uns begr\u00fc\u00dfen.<br>Die Ausschreibung folgt in K\u00fcrze, wird aber sehr \u00e4hnlich zu der vom letzten Jahr sein.<\/p>\n\n\n\n<p class=\"wp-block-paragraph\">Also hei\u00dft es diesmal f\u00fcr alle Fahrer und Fahrsportbegeisterten:<br>Auf nach H\u00fcnfeld! Wir freuen uns auf euch.<\/p>\n\n\n\n<div data-wp-interactive=\"core\/file\" class=\"wp-block-file\"><object data-wp-bind--hidden=\"!state.hasPdfPreview\" hidden class=\"wp-block-file__embed\" data=\"https:\/\/www.rfv-huenfeld.de\/wp\/wp-content\/uploads\/2022\/10\/2022-09-27_Ausschreibung_Hallenfahrturnier-WBO-Huenfeld-2022_genehmigt-1.pdf\" type=\"application\/pdf\" style=\"width:100%;height:600px\" aria-label=\"Einbettung von 2022-09-27_Ausschreibung_Hallenfahrturnier-WBO-Huenfeld-2022_genehmigt-1.\"><\/object><a id=\"wp-block-file--media-45748e2c-8822-4fa6-a45d-8130a15c6b2a\" href=\"https:\/\/www.rfv-huenfeld.de\/wp\/wp-content\/uploads\/2022\/10\/2022-09-27_Ausschreibung_Hallenfahrturnier-WBO-Huenfeld-2022_genehmigt-1.pdf\">2022-09-27_Ausschreibung_Hallenfahrturnier-WBO-Huenfeld-2022_genehmigt-1<\/a><a href=\"https:\/\/www.rfv-huenfeld.de\/wp\/wp-content\/uploads\/2022\/10\/2022-09-27_Ausschreibung_Hallenfahrturnier-WBO-Huenfeld-2022_genehmigt-1.pdf\" class=\"wp-block-file__button wp-element-button\" download aria-describedby=\"wp-block-file--media-45748e2c-8822-4fa6-a45d-8130a15c6b2a\">Herunterladen<\/a><\/div>\n","protected":false},"excerpt":{"rendered":"<p>03.04.2022 WBO TurnierSpringen auf E-, A- und L- Niveau. WBO- Turnier musste leider abgesagt werden. Zeitungsberichte beider Turnierveranstaltungen 30. &#8211; 31.07.2022Das 11. Vielseitigkeitsturnier mit Hessenmeisterschaften Hier ein paar Fotos vom Samstag und Sonntag: [nggallery id=63] Hier alle aktuellen Gel\u00e4ndestrecken (1, 2, 3, 7 und 11) Hier k\u00f6nnt Ihr die Zeiteinteilung herunterladen. Hier die genehmigte Ausschreibung &hellip; <a href=\"https:\/\/www.rfv-huenfeld.de\/wp\/?page_id=4068\" class=\"more-link\"><span class=\"screen-reader-text\">Turniere 2022<\/span> weiterlesen <span class=\"meta-nav\">&rarr;<\/span><\/a><\/p>\n","protected":false},"author":2,"featured_media":0,"parent":1186,"menu_order":8,"comment_status":"closed","ping_status":"closed","template":"","meta":{"_crdt_document":"","footnotes":""},"class_list":["post-4068","page","type-page","status-publish","hentry"],"_links":{"self":[{"href":"https:\/\/www.rfv-huenfeld.de\/wp\/index.php?rest_route=\/wp\/v2\/pages\/4068","targetHints":{"allow":["GET"]}}],"collection":[{"href":"https:\/\/www.rfv-huenfeld.de\/wp\/index.php?rest_route=\/wp\/v2\/pages"}],"about":[{"href":"https:\/\/www.rfv-huenfeld.de\/wp\/index.php?rest_route=\/wp\/v2\/types\/page"}],"author":[{"embeddable":true,"href":"https:\/\/www.rfv-huenfeld.de\/wp\/index.php?rest_route=\/wp\/v2\/users\/2"}],"replies":[{"embeddable":true,"href":"https:\/\/www.rfv-huenfeld.de\/wp\/index.php?rest_route=%2Fwp%2Fv2%2Fcomments&post=4068"}],"version-history":[{"count":33,"href":"https:\/\/www.rfv-huenfeld.de\/wp\/index.php?rest_route=\/wp\/v2\/pages\/4068\/revisions"}],"predecessor-version":[{"id":4324,"href":"https:\/\/www.rfv-huenfeld.de\/wp\/index.php?rest_route=\/wp\/v2\/pages\/4068\/revisions\/4324"}],"up":[{"embeddable":true,"href":"https:\/\/www.rfv-huenfeld.de\/wp\/index.php?rest_route=\/wp\/v2\/pages\/1186"}],"wp:attachment":[{"href":"https:\/\/www.rfv-huenfeld.de\/wp\/index.php?rest_route=%2Fwp%2Fv2%2Fmedia&parent=4068"}],"curies":[{"name":"wp","href":"https:\/\/api.w.org\/{rel}","templated":true}]}}