{"id":41,"date":"2011-11-26T17:39:16","date_gmt":"2011-11-26T17:39:16","guid":{"rendered":"http:\/\/www.rfv-huenfeld.de\/wp\/?page_id=41"},"modified":"2026-02-27T13:48:23","modified_gmt":"2026-02-27T13:48:23","slug":"anmeldung","status":"publish","type":"page","link":"https:\/\/www.rfv-huenfeld.de\/wp\/?page_id=41","title":{"rendered":"Anmeldung"},"content":{"rendered":"\n<p class=\"wp-block-paragraph\"><em>Bei Anmeldungen in den Reit- und Fahrverein H\u00fcnfeld e.V. bitten wir Sie, folgendes zu beachten (Stand: 01-01-2026):<\/em><\/p>\n\n\n\n<p class=\"wp-block-paragraph\">Informationen zum Eintritt in den Reit- und Fahrverein H\u00fcnfeld<\/p>\n\n\n\n<p class=\"wp-block-paragraph\">Auf der Seite <a href=\"https:\/\/www.rfv-huenfeld.de\/wp\/?page_id=214\" target=\"_blank\" rel=\"noreferrer noopener\">&#8222;Downloads&#8220;<\/a>&nbsp;kann das &nbsp;Anmeldeformular sowie weitere Informationen&nbsp;als Pdf-Dateien herunterladen werden!<\/p>\n\n\n\n<p class=\"wp-block-paragraph\">Benutzen Sie bitte nur unsere Anmeldeformulare. Sie liegen im B\u00fcro der Reithalle aus, sind von den Ausbildern zu erhalten oder Sie benutzen das vorgefertigte Formular unserer Webseite<br>www.rfv-huenfeld.de unter der Seite \u201e<a href=\"https:\/\/www.rfv-huenfeld.de\/wp\/?page_id=214\" target=\"_blank\" rel=\"noreferrer noopener\">Downloads<\/a>\u201c.<br>Zu dem vorgenannten Anmeldeformular geh\u00f6rt seit dem 25-05-2018 die \u201eEinwilligung in die Datenverarbeitung\u201c. Diese Einwilligung ist Voraussetzung f\u00fcr die Aufnahme in den RFV H\u00fcnfeld e.V.<br>Als Eintrittsdatum kommt nur ein Monatserster in Frage. Wer am 12.10. (beispielsweise) zum ersten Mal Unterricht nehmen m\u00f6chte, kann sich nur zum 01.10. oder zu einem fr\u00fcheren Monatsersten anmelden.<br>F\u00fcllen Sie bitte das Antragsformular sorgf\u00e4ltig und vollst\u00e4ndig aus, vergessen Sie nicht die Postleitzahl, den Wohnort, den Stadtteil, die Stra\u00dfe, die Hausnummer und Ihre Telefonnummer.<br>Bei allen Minderj\u00e4hrigen ist Voraussetzung f\u00fcr die G\u00fcltigkeit der Anmeldung, dass mindestens ein Elternteil links unten auf dem Antragsformular ihre schriftliche Zustimmung erteilt.<br>Ein Eintritt in den Reit- und Fahrverein H\u00fcnfeld e.V. ist satzungsgem\u00e4\u00df nur m\u00f6glich, wenn mit der Anmeldung eine Einzugserm\u00e4chtigung f\u00fcr Beitrag und Geb\u00fchren gegeben wird.<br>Die fertig ausgef\u00fcllten Formulare sollen baldm\u00f6glichst eingereicht werden. Eine eventuelle Teilnahme an Reit- oder Voltigierunterricht ist erst nach Wirksamwerden der Mitgliedschaft m\u00f6glich. Erst danach tritt die Sportunfall- und Sporthaftpflichtversicherung des Landessportbundes Hessen e.V. f\u00fcr das betreffende Mitglied ein. Vorher darf niemand reiten, fahren oder voltigieren!<\/p>\n\n\n\n<p class=\"wp-block-paragraph\">1. Beitr\u00e4ge und Geb\u00fchren<\/p>\n\n\n\n<p class=\"wp-block-paragraph\">a) <del>Eintrittsgeld (einmalige Zahlung) entf\u00e4llt!!!<\/del><br>b) Mitgliedsbeitrag (Jahresbeitrag)<\/p>\n\n\n\n<p class=\"wp-block-paragraph\">&#8211; Minderj\u00e4hrige:<br><strong>40,00 \u20ac<\/strong><br><br>&#8211; Erwachsene, soweit sie sich in Ausbildung befinden (Wehrpflichtige, Sch\u00fcler oder Studenten m\u00fcssen eine entsprechende Bescheinigung bis zum 31.12. eines jeden Jahres vorlegen. Geschieht das nicht, erfolgt automatisch die H\u00f6herstufung auf den regul\u00e4ren Erwachsenenbeitrag): <strong>60,00 \u20ac<br><\/strong><br>&#8211; Erwachsene, die sich nicht mehr in Ausbildung befinden:<br><strong>85,00 \u20ac<\/strong><br><strong><br><\/strong>&#8211; Erm\u00e4\u00dfigter Mitgliedsbeitrag f\u00fcr dem gleichen Hausstand angeh\u00f6rende Familienmitglieder:<\/p>\n\n\n\n<p class=\"wp-block-paragraph\">&#8211; zweites und jedes weitere minderj\u00e4hrige Mitglied:<br><strong>20,00 \u20ac<\/strong><br>&#8211; zweites und jedes weitere erwachsene Mitglied:<br><strong>40,00 \u20ac<br><\/strong><\/p>\n\n\n\n<p class=\"wp-block-paragraph\">c) Voltigiergeb\u00fchren &#8211; Geb\u00fchren pro Monat<br>&#8211; F\u00fcr den Voltigierunterricht werden neben dem Mitgliedsbeitrag feste monatliche Geb\u00fchren erhoben:<br><strong>40,00 \u20ac<\/strong><br><br>&#8211; F\u00fcr minderj\u00e4hrige Voltigierer besteht im ersten Monat ihrer Mitgliedschaft die M\u00f6glichkeit ohne Einhaltung der Fristen den Verein zu k\u00fcndigen. Die Kosten f\u00fcr diesen ersten Monat betragen pauschal:<br><strong>45,00 \u20ac<\/strong><\/p>\n\n\n\n<p class=\"wp-block-paragraph\">d) Pony Stars \u2013 Geb\u00fchren pro Monat<br>&#8211; F\u00fcr den Pony Star- Unterricht werden neben dem Mitgliedsbeitrag feste monatliche Geb\u00fchren erhoben:<br><strong>40,00 \u20ac<\/strong><\/p>\n\n\n\n<p class=\"wp-block-paragraph\">2. F\u00fcr den Reitunterricht, Bahnbenutzung und Hallenmiete werden gesonderte Geb\u00fchren erhoben:<\/p>\n\n\n\n<p class=\"wp-block-paragraph\">siehe unter \u201e<a href=\"https:\/\/www.rfv-huenfeld.de\/wp\/?page_id=214\" target=\"_blank\" rel=\"noreferrer noopener\">Downloads<\/a>\u201c Preise Reitunterricht etc.<\/p>\n\n\n\n<p class=\"wp-block-paragraph\">3. K\u00fcndigung der Mitgliedschaft \/ der Unterrichtsteilnahme<\/p>\n\n\n\n<p class=\"wp-block-paragraph\">a) K\u00fcndigung der Mitgliedschaft<\/p>\n\n\n\n<p class=\"wp-block-paragraph\">Diese muss schriftlich beim Vorstand erfolgen.<br>Sie kann nur jeweils zum Ende eines Quartals (31.3., 30.6., 30.9. 31.12.) eines jeden Jahres ausgesprochen werden. Dabei ist eine <strong>sechs- w\u00f6chige<\/strong> K\u00fcndigungsfrist zum Quartalsende einzuhalten.<\/p>\n\n\n\n<p class=\"wp-block-paragraph\">b) K\u00fcndigung der Teilnahme am Voltigieren \/ Pony Stars<\/p>\n\n\n\n<p class=\"wp-block-paragraph\">Diese muss schriftlich beim Vorstand erfolgen.<br>Die Teilnahme am Voltigierunterricht \/ Pony Stars kann jeweils zum Ende eines Quartals (31.3., 30.6., 30.9. 31.12.) eines jeden Jahres ausgesprochen werden. Dabei ist eine <strong>ein- w\u00f6chige<\/strong> K\u00fcndigungsfrist zum Quartalsende einzuhalten.<br>Bereits bezahlte Geb\u00fchren f\u00fcr den Volti- und PonyStars- Unterricht k\u00f6nnen jedoch nicht zur\u00fcckerstattet werden.<\/p>\n\n\n\n<p class=\"wp-block-paragraph\">c) K\u00fcndigung der Teilnahme am Reitunterricht<\/p>\n\n\n\n<p class=\"wp-block-paragraph\">Diese muss schriftlich beim Vorstand erfolgen.<br>Die Teilnahme am Reitunterricht kann jederzeit ausgesprochen werden. Dabei ist eine <strong>ein- w\u00f6chige<\/strong> K\u00fcndigungsfrist zum Quartalsende einzuhalten.<br>Bereits bezahlte Reitstunden k\u00f6nnen jedoch nicht zur\u00fcck erstattet werden.<\/p>\n\n\n\n<p class=\"wp-block-paragraph\">4. Hallen- und Anlagenpflege<\/p>\n\n\n\n<p class=\"wp-block-paragraph\">Die Reitanlage des Reit- und Fahrvereins H\u00fcnfeld unterliegt wie alle Einrichtungen einer permanenten Unterhaltung, Pflege und Reparatur.<\/p>\n\n\n\n<p class=\"wp-block-paragraph\">Um die Kosten f\u00fcr den Mitgliedsbeitrag und die sonstigen Geb\u00fchren weiterhin g\u00fcnstig gestalten zu k\u00f6nnen wird jedes Mitglied, das in irgendeiner Weise als reitsportlich aktives Mitglied die Gesamtanlagen nutzt, <strong>gebeten<\/strong>, auch seinen Anteil in Arbeitsstunden zur Pflege und Unterhaltung zu erbringen.<\/p>\n\n\n\n<p class=\"wp-block-paragraph\">Nach Beschluss der Jahreshauptversammlung vom 22.02.1991 auf der Grundlage von \u00a7 8, Abs. 4, der g\u00fcltigen Vereinssatzung gelten folgende Richtwerte:<\/p>\n\n\n\n<p class=\"wp-block-paragraph\">Minderj\u00e4hrige 6 Std. pro Jahr<br>Vollj\u00e4hrige in Ausbildung 9 Std. pro Jahr<br>Vollj\u00e4hrige 12 Std. pro Jahr<\/p>\n\n\n\n<p class=\"wp-block-paragraph\">Die Arbeitseins\u00e4tze erfolgen durch Aushang im Stall, auf der Webseite und in der Reithalle. W\u00fcnschenswert sind bei Kindern die Mithilfen der Eltern.<\/p>\n\n\n\n<p class=\"wp-block-paragraph\">Wir w\u00fcnschen Ihnen einen guten und erfolgreichen Beginn!<\/p>\n\n\n\n<p class=\"wp-block-paragraph\"><\/p>\n","protected":false},"excerpt":{"rendered":"<p>Bei Anmeldungen in den Reit- und Fahrverein H\u00fcnfeld e.V. bitten wir Sie, folgendes zu beachten (Stand: 01-01-2026): Informationen zum Eintritt in den Reit- und Fahrverein H\u00fcnfeld Auf der Seite &#8222;Downloads&#8220;&nbsp;kann das &nbsp;Anmeldeformular sowie weitere Informationen&nbsp;als Pdf-Dateien herunterladen werden! Benutzen Sie bitte nur unsere Anmeldeformulare. Sie liegen im B\u00fcro der Reithalle aus, sind von den Ausbildern &hellip; <a href=\"https:\/\/www.rfv-huenfeld.de\/wp\/?page_id=41\" class=\"more-link\"><span class=\"screen-reader-text\">Anmeldung<\/span> weiterlesen <span class=\"meta-nav\">&rarr;<\/span><\/a><\/p>\n","protected":false},"author":2,"featured_media":0,"parent":0,"menu_order":0,"comment_status":"closed","ping_status":"closed","template":"","meta":{"_crdt_document":"","footnotes":""},"class_list":["post-41","page","type-page","status-publish","hentry"],"_links":{"self":[{"href":"https:\/\/www.rfv-huenfeld.de\/wp\/index.php?rest_route=\/wp\/v2\/pages\/41","targetHints":{"allow":["GET"]}}],"collection":[{"href":"https:\/\/www.rfv-huenfeld.de\/wp\/index.php?rest_route=\/wp\/v2\/pages"}],"about":[{"href":"https:\/\/www.rfv-huenfeld.de\/wp\/index.php?rest_route=\/wp\/v2\/types\/page"}],"author":[{"embeddable":true,"href":"https:\/\/www.rfv-huenfeld.de\/wp\/index.php?rest_route=\/wp\/v2\/users\/2"}],"replies":[{"embeddable":true,"href":"https:\/\/www.rfv-huenfeld.de\/wp\/index.php?rest_route=%2Fwp%2Fv2%2Fcomments&post=41"}],"version-history":[{"count":43,"href":"https:\/\/www.rfv-huenfeld.de\/wp\/index.php?rest_route=\/wp\/v2\/pages\/41\/revisions"}],"predecessor-version":[{"id":5896,"href":"https:\/\/www.rfv-huenfeld.de\/wp\/index.php?rest_route=\/wp\/v2\/pages\/41\/revisions\/5896"}],"wp:attachment":[{"href":"https:\/\/www.rfv-huenfeld.de\/wp\/index.php?rest_route=%2Fwp%2Fv2%2Fmedia&parent=41"}],"curies":[{"name":"wp","href":"https:\/\/api.w.org\/{rel}","templated":true}]}}