{"id":44,"date":"2011-11-26T17:02:08","date_gmt":"2011-11-26T17:02:08","guid":{"rendered":"http:\/\/www.rfv-huenfeld.de\/wp\/?page_id=44"},"modified":"2024-05-17T11:40:29","modified_gmt":"2024-05-17T11:40:29","slug":"reitanlage","status":"publish","type":"page","link":"https:\/\/www.rfv-huenfeld.de\/wp\/?page_id=44","title":{"rendered":"Reitanlage"},"content":{"rendered":"\n<p class=\"wp-block-paragraph\">Der RFV H\u00fcnfeld verf\u00fcgt \u00fcber 13 Au\u00dfenboxen mit gro\u00dfen Fenstern und 12 Innenboxen (auch mit Fenster\u00f6ffnungen in die Stallgasse).<\/p>\n\n\n\n<p class=\"wp-block-paragraph\">Die Pferde werden t\u00e4glich 3 x mit Kraftfutter (Pellets und Hafer), sowie morgens, mittags und abends mit Heu gef\u00fcttert. Eventuelles Zusatzfutter (z. B. M\u00fcsli o. \u00e4. ) muss von jedem Einstaller selbst gestellt werden, ebenso wie ggf. Medikamente. Dieses kann&nbsp;auch von unseren Mitarbeitern&nbsp;mitgef\u00fcttert werden. Eingestreut werden die Boxen mit Stroh (S\u00e4gesp\u00e4ne sind m\u00f6glich, mu\u00df aber jeder Einstaller selbst organisieren).<\/p>\n\n\n\n<p class=\"wp-block-paragraph\">Die Pferdeversorgung ist \u00fcber die Wochenenden und an Feiertagen gew\u00e4hrleistet.<\/p>\n\n\n\n<p class=\"wp-block-paragraph\">Die&nbsp;aktuellen EINSTALLERGEB\u00dcHREN k\u00f6nnen auf der Seite &#8222;<a title=\"Downloads\" href=\"https:\/\/www.rfv-huenfeld.de\/wp\/?page_id=214\" target=\"_blank\" rel=\"noopener noreferrer\">Downloads<\/a>&#8220; als Pdf-Datei herunterladen werden.!<\/p>\n\n\n\n<p class=\"wp-block-paragraph\">Kommen Sie vorbei und schauen sich um! Wir freuen uns \u00fcber Interessenten und neue Einstaller!<\/p>\n\n\n\n<p class=\"wp-block-paragraph\">Wir bieten eine Reithalle (20x60m), einen Au\u00dfenplatz (Hessentagsplatz 20x60m), einen Springplatz (50x38m) und einen Au\u00dfenplatz zum Longieren. Die Nutzungsbedingungen der Reithalle und der Reitpl\u00e4tze sind den Schildern an den einzelnen Reitbahnen zu entnehmen und zu befolgend. <br>Nat\u00fcrlich haben wir auch ein gem\u00fctliches und gut ausgestattetes Reiterst\u00fcbchen.<\/p>\n\n\n\n<p class=\"wp-block-paragraph\">Weiter gibt es einen Reitweg rund um den Haselsee direkt ab der Reithalle ( Dauer ca. 20 Min. im Schritt) und ein herrliches Reitgel\u00e4nde in unmittelbarer N\u00e4he.<\/p>\n\n\n\n<p class=\"wp-block-paragraph\">Auch f\u00fcr nichtreitende Familien- Mitglieder gibt es lohnenswerte Freizeitm\u00f6glichkeiten direkt an der Reitanlage!!<\/p>\n\n\n\n<p class=\"wp-block-paragraph\">Lassen Sie sich von unseren Fotos inspirieren und besuchen Sie uns in H\u00fcnfeld &#8211; wir freuen uns!!<\/p>\n\n\n\n<figure class=\"wp-block-table\"><table class=\"has-fixed-layout\"><tbody><tr><td><img loading=\"lazy\" decoding=\"async\" src=\"..\/pics\/anlage5.jpg\" alt=\"\" width=\"295\" height=\"222\">Cafe am See<\/td><td><img loading=\"lazy\" decoding=\"async\" src=\"..\/pics\/anlage8.jpg\" alt=\"\" width=\"295\" height=\"222\">Haselsee<\/td><\/tr><tr><td><img loading=\"lazy\" decoding=\"async\" src=\"..\/pics\/anlage9.JPG\" alt=\"\" width=\"295\" height=\"222\">Unsere Paddocks<\/td><td><img loading=\"lazy\" decoding=\"async\" src=\"..\/pics\/anlage6.jpg\" alt=\"\" width=\"295\" height=\"222\">Unser Allwetter-Aussenplatz<\/td><\/tr><tr><td><img loading=\"lazy\" decoding=\"async\" src=\"..\/pics\/anlage2.jpg\" alt=\"\" width=\"295\" height=\"222\">Schulpferde beim t\u00e4glichen Weidegang<\/td><td><img loading=\"lazy\" decoding=\"async\" src=\"..\/pics\/anlage3.jpg\" alt=\"\" width=\"295\" height=\"222\">Einstaller-Koppeln<\/td><\/tr><tr><td><img loading=\"lazy\" decoding=\"async\" src=\"..\/pics\/anlage7.jpg\" alt=\"\" width=\"295\" height=\"222\">Einstaller-Koppeln<\/td><td><img loading=\"lazy\" decoding=\"async\" src=\"..\/pics\/anlage4.jpg\" alt=\"\" width=\"295\" height=\"222\">Haselsee<\/td><\/tr><\/tbody><\/table><\/figure>\n","protected":false},"excerpt":{"rendered":"<p>Der RFV H\u00fcnfeld verf\u00fcgt \u00fcber 13 Au\u00dfenboxen mit gro\u00dfen Fenstern und 12 Innenboxen (auch mit Fenster\u00f6ffnungen in die Stallgasse). Die Pferde werden t\u00e4glich 3 x mit Kraftfutter (Pellets und Hafer), sowie morgens, mittags und abends mit Heu gef\u00fcttert. Eventuelles Zusatzfutter (z. B. M\u00fcsli o. \u00e4. ) muss von jedem Einstaller selbst gestellt werden, ebenso wie &hellip; <a href=\"https:\/\/www.rfv-huenfeld.de\/wp\/?page_id=44\" class=\"more-link\"><span class=\"screen-reader-text\">Reitanlage<\/span> weiterlesen <span class=\"meta-nav\">&rarr;<\/span><\/a><\/p>\n","protected":false},"author":2,"featured_media":0,"parent":0,"menu_order":9,"comment_status":"closed","ping_status":"closed","template":"template-onecolumn.php","meta":{"_crdt_document":"","footnotes":""},"class_list":["post-44","page","type-page","status-publish","hentry"],"_links":{"self":[{"href":"https:\/\/www.rfv-huenfeld.de\/wp\/index.php?rest_route=\/wp\/v2\/pages\/44","targetHints":{"allow":["GET"]}}],"collection":[{"href":"https:\/\/www.rfv-huenfeld.de\/wp\/index.php?rest_route=\/wp\/v2\/pages"}],"about":[{"href":"https:\/\/www.rfv-huenfeld.de\/wp\/index.php?rest_route=\/wp\/v2\/types\/page"}],"author":[{"embeddable":true,"href":"https:\/\/www.rfv-huenfeld.de\/wp\/index.php?rest_route=\/wp\/v2\/users\/2"}],"replies":[{"embeddable":true,"href":"https:\/\/www.rfv-huenfeld.de\/wp\/index.php?rest_route=%2Fwp%2Fv2%2Fcomments&post=44"}],"version-history":[{"count":31,"href":"https:\/\/www.rfv-huenfeld.de\/wp\/index.php?rest_route=\/wp\/v2\/pages\/44\/revisions"}],"predecessor-version":[{"id":4918,"href":"https:\/\/www.rfv-huenfeld.de\/wp\/index.php?rest_route=\/wp\/v2\/pages\/44\/revisions\/4918"}],"wp:attachment":[{"href":"https:\/\/www.rfv-huenfeld.de\/wp\/index.php?rest_route=%2Fwp%2Fv2%2Fmedia&parent=44"}],"curies":[{"name":"wp","href":"https:\/\/api.w.org\/{rel}","templated":true}]}}