{"id":50,"date":"2011-11-26T17:02:42","date_gmt":"2011-11-26T17:02:42","guid":{"rendered":"http:\/\/www.rfv-huenfeld.de\/wp\/?page_id=50"},"modified":"2025-08-22T12:19:22","modified_gmt":"2025-08-22T12:19:22","slug":"links","status":"publish","type":"page","link":"https:\/\/www.rfv-huenfeld.de\/wp\/?page_id=50","title":{"rendered":"Links &#8211; Sponsoren"},"content":{"rendered":"<div class=\"wp-block-image is-style-default\">\n<figure class=\"aligncenter\"><a href=\"http:\/\/www.huenfeld.de\" target=\"_blank\" rel=\"Stadt H\u00fcnfeld noopener\"><img loading=\"lazy\" decoding=\"async\" width=\"300\" height=\"96\" src=\"https:\/\/www.rfv-huenfeld.de\/wp\/wp-content\/uploads\/2011\/11\/Stadt_H\u00fcnfeld-300x96.png\" alt=\"\" class=\"wp-image-2398\" srcset=\"https:\/\/www.rfv-huenfeld.de\/wp\/wp-content\/uploads\/2011\/11\/Stadt_H\u00fcnfeld-300x96.png 300w, https:\/\/www.rfv-huenfeld.de\/wp\/wp-content\/uploads\/2011\/11\/Stadt_H\u00fcnfeld-768x246.png 768w, https:\/\/www.rfv-huenfeld.de\/wp\/wp-content\/uploads\/2011\/11\/Stadt_H\u00fcnfeld-1024x327.png 1024w, https:\/\/www.rfv-huenfeld.de\/wp\/wp-content\/uploads\/2011\/11\/Stadt_H\u00fcnfeld.png 1107w\" sizes=\"auto, (max-width: 300px) 100vw, 300px\" \/><\/a><\/figure>\n<\/div>\n\n<div class=\"wp-block-image is-style-default\">\n<figure class=\"aligncenter size-large is-resized\"><a href=\"https:\/\/www.krb-rhoen-vb.de\/\" rel=\"KRB- Rh\u00f6n- Vogelsberg\"><img loading=\"lazy\" decoding=\"async\" width=\"1024\" height=\"759\" src=\"https:\/\/www.rfv-huenfeld.de\/wp\/wp-content\/uploads\/2021\/07\/2020-02-09-14-54-KRB-Logo-Rhoen-Vogelsberg-1024x759.jpg\" alt=\"\" class=\"wp-image-3760\" style=\"width:310px;height:228px\" srcset=\"https:\/\/www.rfv-huenfeld.de\/wp\/wp-content\/uploads\/2021\/07\/2020-02-09-14-54-KRB-Logo-Rhoen-Vogelsberg-1024x759.jpg 1024w, https:\/\/www.rfv-huenfeld.de\/wp\/wp-content\/uploads\/2021\/07\/2020-02-09-14-54-KRB-Logo-Rhoen-Vogelsberg-300x222.jpg 300w, https:\/\/www.rfv-huenfeld.de\/wp\/wp-content\/uploads\/2021\/07\/2020-02-09-14-54-KRB-Logo-Rhoen-Vogelsberg-768x569.jpg 768w, https:\/\/www.rfv-huenfeld.de\/wp\/wp-content\/uploads\/2021\/07\/2020-02-09-14-54-KRB-Logo-Rhoen-Vogelsberg-1536x1138.jpg 1536w, https:\/\/www.rfv-huenfeld.de\/wp\/wp-content\/uploads\/2021\/07\/2020-02-09-14-54-KRB-Logo-Rhoen-Vogelsberg-2048x1517.jpg 2048w\" sizes=\"auto, (max-width: 1024px) 100vw, 1024px\" \/><\/a><\/figure>\n<\/div>\n\n\n<hr class=\"wp-block-separator has-css-opacity\"\/>\n\n\n<div class=\"wp-block-image is-style-default\">\n<figure class=\"aligncenter\"><a href=\"http:\/\/www.psv-hessen.de\" target=\"_blank\" rel=\"noopener noreferrer\"><img loading=\"lazy\" decoding=\"async\" width=\"300\" height=\"88\" src=\"https:\/\/www.rfv-huenfeld.de\/wp\/wp-content\/uploads\/2011\/11\/PSV-Hessen-300x88.png\" alt=\"\" class=\"wp-image-2392\" srcset=\"https:\/\/www.rfv-huenfeld.de\/wp\/wp-content\/uploads\/2011\/11\/PSV-Hessen-300x88.png 300w, https:\/\/www.rfv-huenfeld.de\/wp\/wp-content\/uploads\/2011\/11\/PSV-Hessen.png 509w\" sizes=\"auto, (max-width: 300px) 100vw, 300px\" \/><\/a><\/figure>\n<\/div>\n\n\n<p class=\"wp-block-paragraph\">&#8212;&#8212;&#8212;&#8212;&#8212;&#8212;&#8212;&#8212;&#8212;&#8212;&#8212;&#8212;&#8212;&#8212;&#8212;&#8212;&#8212;&#8212;&#8212;&#8212;&#8212;&#8212;&#8212;&#8212;&#8212;&#8212;&#8212;&#8212;&#8212;&#8211;<\/p>\n\n\n\n<p class=\"wp-block-paragraph\"><a href=\"https:\/\/www.hessischeskegelspiel.de\/gastgeber\/uebernachten\" target=\"_blank\" rel=\"noopener\">\u00dcbernachtungen in und um&nbsp;H\u00fcnfeld<\/a><\/p>\n\n\n\n<p class=\"wp-block-paragraph\"><a rel=\"noopener\" href=\"http:\/\/www.reitclub-fulda.com\" target=\"blank\">Reitclub Fulda<\/a><br><a rel=\"noopener\" href=\"http:\/\/www.molzbachervoltis.jimdo.com\" target=\"blank\">Voltigierer Pferdesportgemeinschaft Molzbach<\/a><br><a rel=\"noopener noreferrer\" href=\"http:\/\/www.lrfv-eiterfeld.de\" target=\"_blank\">LRuF Eiterfeld<\/a><br><a rel=\"noopener\" href=\"http:\/\/www.RuFV-Schlitz.de\" target=\"blank\">Reit- und Fahrverein Schlitz<\/a><br><a rel=\"noopener\" href=\"http:\/\/www.rfv-richelsdorf.de\" target=\"blank\">Reit- und Fahrverein Richelsdorf<\/a><br><a rel=\"noopener\" href=\"http:\/\/www.pferd-aktuell.de\" target=\"blank\">Deutsche Reiterliche Vereinigung e.V.<\/a><br><a rel=\"noopener\" href=\"http:\/\/www.pferdesport-journal.de\" target=\"blank\">Pferdesport Journal (ehemals &#8222;Unser Pferd&#8220;)<\/a><br><a href=\"http:\/\/www.foto-moog.de\" target=\"_blank\" rel=\"noreferrer noopener\">Foto Moog &#8211; Turnierbilder<\/a><br><a rel=\"noopener\" href=\"http:\/\/www.gestuet-rhoen.de\" target=\"blank\">Arabergest\u00fct Rh\u00f6n<\/a><br><a rel=\"noopener\" href=\"http:\/\/www.equidographie.de\" target=\"blank\">Stilvolle Pferdefotografie<\/a><\/p>\n\n\n\n<h2 class=\"wp-block-heading has-text-align-left\">Sponsoren<\/h2>\n\n\n\n<p class=\"wp-block-paragraph\">&#8212;&#8212;&#8212;&#8212;&#8212;&#8212;&#8212;&#8212;&#8212;&#8212;&#8212;&#8212;&#8212;&#8212;&#8212;&#8212;&#8212;&#8212;&#8212;&#8212;&#8212;&#8212;&#8212;&#8212;&#8212;&#8212;&#8212;&#8212;&#8212;&#8212;<\/p>\n\n\n<div class=\"wp-block-image\">\n<figure class=\"aligncenter size-full\"><a href=\"http:\/\/www.horse-shop.net\/\" target=\"_blank\" rel=\"<div style=&quot;width:240px; text-align:center; font-size:12px&quot;&gt;<a href=&quot;https:\/\/www.horse-shop.net&quot; target=&quot;_blank&quot;&gt;<img src=&quot;https:\/\/cdn.horse-shop.net\/frontend\/Horseshop\/Banner_240x130.png&quot;width=&quot;240&quot; height=&quot;130&quot; alt=&quot;Der Reitsport Online-Shop&quot; border=&quot;0&quot; \/&gt;<\/a&gt;<a href=&quot;https:\/\/www.horse-shop.net&quot; target=&quot;_blank&quot; title=&quot;Horse Shop - Reitsport einfach online kaufen&quot;&gt;Der Reitsport Online-Shop<\/a&gt; <\/div&gt; \"><img loading=\"lazy\" decoding=\"async\" width=\"240\" height=\"130\" src=\"https:\/\/www.rfv-huenfeld.de\/wp\/wp-content\/uploads\/2025\/04\/Banner_240x130.png\" alt=\"\" class=\"wp-image-5346\"\/><\/a><\/figure>\n<\/div>\n\n\n<p class=\"wp-block-paragraph\">&#8212;&#8212;&#8212;&#8212;&#8212;&#8212;&#8212;&#8212;&#8212;&#8212;&#8212;&#8212;&#8212;&#8212;&#8212;&#8212;&#8212;&#8212;&#8212;&#8212;&#8212;&#8212;&#8212;&#8212;&#8212;&#8212;&#8212;&#8212;&#8212;&#8212;<\/p>\n\n\n\n<p class=\"has-text-align-center wp-block-paragraph\"><a title=\"Pferdesporthaus Loesdau \" href=\"http:\/\/www.loesdau.de\" target=\"_blank\" rel=\"noopener noreferrer\"><img loading=\"lazy\" decoding=\"async\" width=\"160\" height=\"160\" class=\"size-full wp-image-1811 alignnone\" src=\"https:\/\/www.rfv-huenfeld.de\/wp\/wp-content\/uploads\/2011\/11\/LOESDAU-logo-160x160.jpg\" alt=\"LOESDAU-logo-160x160\" srcset=\"https:\/\/www.rfv-huenfeld.de\/wp\/wp-content\/uploads\/2011\/11\/LOESDAU-logo-160x160.jpg 160w, https:\/\/www.rfv-huenfeld.de\/wp\/wp-content\/uploads\/2011\/11\/LOESDAU-logo-160x160-150x150.jpg 150w, https:\/\/www.rfv-huenfeld.de\/wp\/wp-content\/uploads\/2011\/11\/LOESDAU-logo-160x160-100x100.jpg 100w\" sizes=\"auto, (max-width: 160px) 100vw, 160px\" \/><\/a><\/p>\n\n\n\n<p class=\"has-text-align-center wp-block-paragraph\">&#8212;&#8212;&#8212;&#8212;&#8212;&#8212;&#8212;&#8212;&#8212;&#8212;&#8212;&#8212;&#8212;&#8212;&#8212;&#8212;&#8212;&#8212;&#8212;&#8212;&#8212;&#8212;&#8212;&#8212;&#8212;&#8212;&#8212;&#8212;&#8212;&#8212;<\/p>\n\n\n\n<p class=\"has-text-align-center wp-block-paragraph\"><a href=\"http:\/\/www.ehorses.de\/\" target=\"_blank\" rel=\"noopener noreferrer\"><img loading=\"lazy\" decoding=\"async\" width=\"300\" height=\"82\" class=\"alignnone wp-image-2407 size-medium\" src=\"https:\/\/www.rfv-huenfeld.de\/wp\/wp-content\/uploads\/2011\/11\/logo_ehorses-300x82.jpg\" alt=\"\" srcset=\"https:\/\/www.rfv-huenfeld.de\/wp\/wp-content\/uploads\/2011\/11\/logo_ehorses-300x82.jpg 300w, https:\/\/www.rfv-huenfeld.de\/wp\/wp-content\/uploads\/2011\/11\/logo_ehorses-768x211.jpg 768w, https:\/\/www.rfv-huenfeld.de\/wp\/wp-content\/uploads\/2011\/11\/logo_ehorses-1024x281.jpg 1024w, https:\/\/www.rfv-huenfeld.de\/wp\/wp-content\/uploads\/2011\/11\/logo_ehorses.jpg 1500w\" sizes=\"auto, (max-width: 300px) 100vw, 300px\" \/><\/a><\/p>\n\n\n\n<p class=\"wp-block-paragraph\">&#8212;&#8212;&#8212;&#8212;&#8212;&#8212;&#8212;&#8212;&#8212;&#8212;&#8212;&#8212;&#8212;&#8212;&#8212;&#8212;&#8212;&#8212;&#8212;&#8212;&#8212;&#8212;&#8212;&#8212;&#8212;&#8212;&#8212;&#8212;&#8212;&#8212;<\/p>\n\n\n<div class=\"wp-block-image\">\n<figure class=\"aligncenter size-medium is-resized\"><a href=\"https:\/\/www.horze.de\/schabracken\" target=\"_blank\" rel=\"noreferrer noopener\"><img loading=\"lazy\" decoding=\"async\" width=\"300\" height=\"134\" src=\"https:\/\/www.rfv-huenfeld.de\/wp\/wp-content\/uploads\/2022\/11\/horze_logo-300x134.png\" alt=\"\" class=\"wp-image-4338\" style=\"width:300px;height:134px\" srcset=\"https:\/\/www.rfv-huenfeld.de\/wp\/wp-content\/uploads\/2022\/11\/horze_logo-300x134.png 300w, https:\/\/www.rfv-huenfeld.de\/wp\/wp-content\/uploads\/2022\/11\/horze_logo-1024x456.png 1024w, https:\/\/www.rfv-huenfeld.de\/wp\/wp-content\/uploads\/2022\/11\/horze_logo-768x342.png 768w, https:\/\/www.rfv-huenfeld.de\/wp\/wp-content\/uploads\/2022\/11\/horze_logo-1536x684.png 1536w, https:\/\/www.rfv-huenfeld.de\/wp\/wp-content\/uploads\/2022\/11\/horze_logo.png 1665w\" sizes=\"auto, (max-width: 300px) 100vw, 300px\" \/><\/a><\/figure>\n<\/div>\n\n\n<p class=\"wp-block-paragraph\">&#8212;&#8212;&#8212;&#8212;&#8212;&#8212;&#8212;&#8212;&#8212;&#8212;&#8212;&#8212;&#8212;&#8212;&#8212;&#8212;&#8212;&#8212;&#8212;&#8212;&#8212;&#8212;&#8212;&#8212;&#8212;&#8212;&#8212;&#8211;<\/p>\n\n\n\n<p class=\"has-text-align-center wp-block-paragraph\"><a href=\"http:\/\/www.tierschutzverein-huenfeld.de\" target=\"_blank\" rel=\"noopener\"><img loading=\"lazy\" decoding=\"async\" width=\"561\" height=\"176\" class=\"alignnone wp-image-2561\" src=\"https:\/\/www.rfv-huenfeld.de\/wp\/wp-content\/uploads\/2011\/11\/Tierschutzverein-Huenfeld.png\" alt=\"\"><\/a>&#8212;&#8212;&#8212;&#8212;&#8212;&#8212;&#8212;&#8212;&#8212;&#8212;&#8212;&#8212;&#8212;&#8212;&#8212;&#8212;&#8212;&#8212;&#8212;&#8212;&#8212;&#8212;&#8212;&#8212;&#8212;&#8212;&#8212;&#8212;&#8212;&#8211;<\/p>\n\n\n\n<figure class=\"wp-block-image size-large\"><a href=\"http:\/\/www.starjule-photography.de\" target=\"_blank\" rel=\" noreferrer noopener\"><img loading=\"lazy\" decoding=\"async\" width=\"1024\" height=\"240\" src=\"https:\/\/www.rfv-huenfeld.de\/wp\/wp-content\/uploads\/2025\/08\/Juline_Lenz_StarJule_Photography-1024x240.png\" alt=\"\" class=\"wp-image-5669\" srcset=\"https:\/\/www.rfv-huenfeld.de\/wp\/wp-content\/uploads\/2025\/08\/Juline_Lenz_StarJule_Photography-1024x240.png 1024w, https:\/\/www.rfv-huenfeld.de\/wp\/wp-content\/uploads\/2025\/08\/Juline_Lenz_StarJule_Photography-300x70.png 300w, https:\/\/www.rfv-huenfeld.de\/wp\/wp-content\/uploads\/2025\/08\/Juline_Lenz_StarJule_Photography-768x180.png 768w, https:\/\/www.rfv-huenfeld.de\/wp\/wp-content\/uploads\/2025\/08\/Juline_Lenz_StarJule_Photography-1536x360.png 1536w, https:\/\/www.rfv-huenfeld.de\/wp\/wp-content\/uploads\/2025\/08\/Juline_Lenz_StarJule_Photography-2048x479.png 2048w\" sizes=\"auto, (max-width: 1024px) 100vw, 1024px\" \/><\/a><\/figure>\n\n\n\n<p class=\"wp-block-paragraph\">&#8212;&#8212;&#8212;&#8212;&#8212;&#8212;&#8212;&#8212;&#8212;&#8212;&#8212;&#8212;&#8212;&#8212;&#8212;&#8212;&#8212;&#8212;&#8212;&#8212;&#8212;&#8212;&#8212;&#8212;&#8212;&#8212;&#8212;&#8212;&#8212;&#8212;<\/p>\n\n\n\n<p class=\"wp-block-paragraph\"><span style=\"text-decoration: underline;\"><strong>F\u00fcr all diese Links gilt:<\/strong><\/span><br>Wir m\u00f6chten ausdr\u00fccklich betonen, dass wir keinerlei Einfluss auf die Gestaltung und die Inhalte der gelinkten Seiten haben. Deshalb distanzieren wir uns hiermit ausdr\u00fccklich von allen Inhalten aller gelinkten Seiten auf unserer Homepage. Diese Erkl\u00e4rung gilt f\u00fcr alle auf unserer Homepage ausgebrachten Links und f\u00fcr alle Inhalte der Seiten.<\/p>\n","protected":false},"excerpt":{"rendered":"<p>&#8212;&#8212;&#8212;&#8212;&#8212;&#8212;&#8212;&#8212;&#8212;&#8212;&#8212;&#8212;&#8212;&#8212;&#8212;&#8212;&#8212;&#8212;&#8212;&#8212;&#8212;&#8212;&#8212;&#8212;&#8212;&#8212;&#8212;&#8212;&#8212;&#8211; \u00dcbernachtungen in und um&nbsp;H\u00fcnfeld Reitclub FuldaVoltigierer Pferdesportgemeinschaft MolzbachLRuF EiterfeldReit- und Fahrverein SchlitzReit- und Fahrverein RichelsdorfDeutsche Reiterliche Vereinigung e.V.Pferdesport Journal (ehemals &#8222;Unser Pferd&#8220;)Foto Moog &#8211; TurnierbilderArabergest\u00fct Rh\u00f6nStilvolle Pferdefotografie Sponsoren &#8212;&#8212;&#8212;&#8212;&#8212;&#8212;&#8212;&#8212;&#8212;&#8212;&#8212;&#8212;&#8212;&#8212;&#8212;&#8212;&#8212;&#8212;&#8212;&#8212;&#8212;&#8212;&#8212;&#8212;&#8212;&#8212;&#8212;&#8212;&#8212;&#8212; &#8212;&#8212;&#8212;&#8212;&#8212;&#8212;&#8212;&#8212;&#8212;&#8212;&#8212;&#8212;&#8212;&#8212;&#8212;&#8212;&#8212;&#8212;&#8212;&#8212;&#8212;&#8212;&#8212;&#8212;&#8212;&#8212;&#8212;&#8212;&#8212;&#8212; &#8212;&#8212;&#8212;&#8212;&#8212;&#8212;&#8212;&#8212;&#8212;&#8212;&#8212;&#8212;&#8212;&#8212;&#8212;&#8212;&#8212;&#8212;&#8212;&#8212;&#8212;&#8212;&#8212;&#8212;&#8212;&#8212;&#8212;&#8212;&#8212;&#8212; &#8212;&#8212;&#8212;&#8212;&#8212;&#8212;&#8212;&#8212;&#8212;&#8212;&#8212;&#8212;&#8212;&#8212;&#8212;&#8212;&#8212;&#8212;&#8212;&#8212;&#8212;&#8212;&#8212;&#8212;&#8212;&#8212;&#8212;&#8212;&#8212;&#8212; &#8212;&#8212;&#8212;&#8212;&#8212;&#8212;&#8212;&#8212;&#8212;&#8212;&#8212;&#8212;&#8212;&#8212;&#8212;&#8212;&#8212;&#8212;&#8212;&#8212;&#8212;&#8212;&#8212;&#8212;&#8212;&#8212;&#8212;&#8211; &#8212;&#8212;&#8212;&#8212;&#8212;&#8212;&#8212;&#8212;&#8212;&#8212;&#8212;&#8212;&#8212;&#8212;&#8212;&#8212;&#8212;&#8212;&#8212;&#8212;&#8212;&#8212;&#8212;&#8212;&#8212;&#8212;&#8212;&#8212;&#8212;&#8211; &#8212;&#8212;&#8212;&#8212;&#8212;&#8212;&#8212;&#8212;&#8212;&#8212;&#8212;&#8212;&#8212;&#8212;&#8212;&#8212;&#8212;&#8212;&#8212;&#8212;&#8212;&#8212;&#8212;&#8212;&#8212;&#8212;&#8212;&#8212;&#8212;&#8212; F\u00fcr all diese Links gilt:Wir m\u00f6chten ausdr\u00fccklich betonen, dass wir keinerlei Einfluss auf die Gestaltung und die Inhalte der &hellip; <a href=\"https:\/\/www.rfv-huenfeld.de\/wp\/?page_id=50\" class=\"more-link\"><span class=\"screen-reader-text\">Links &#8211; Sponsoren<\/span> weiterlesen <span class=\"meta-nav\">&rarr;<\/span><\/a><\/p>\n","protected":false},"author":2,"featured_media":0,"parent":0,"menu_order":12,"comment_status":"closed","ping_status":"closed","template":"","meta":{"_crdt_document":"","footnotes":""},"class_list":["post-50","page","type-page","status-publish","hentry"],"_links":{"self":[{"href":"https:\/\/www.rfv-huenfeld.de\/wp\/index.php?rest_route=\/wp\/v2\/pages\/50","targetHints":{"allow":["GET"]}}],"collection":[{"href":"https:\/\/www.rfv-huenfeld.de\/wp\/index.php?rest_route=\/wp\/v2\/pages"}],"about":[{"href":"https:\/\/www.rfv-huenfeld.de\/wp\/index.php?rest_route=\/wp\/v2\/types\/page"}],"author":[{"embeddable":true,"href":"https:\/\/www.rfv-huenfeld.de\/wp\/index.php?rest_route=\/wp\/v2\/users\/2"}],"replies":[{"embeddable":true,"href":"https:\/\/www.rfv-huenfeld.de\/wp\/index.php?rest_route=%2Fwp%2Fv2%2Fcomments&post=50"}],"version-history":[{"count":93,"href":"https:\/\/www.rfv-huenfeld.de\/wp\/index.php?rest_route=\/wp\/v2\/pages\/50\/revisions"}],"predecessor-version":[{"id":5672,"href":"https:\/\/www.rfv-huenfeld.de\/wp\/index.php?rest_route=\/wp\/v2\/pages\/50\/revisions\/5672"}],"wp:attachment":[{"href":"https:\/\/www.rfv-huenfeld.de\/wp\/index.php?rest_route=%2Fwp%2Fv2%2Fmedia&parent=50"}],"curies":[{"name":"wp","href":"https:\/\/api.w.org\/{rel}","templated":true}]}}