{"id":5763,"date":"2025-11-19T06:52:19","date_gmt":"2025-11-19T06:52:19","guid":{"rendered":"https:\/\/www.rfv-huenfeld.de\/wp\/?page_id=5763"},"modified":"2026-03-26T05:44:28","modified_gmt":"2026-03-26T05:44:28","slug":"turniere-2026","status":"publish","type":"page","link":"https:\/\/www.rfv-huenfeld.de\/wp\/?page_id=5763","title":{"rendered":"Turniere 2026"},"content":{"rendered":"\n<p class=\"wp-block-paragraph\">Auch im Jahr 2026 hat unser Verein wieder viele Veranstaltungen und darunter 3 Reitturniere geplant. Hier die Termine:<\/p>\n\n\n\n<p class=\"wp-block-paragraph\"><strong>01.05.2026 WBO-Turnier mit Einsteiger- und Spa\u00dfwettbewerben<br>25.\/26.07.2026 Dressur- und Springturnier<br>31.07.-02.08.2026 Vielseitigkeitsturnier<\/strong><\/p>\n\n\n\n<p class=\"wp-block-paragraph\">Bitte tragt euch diese Termine fest in eurem Kalender ein, damit ihr mit von der Partie(y) seid. Wie immer werden viele flei\u00dfige Helfer gebraucht, um Reitern, Pferden und Zuschauern ein tolles Programm zu bieten und eine erfolgreiche Durchf\u00fchrung zu garantieren. Nat\u00fcrlich sollen auch wieder zahlreiche Reiter und Zuschauer vor Ort sein, deshalb nutzt gerne die Flyer im Anhang, um kr\u00e4ftig Werbung zu machen.<\/p>\n\n\n\n<p class=\"wp-block-paragraph\">Um alles zu koordinieren und f\u00fcr einen reibungslosen Ablauf zu sorgen, wird ein tatkr\u00e4ftiges Orga-Team gebraucht. Wer Lust hat mit im Turnier-Team dabei zu sein, der darf mich gerne ansprechen. Details dazu findet ihr im Anhang &#8218;TurnierTeam2026&#8216;. Ich freu mich auf starke Unterst\u00fctzung, denn diese riesigen Veranstaltungen kann man nur im Team stemmen.<\/p>\n\n\n\n<p class=\"wp-block-paragraph\">Viele Gr\u00fc\u00dfe von eurer Turnierwartin, Catharina<\/p>\n\n\n\n<div data-wp-interactive=\"core\/file\" class=\"wp-block-file\"><object data-wp-bind--hidden=\"!state.hasPdfPreview\" hidden class=\"wp-block-file__embed\" data=\"https:\/\/www.rfv-huenfeld.de\/wp\/wp-content\/uploads\/2025\/11\/TurnierTeam2026.pdf\" type=\"application\/pdf\" style=\"width:100%;height:600px\" aria-label=\"Einbettung von TurnierTeam2026.\"><\/object><a id=\"wp-block-file--media-75212863-fd1e-4c6f-9ebb-6351d580c2d8\" href=\"https:\/\/www.rfv-huenfeld.de\/wp\/wp-content\/uploads\/2025\/11\/TurnierTeam2026.pdf\">TurnierTeam2026<\/a><a href=\"https:\/\/www.rfv-huenfeld.de\/wp\/wp-content\/uploads\/2025\/11\/TurnierTeam2026.pdf\" class=\"wp-block-file__button wp-element-button\" download aria-describedby=\"wp-block-file--media-75212863-fd1e-4c6f-9ebb-6351d580c2d8\">Herunterladen<\/a><\/div>\n\n\n\n<p class=\"wp-block-paragraph\">.<\/p>\n\n\n\n<div data-wp-interactive=\"core\/file\" class=\"wp-block-file\"><object data-wp-bind--hidden=\"!state.hasPdfPreview\" hidden class=\"wp-block-file__embed\" data=\"https:\/\/www.rfv-huenfeld.de\/wp\/wp-content\/uploads\/2025\/11\/Flyer-WBO-Tunier-2026.pdf\" type=\"application\/pdf\" style=\"width:100%;height:600px\" aria-label=\"Einbettung von Flyer WBO- Tunier 2026.\"><\/object><a id=\"wp-block-file--media-64b29b8e-9595-48ec-a67d-dd627e7a36c5\" href=\"https:\/\/www.rfv-huenfeld.de\/wp\/wp-content\/uploads\/2025\/11\/Flyer-WBO-Tunier-2026.pdf\">Flyer WBO- Tunier 2026<\/a><a href=\"https:\/\/www.rfv-huenfeld.de\/wp\/wp-content\/uploads\/2025\/11\/Flyer-WBO-Tunier-2026.pdf\" class=\"wp-block-file__button wp-element-button\" download aria-describedby=\"wp-block-file--media-64b29b8e-9595-48ec-a67d-dd627e7a36c5\">Herunterladen<\/a><\/div>\n\n\n\n<p class=\"wp-block-paragraph\"><\/p>\n\n\n\n<p class=\"wp-block-paragraph\">Genehmigte Ausschreibung WBO am 1. Mai 2026<\/p>\n\n\n\n<div data-wp-interactive=\"core\/file\" class=\"wp-block-file\"><object data-wp-bind--hidden=\"!state.hasPdfPreview\" hidden class=\"wp-block-file__embed\" data=\"https:\/\/www.rfv-huenfeld.de\/wp\/wp-content\/uploads\/2026\/03\/2026-03-23_Ausschreibung-WBO_Huenfeld_genehmigt.pdf\" type=\"application\/pdf\" style=\"width:100%;height:600px\" aria-label=\"Einbettung von 2026-03-23_Ausschreibung WBO_H\u00fcnfeld_genehmigt.\"><\/object><a id=\"wp-block-file--media-70f7cda1-d19f-403b-bb4f-f70131265940\" href=\"https:\/\/www.rfv-huenfeld.de\/wp\/wp-content\/uploads\/2026\/03\/2026-03-23_Ausschreibung-WBO_Huenfeld_genehmigt.pdf\">2026-03-23_Ausschreibung WBO_H\u00fcnfeld_genehmigt<\/a><a href=\"https:\/\/www.rfv-huenfeld.de\/wp\/wp-content\/uploads\/2026\/03\/2026-03-23_Ausschreibung-WBO_Huenfeld_genehmigt.pdf\" class=\"wp-block-file__button wp-element-button\" download aria-describedby=\"wp-block-file--media-70f7cda1-d19f-403b-bb4f-f70131265940\">Herunterladen<\/a><\/div>\n\n\n\n<div data-wp-interactive=\"core\/file\" class=\"wp-block-file\"><object data-wp-bind--hidden=\"!state.hasPdfPreview\" hidden class=\"wp-block-file__embed\" data=\"https:\/\/www.rfv-huenfeld.de\/wp\/wp-content\/uploads\/2025\/11\/Flyer-Dressur-und-Springturnier-2026.pdf\" type=\"application\/pdf\" style=\"width:100%;height:600px\" aria-label=\"Einbettung von Flyer Dressur- und Springturnier 2026.\"><\/object><a id=\"wp-block-file--media-9f08f4e3-ee84-49cb-92bb-75a255e88708\" href=\"https:\/\/www.rfv-huenfeld.de\/wp\/wp-content\/uploads\/2025\/11\/Flyer-Dressur-und-Springturnier-2026.pdf\">Flyer Dressur- und Springturnier 2026<\/a><a href=\"https:\/\/www.rfv-huenfeld.de\/wp\/wp-content\/uploads\/2025\/11\/Flyer-Dressur-und-Springturnier-2026.pdf\" class=\"wp-block-file__button wp-element-button\" download aria-describedby=\"wp-block-file--media-9f08f4e3-ee84-49cb-92bb-75a255e88708\">Herunterladen<\/a><\/div>\n\n\n\n<p class=\"wp-block-paragraph\">.<\/p>\n\n\n\n<div data-wp-interactive=\"core\/file\" class=\"wp-block-file\"><object data-wp-bind--hidden=\"!state.hasPdfPreview\" hidden class=\"wp-block-file__embed\" data=\"https:\/\/www.rfv-huenfeld.de\/wp\/wp-content\/uploads\/2025\/11\/Flyer-Vielseitigkeitsturnier-2026.pdf\" type=\"application\/pdf\" style=\"width:100%;height:600px\" aria-label=\"Einbettung von Flyer Vielseitigkeitsturnier 2026.\"><\/object><a id=\"wp-block-file--media-a64f87ee-80e1-4051-accf-a724a7821530\" href=\"https:\/\/www.rfv-huenfeld.de\/wp\/wp-content\/uploads\/2025\/11\/Flyer-Vielseitigkeitsturnier-2026.pdf\">Flyer Vielseitigkeitsturnier 2026<\/a><a href=\"https:\/\/www.rfv-huenfeld.de\/wp\/wp-content\/uploads\/2025\/11\/Flyer-Vielseitigkeitsturnier-2026.pdf\" class=\"wp-block-file__button wp-element-button\" download aria-describedby=\"wp-block-file--media-a64f87ee-80e1-4051-accf-a724a7821530\">Herunterladen<\/a><\/div>\n","protected":false},"excerpt":{"rendered":"<p>Auch im Jahr 2026 hat unser Verein wieder viele Veranstaltungen und darunter 3 Reitturniere geplant. Hier die Termine: 01.05.2026 WBO-Turnier mit Einsteiger- und Spa\u00dfwettbewerben25.\/26.07.2026 Dressur- und Springturnier31.07.-02.08.2026 Vielseitigkeitsturnier Bitte tragt euch diese Termine fest in eurem Kalender ein, damit ihr mit von der Partie(y) seid. Wie immer werden viele flei\u00dfige Helfer gebraucht, um Reitern, Pferden &hellip; <a href=\"https:\/\/www.rfv-huenfeld.de\/wp\/?page_id=5763\" class=\"more-link\"><span class=\"screen-reader-text\">Turniere 2026<\/span> weiterlesen <span class=\"meta-nav\">&rarr;<\/span><\/a><\/p>\n","protected":false},"author":2,"featured_media":0,"parent":1186,"menu_order":13,"comment_status":"closed","ping_status":"closed","template":"","meta":{"_crdt_document":"","footnotes":""},"class_list":["post-5763","page","type-page","status-publish","hentry"],"_links":{"self":[{"href":"https:\/\/www.rfv-huenfeld.de\/wp\/index.php?rest_route=\/wp\/v2\/pages\/5763","targetHints":{"allow":["GET"]}}],"collection":[{"href":"https:\/\/www.rfv-huenfeld.de\/wp\/index.php?rest_route=\/wp\/v2\/pages"}],"about":[{"href":"https:\/\/www.rfv-huenfeld.de\/wp\/index.php?rest_route=\/wp\/v2\/types\/page"}],"author":[{"embeddable":true,"href":"https:\/\/www.rfv-huenfeld.de\/wp\/index.php?rest_route=\/wp\/v2\/users\/2"}],"replies":[{"embeddable":true,"href":"https:\/\/www.rfv-huenfeld.de\/wp\/index.php?rest_route=%2Fwp%2Fv2%2Fcomments&post=5763"}],"version-history":[{"count":10,"href":"https:\/\/www.rfv-huenfeld.de\/wp\/index.php?rest_route=\/wp\/v2\/pages\/5763\/revisions"}],"predecessor-version":[{"id":5993,"href":"https:\/\/www.rfv-huenfeld.de\/wp\/index.php?rest_route=\/wp\/v2\/pages\/5763\/revisions\/5993"}],"up":[{"embeddable":true,"href":"https:\/\/www.rfv-huenfeld.de\/wp\/index.php?rest_route=\/wp\/v2\/pages\/1186"}],"wp:attachment":[{"href":"https:\/\/www.rfv-huenfeld.de\/wp\/index.php?rest_route=%2Fwp%2Fv2%2Fmedia&parent=5763"}],"curies":[{"name":"wp","href":"https:\/\/api.w.org\/{rel}","templated":true}]}}